{"id":16634,"date":"2026-01-21T19:49:26","date_gmt":"2026-01-21T18:49:26","guid":{"rendered":"https:\/\/thequeenhouse.co.uk\/?post_type=product&#038;p=16634"},"modified":"2026-01-21T20:10:44","modified_gmt":"2026-01-21T19:10:44","slug":"namu-kvapo-naturalios-bamboo-lazdeles-10vnt-pakuote-30cm-copy-copy","status":"publish","type":"product","link":"https:\/\/thequeenhouse.co.uk\/lt\/produktas\/namu-kvapo-naturalios-bamboo-lazdeles-10vnt-pakuote-30cm-copy-copy\/","title":{"rendered":"Secret Queen &#8211; ,,Banguota Graikija&#8221; Kvap\u0173 Difuzoriaus Indas \u2013 1 litro Prabangus Stiklinis Indas"},"content":{"rendered":"<p data-start=\"334\" data-end=\"571\">Pasinerkite \u012f prabangos pasaul\u012f su <strong data-start=\"369\" data-end=\"418\">\u201eSecret Queen\u201c 1 litro kvap\u0173 difuzoriaus indu<\/strong> \u2013 tai <strong data-start=\"425\" data-end=\"440\">extra large<\/strong> dyd\u017eio <strong data-start=\"448\" data-end=\"481\">stiklinis difuzoriaus butelis<\/strong>, kuris tampa ne tik kvap\u0173 sklaidos priemone, bet ir <strong data-start=\"534\" data-end=\"570\">i\u0161skirtine nam\u0173 interjero detale<\/strong>.<\/p>\n<p data-start=\"573\" data-end=\"932\">Pagamintas i\u0161 <strong data-start=\"587\" data-end=\"613\">auk\u0161tos kokyb\u0117s stiklo<\/strong>, \u0161is <strong data-start=\"619\" data-end=\"658\">apotekos stiliaus difuzoriaus indas<\/strong> pasi\u017eymi laikui nepavald\u017eiu dizainu ir puikiai dera tiek moderniuose, tiek klasikiniuose ar prabangiuose interjeruose. <strong data-start=\"778\" data-end=\"805\">1 litro (1000 ml) talpa<\/strong> leid\u017eia sutalpinti net <strong data-start=\"829\" data-end=\"850\">1 L kvap\u0173 skys\u010dio<\/strong>, tod\u0117l kvapas namuose i\u0161lieka ilg\u0105 laik\u0105 ir tolygiai pasklinda didesn\u0117se erdv\u0117se.<\/p>\n<p data-start=\"934\" data-end=\"1117\">Butelis komplektuojamas su <strong data-start=\"961\" data-end=\"982\">stikliniu kam\u0161\u010diu<\/strong>, kuris padeda i\u0161laikyti kvapo intensyvum\u0105 ir \u0161vie\u017eum\u0105. Kam\u0161tis lengvai nuimamas ir u\u017ededamas, tod\u0117l ind\u0105 patogu pildyti bei papildyti.<\/p>\n<p data-start=\"1119\" data-end=\"1387\">\u26a0\ufe0f <strong data-start=\"1122\" data-end=\"1159\">Svarbi informacija apie siuntim\u0105:<\/strong><br data-start=\"1159\" data-end=\"1162\" \/>stiklinis kam\u0161tis n\u0117ra pakankamai sandarus, kad transportavimo metu visi\u0161kai apsaugot\u0173 nuo i\u0161siliejimo. D\u0117l \u0161ios prie\u017easties, <strong data-start=\"1288\" data-end=\"1317\">pasirinkus kvap\u0105 atskirai<\/strong>, kvap\u0173 skystis siun\u010diamas <strong data-start=\"1344\" data-end=\"1386\">atskirai \u2013 1 litro papildymo pakuot\u0117je<\/strong>.<\/p>\n<p data-start=\"1389\" data-end=\"1574\">\ud83d\udda4 <strong data-start=\"1392\" data-end=\"1479\">\u201eSecret Queen\u201c kvap\u0173 difuzoriaus indas parduodamas kaip tu\u0161\u010dias \u2013 be kvapo skys\u010dio.<\/strong><br data-start=\"1479\" data-end=\"1482\" \/>Kvap\u0173 skyst\u012f galite \u012fsigyti atskirai i\u0161 m\u016bs\u0173 kvap\u0173 asortimento arba naudoti savo pasirinkt\u0105.<\/p>\n<p data-start=\"1576\" data-end=\"1769\">\u26ab <strong data-start=\"1578\" data-end=\"1611\">Lazdel\u0117s \u012f komplekt\u0105 ne\u012feina.<\/strong> \u0160iai <strong data-start=\"1617\" data-end=\"1635\">1 litro talpai<\/strong> rekomenduojamos <strong data-start=\"1652\" data-end=\"1690\">60 cm auk\u0161\u010dio difuzoriaus lazdel\u0117s<\/strong>, kurias taip pat galite \u012fsigyti pas mus \u2013 jas rasite <strong data-start=\"1744\" data-end=\"1759\">Accessories<\/strong> skiltyje.<\/p>\n","protected":false},"excerpt":{"rendered":"<p data-start=\"334\" data-end=\"571\">Pasinerkite \u012f prabangos pasaul\u012f su <strong data-start=\"369\" data-end=\"418\">\u201eSecret Queen\u201c 1 litro kvap\u0173 difuzoriaus indu<\/strong> \u2013 tai <strong data-start=\"425\" data-end=\"440\">extra large<\/strong> dyd\u017eio <strong data-start=\"448\" data-end=\"481\">stiklinis difuzoriaus butelis<\/strong>, kuris tampa ne tik kvap\u0173 sklaidos priemone, bet ir <strong data-start=\"534\" data-end=\"570\">i\u0161skirtine nam\u0173 interjero detale<\/strong>.<\/p>\n<p data-start=\"573\" data-end=\"932\">Pagamintas i\u0161 <strong data-start=\"587\" data-end=\"613\">auk\u0161tos kokyb\u0117s stiklo<\/strong>, \u0161is <strong data-start=\"619\" data-end=\"658\">apotekos stiliaus difuzoriaus indas<\/strong> pasi\u017eymi laikui nepavald\u017eiu dizainu ir puikiai dera tiek moderniuose, tiek klasikiniuose ar prabangiuose interjeruose. <strong data-start=\"778\" data-end=\"805\">1 litro (1000 ml) talpa<\/strong> leid\u017eia sutalpinti net <strong data-start=\"829\" data-end=\"850\">1 L kvap\u0173 skys\u010dio<\/strong>, tod\u0117l kvapas namuose i\u0161lieka ilg\u0105 laik\u0105 ir tolygiai pasklinda didesn\u0117se erdv\u0117se.<\/p>\n<p data-start=\"934\" data-end=\"1117\">Butelis komplektuojamas su <strong data-start=\"961\" data-end=\"982\">stikliniu kam\u0161\u010diu<\/strong>, kuris padeda i\u0161laikyti kvapo intensyvum\u0105 ir \u0161vie\u017eum\u0105. Kam\u0161tis lengvai nuimamas ir u\u017ededamas, tod\u0117l ind\u0105 patogu pildyti bei papildyti.<\/p>\n<p data-start=\"1119\" data-end=\"1387\">\u26a0\ufe0f <strong data-start=\"1122\" data-end=\"1159\">Svarbi informacija apie siuntim\u0105:<\/strong><br data-start=\"1159\" data-end=\"1162\" \/>stiklinis kam\u0161tis n\u0117ra pakankamai sandarus, kad transportavimo metu visi\u0161kai apsaugot\u0173 nuo i\u0161siliejimo. D\u0117l \u0161ios prie\u017easties, <strong data-start=\"1288\" data-end=\"1317\">pasirinkus kvap\u0105 atskirai<\/strong>, kvap\u0173 skystis siun\u010diamas <strong data-start=\"1344\" data-end=\"1386\">atskirai \u2013 1 litro papildymo pakuot\u0117je<\/strong>.<\/p>\n<p data-start=\"1389\" data-end=\"1574\">\ud83d\udda4 <strong data-start=\"1392\" data-end=\"1479\">\u201eSecret Queen\u201c kvap\u0173 difuzoriaus indas parduodamas kaip tu\u0161\u010dias \u2013 be kvapo skys\u010dio.<\/strong><br data-start=\"1479\" data-end=\"1482\" \/>Kvap\u0173 skyst\u012f galite \u012fsigyti atskirai i\u0161 m\u016bs\u0173 kvap\u0173 asortimento arba naudoti savo pasirinkt\u0105.<\/p>\n<p data-start=\"1576\" data-end=\"1769\">\u26ab <strong data-start=\"1578\" data-end=\"1611\">Lazdel\u0117s \u012f komplekt\u0105 ne\u012feina.<\/strong> \u0160iai <strong data-start=\"1617\" data-end=\"1635\">1 litro talpai<\/strong> rekomenduojamos <strong data-start=\"1652\" data-end=\"1690\">60 cm auk\u0161\u010dio difuzoriaus lazdel\u0117s<\/strong>, kurias taip pat galite \u012fsigyti pas mus \u2013 jas rasite <strong data-start=\"1744\" data-end=\"1759\">Accessories<\/strong> skiltyje.<\/p>\n","protected":false},"featured_media":16638,"comment_status":"open","ping_status":"closed","template":"","meta":[],"product_brand":[],"product_cat":[44,65,303],"product_tag":[],"class_list":{"0":"post-16634","1":"product","2":"type-product","3":"status-publish","4":"has-post-thumbnail","6":"product_cat-namams","7":"product_cat-namu-kvapai","8":"product_cat-priedai","10":"first","11":"instock","12":"taxable","13":"shipping-taxable","14":"purchasable","15":"product-type-simple"},"_links":{"self":[{"href":"https:\/\/thequeenhouse.co.uk\/lt\/wp-json\/wp\/v2\/product\/16634","targetHints":{"allow":["GET"]}}],"collection":[{"href":"https:\/\/thequeenhouse.co.uk\/lt\/wp-json\/wp\/v2\/product"}],"about":[{"href":"https:\/\/thequeenhouse.co.uk\/lt\/wp-json\/wp\/v2\/types\/product"}],"replies":[{"embeddable":true,"href":"https:\/\/thequeenhouse.co.uk\/lt\/wp-json\/wp\/v2\/comments?post=16634"}],"wp:featuredmedia":[{"embeddable":true,"href":"https:\/\/thequeenhouse.co.uk\/lt\/wp-json\/wp\/v2\/media\/16638"}],"wp:attachment":[{"href":"https:\/\/thequeenhouse.co.uk\/lt\/wp-json\/wp\/v2\/media?parent=16634"}],"wp:term":[{"taxonomy":"product_brand","embeddable":true,"href":"https:\/\/thequeenhouse.co.uk\/lt\/wp-json\/wp\/v2\/product_brand?post=16634"},{"taxonomy":"product_cat","embeddable":true,"href":"https:\/\/thequeenhouse.co.uk\/lt\/wp-json\/wp\/v2\/product_cat?post=16634"},{"taxonomy":"product_tag","embeddable":true,"href":"https:\/\/thequeenhouse.co.uk\/lt\/wp-json\/wp\/v2\/product_tag?post=16634"}],"curies":[{"name":"wp","href":"https:\/\/api.w.org\/{rel}","templated":true}]}}