{"id":16697,"date":"2026-02-11T12:32:08","date_gmt":"2026-02-11T11:32:08","guid":{"rendered":"https:\/\/thequeenhouse.co.uk\/?post_type=product&#038;p=16697"},"modified":"2026-02-11T12:44:31","modified_gmt":"2026-02-11T11:44:31","slug":"once-kvepalai-lorev-eau-de-parfum-intense-100ml-copy-3","status":"publish","type":"product","link":"https:\/\/thequeenhouse.co.uk\/lt\/produktas\/once-kvepalai-lorev-eau-de-parfum-intense-100ml-copy-3\/","title":{"rendered":"ONCE kvepalai \u2013 Lorev Eau De Parfum Intense 100ml Rinkinys"},"content":{"rendered":"","protected":false},"excerpt":{"rendered":"<p data-start=\"250\" data-end=\"404\">Prabangus <strong data-start=\"260\" data-end=\"274\">ONCE LOREV<\/strong> rinkinys \u2013 tai kvietimas patirti \u0161viesos ir dr\u0105sos susiliejim\u0105. Tobula dovana ypatingai moteriai arba prabangus pasirinkimas sau.<\/p>\n<h3 data-start=\"406\" data-end=\"424\">Rinkin\u012f sudaro<\/h3>\n<ul data-start=\"425\" data-end=\"549\">\n<li data-start=\"425\" data-end=\"454\">\n<p data-start=\"427\" data-end=\"454\">100 ml kvepal\u0173 buteliukas<\/p>\n<\/li>\n<li data-start=\"455\" data-end=\"494\">\n<p data-start=\"457\" data-end=\"494\">10 ml kelioninis kvepal\u0173 buteliukas<\/p>\n<\/li>\n<li data-start=\"495\" data-end=\"521\">\n<p data-start=\"497\" data-end=\"521\">firmin\u0117 ONCE kosmetin\u0117<\/p>\n<\/li>\n<li data-start=\"522\" data-end=\"549\">\n<p data-start=\"524\" data-end=\"549\">eleganti\u0161ka dovan\u0173 d\u0117\u017eut\u0117<\/p>\n<\/li>\n<\/ul>\n<h3 data-start=\"551\" data-end=\"572\">Kvapo charakteris<\/h3>\n<p data-start=\"573\" data-end=\"678\">Tai kompozicija, kurioje susilieja turtingos baltos g\u0117l\u0117s, svaiginantys \u017eiedlapiai ir aksominis muskusas.<\/p>\n<h3 data-start=\"680\" data-end=\"689\">Natos<\/h3>\n<p data-start=\"690\" data-end=\"865\"><strong data-start=\"690\" data-end=\"705\">Vir\u0161utin\u0117s:<\/strong> bij\u016bnas, violetin\u0117 frezija, persikas, ro\u017einis pipiras.<br data-start=\"760\" data-end=\"763\" \/><strong data-start=\"763\" data-end=\"777\">Vidurin\u0117s:<\/strong> arabinis jazminaitis, tuberoza, apelsin\u0173 \u017eiedai.<br data-start=\"826\" data-end=\"829\" \/><strong data-start=\"829\" data-end=\"841\">Bazin\u0117s:<\/strong> pa\u010diuliai, vetiverijos.<\/p>\n<h3 data-start=\"867\" data-end=\"881\">Parfumeris<\/h3>\n<p data-start=\"882\" data-end=\"1100\">Kvap\u0105 suk\u016br\u0117 parfumeris <strong data-start=\"906\" data-end=\"923\">Lucas Sieuzac<\/strong> \u2013 k\u016br\u0117jas, gars\u0117jantis smalsumu, originalumu ir aistra eksperimentams. Jam kvapai \u2013 tai emocij\u0173 kalba, leid\u017eianti kiekvienam \u017emogui aromat\u0105 paversti savu, unikaliu prisiminimu.<\/p>\n<h3 data-start=\"1102\" data-end=\"1121\">ONCE filosofija<\/h3>\n<p data-start=\"1122\" data-end=\"1308\">ONCE kvapai sukurti tam, kad papasakot\u0173 <strong data-start=\"1162\" data-end=\"1179\">J\u016bs\u0173 istorij\u0105<\/strong>. Vos keli la\u0161ai gali i\u0161reik\u0161ti prisiminimus, emocijas ir asmenyb\u0117s bruo\u017eus. Kiekviena kompozicija \u2013 i\u0161skirtin\u0117 ir nepakartojama.<\/p>\n<p data-start=\"1310\" data-end=\"1383\">Ilgai i\u0161liekantis aromatas, supakuotas prabangiai \u2013 ideali dovanos id\u0117ja.<\/p>\n<p data-start=\"1385\" data-end=\"1409\"><strong data-start=\"1385\" data-end=\"1409\">Pagaminta Italijoje.<\/strong><\/p>\n","protected":false},"featured_media":16699,"comment_status":"open","ping_status":"closed","template":"","meta":[],"product_brand":[],"product_cat":[43,319,236],"product_tag":[],"class_list":{"0":"post-16697","1":"product","2":"type-product","3":"status-publish","4":"has-post-thumbnail","6":"product_cat-grozis","7":"product_cat-kvepalai","8":"product_cat-populiaru","10":"first","11":"instock","12":"taxable","13":"shipping-taxable","14":"purchasable","15":"product-type-simple"},"_links":{"self":[{"href":"https:\/\/thequeenhouse.co.uk\/lt\/wp-json\/wp\/v2\/product\/16697","targetHints":{"allow":["GET"]}}],"collection":[{"href":"https:\/\/thequeenhouse.co.uk\/lt\/wp-json\/wp\/v2\/product"}],"about":[{"href":"https:\/\/thequeenhouse.co.uk\/lt\/wp-json\/wp\/v2\/types\/product"}],"replies":[{"embeddable":true,"href":"https:\/\/thequeenhouse.co.uk\/lt\/wp-json\/wp\/v2\/comments?post=16697"}],"wp:featuredmedia":[{"embeddable":true,"href":"https:\/\/thequeenhouse.co.uk\/lt\/wp-json\/wp\/v2\/media\/16699"}],"wp:attachment":[{"href":"https:\/\/thequeenhouse.co.uk\/lt\/wp-json\/wp\/v2\/media?parent=16697"}],"wp:term":[{"taxonomy":"product_brand","embeddable":true,"href":"https:\/\/thequeenhouse.co.uk\/lt\/wp-json\/wp\/v2\/product_brand?post=16697"},{"taxonomy":"product_cat","embeddable":true,"href":"https:\/\/thequeenhouse.co.uk\/lt\/wp-json\/wp\/v2\/product_cat?post=16697"},{"taxonomy":"product_tag","embeddable":true,"href":"https:\/\/thequeenhouse.co.uk\/lt\/wp-json\/wp\/v2\/product_tag?post=16697"}],"curies":[{"name":"wp","href":"https:\/\/api.w.org\/{rel}","templated":true}]}}