{"id":16702,"date":"2026-02-11T12:48:11","date_gmt":"2026-02-11T11:48:11","guid":{"rendered":"https:\/\/thequeenhouse.co.uk\/?post_type=product&#038;p=16702"},"modified":"2026-02-11T12:57:35","modified_gmt":"2026-02-11T11:57:35","slug":"saphir-expresso-noir-edp-parfum-100-ml-copy-2","status":"publish","type":"product","link":"https:\/\/thequeenhouse.co.uk\/lt\/produktas\/saphir-expresso-noir-edp-parfum-100-ml-copy-2\/","title":{"rendered":"Saphir &#8211; Mare Divino Eau de Parfum 100 ml"},"content":{"rendered":"<h3 data-start=\"144\" data-end=\"209\"><strong data-start=\"148\" data-end=\"209\"><span class=\"hover:entity-accent entity-underline inline cursor-pointer align-baseline\"><span class=\"whitespace-normal\">SAPHIR Mare Divino<\/span><\/span> Eau de Parfum \u2013 I\u0161rai\u0161kingas kvapas be \u017eod\u017ei\u0173 \ud83d\udda4<\/strong><\/h3>\n<p data-start=\"194\" data-end=\"439\">Leiskit\u0117s \u012f poj\u016b\u010di\u0173 kelion\u0119 palei saul\u0117s nutviekst\u0105 pakrant\u0119, kur v\u0117jas \u0161velniai supa bangas, o oras prisipildo gaivios j\u016bros energijos. <strong data-start=\"331\" data-end=\"353\">SAPHIR Mare Divino<\/strong> \u2013 tai \u0161varos, lengvumo ir subtilaus viliojimo aromatas, tinkantis tiek jai, tiek jam.<\/p>\n<p data-start=\"441\" data-end=\"615\">Kvapas idealiai dera \u017emon\u0117ms, vertinantiems gaivum\u0105, elegancij\u0105 ir kasdien\u012f komfort\u0105. Jis suteikia gyvybingumo, \u0161viesos poj\u016bt\u012f ir palieka rafinuot\u0105, ilgai i\u0161liekant\u012f p\u0117dsak\u0105.<\/p>\n<h3 data-start=\"617\" data-end=\"632\">Kvapo natos<\/h3>\n<p data-start=\"633\" data-end=\"772\"><strong data-start=\"633\" data-end=\"648\">Vir\u0161utin\u0117s:<\/strong> citrina, ambra.<br data-start=\"664\" data-end=\"667\" \/><strong data-start=\"667\" data-end=\"681\">Vidurin\u0117s:<\/strong> j\u016bros dumbliai, j\u016brin\u0117s natos, ambra.<br data-start=\"719\" data-end=\"722\" \/><strong data-start=\"722\" data-end=\"734\">Bazin\u0117s:<\/strong> muskusas, kedras, ambra, ambroksanas.<\/p>\n<p data-start=\"774\" data-end=\"844\">Pasinerkite \u012f j\u016bros pasaul\u012f ir pajuskite \u0161io unikalaus aromato magij\u0105.<\/p>\n","protected":false},"excerpt":{"rendered":"<h3 data-start=\"144\" data-end=\"209\"><strong data-start=\"148\" data-end=\"209\"><span class=\"hover:entity-accent entity-underline inline cursor-pointer align-baseline\"><span class=\"whitespace-normal\">SAPHIR Mare Divino<\/span><\/span> Eau de Parfum \u2013 I\u0161rai\u0161kingas kvapas be \u017eod\u017ei\u0173 \ud83d\udda4<\/strong><\/h3>\n<p data-start=\"194\" data-end=\"439\">Leiskit\u0117s \u012f poj\u016b\u010di\u0173 kelion\u0119 palei saul\u0117s nutviekst\u0105 pakrant\u0119, kur v\u0117jas \u0161velniai supa bangas, o oras prisipildo gaivios j\u016bros energijos. <strong data-start=\"331\" data-end=\"353\">SAPHIR Mare Divino<\/strong> \u2013 tai \u0161varos, lengvumo ir subtilaus viliojimo aromatas, tinkantis tiek jai, tiek jam.<\/p>\n<p data-start=\"441\" data-end=\"615\">Kvapas idealiai dera \u017emon\u0117ms, vertinantiems gaivum\u0105, elegancij\u0105 ir kasdien\u012f komfort\u0105. Jis suteikia gyvybingumo, \u0161viesos poj\u016bt\u012f ir palieka rafinuot\u0105, ilgai i\u0161liekant\u012f p\u0117dsak\u0105.<\/p>\n<h3 data-start=\"617\" data-end=\"632\">Kvapo natos<\/h3>\n<p data-start=\"633\" data-end=\"772\"><strong data-start=\"633\" data-end=\"648\">Vir\u0161utin\u0117s:<\/strong> citrina, ambra.<br data-start=\"664\" data-end=\"667\" \/><strong data-start=\"667\" data-end=\"681\">Vidurin\u0117s:<\/strong> j\u016bros dumbliai, j\u016brin\u0117s natos, ambra.<br data-start=\"719\" data-end=\"722\" \/><strong data-start=\"722\" data-end=\"734\">Bazin\u0117s:<\/strong> muskusas, kedras, ambra, ambroksanas.<\/p>\n<p data-start=\"774\" data-end=\"844\">Pasinerkite \u012f j\u016bros pasaul\u012f ir pajuskite \u0161io unikalaus aromato magij\u0105.<\/p>\n","protected":false},"featured_media":16704,"comment_status":"open","ping_status":"closed","template":"","meta":[],"product_brand":[],"product_cat":[43,319],"product_tag":[],"class_list":{"0":"post-16702","1":"product","2":"type-product","3":"status-publish","4":"has-post-thumbnail","6":"product_cat-grozis","7":"product_cat-kvepalai","9":"first","10":"instock","11":"taxable","12":"shipping-taxable","13":"purchasable","14":"product-type-simple"},"_links":{"self":[{"href":"https:\/\/thequeenhouse.co.uk\/lt\/wp-json\/wp\/v2\/product\/16702","targetHints":{"allow":["GET"]}}],"collection":[{"href":"https:\/\/thequeenhouse.co.uk\/lt\/wp-json\/wp\/v2\/product"}],"about":[{"href":"https:\/\/thequeenhouse.co.uk\/lt\/wp-json\/wp\/v2\/types\/product"}],"replies":[{"embeddable":true,"href":"https:\/\/thequeenhouse.co.uk\/lt\/wp-json\/wp\/v2\/comments?post=16702"}],"wp:featuredmedia":[{"embeddable":true,"href":"https:\/\/thequeenhouse.co.uk\/lt\/wp-json\/wp\/v2\/media\/16704"}],"wp:attachment":[{"href":"https:\/\/thequeenhouse.co.uk\/lt\/wp-json\/wp\/v2\/media?parent=16702"}],"wp:term":[{"taxonomy":"product_brand","embeddable":true,"href":"https:\/\/thequeenhouse.co.uk\/lt\/wp-json\/wp\/v2\/product_brand?post=16702"},{"taxonomy":"product_cat","embeddable":true,"href":"https:\/\/thequeenhouse.co.uk\/lt\/wp-json\/wp\/v2\/product_cat?post=16702"},{"taxonomy":"product_tag","embeddable":true,"href":"https:\/\/thequeenhouse.co.uk\/lt\/wp-json\/wp\/v2\/product_tag?post=16702"}],"curies":[{"name":"wp","href":"https:\/\/api.w.org\/{rel}","templated":true}]}}