{"id":16706,"date":"2026-02-11T12:58:34","date_gmt":"2026-02-11T11:58:34","guid":{"rendered":"https:\/\/thequeenhouse.co.uk\/?post_type=product&#038;p=16706"},"modified":"2026-02-11T13:05:04","modified_gmt":"2026-02-11T12:05:04","slug":"wabi-kvepalai-moterims-pure-delight-01-eau-de-parfum-50-ml-copy","status":"publish","type":"product","link":"https:\/\/thequeenhouse.co.uk\/lt\/produktas\/wabi-kvepalai-moterims-pure-delight-01-eau-de-parfum-50-ml-copy\/","title":{"rendered":"WABI \u2013 Kvepalai Moterims Cream Dream (23) Eau De Parfum (50 ml)"},"content":{"rendered":"<p data-start=\"202\" data-end=\"385\"><strong data-start=\"202\" data-end=\"217\">CREAM DREAM<\/strong> \u2013 ry\u0161kus, energingas ir nepaprastai moteri\u0161kas aromatas. Tai kvapas dr\u0105siai, savimi pasitikin\u010diai moteriai, kuri spinduliuoja gyvenimo aistr\u0105 ir m\u0117gsta b\u016bti pasteb\u0117ta.<\/p>\n<p data-start=\"387\" data-end=\"536\">Vaisi\u0173 ir g\u0117li\u0173 derinys kuria pakyl\u0117t\u0105 nuotaik\u0105, suteikia pozityvios energijos ir pabr\u0117\u017eia moteri\u0161k\u0105 \u017eaves\u012f. Puikiai tinka tiek dienai, tiek vakarui.<\/p>\n<h3 data-start=\"538\" data-end=\"553\">Kvapo natos<\/h3>\n<p data-start=\"554\" data-end=\"735\"><strong data-start=\"554\" data-end=\"569\">Vir\u0161utin\u0117s:<\/strong> kriau\u0161\u0117, agrastas, ro\u017einiai pipirai, greipfrutas.<br data-start=\"619\" data-end=\"622\" \/><strong data-start=\"622\" data-end=\"636\">Vidurin\u0117s:<\/strong> ananasas, ro\u017e\u0117, jazminas, heliotropas.<br data-start=\"675\" data-end=\"678\" \/><strong data-start=\"678\" data-end=\"690\">Bazin\u0117s:<\/strong> vanil\u0117, kedras, gintarin\u0117 mediena, pa\u010diulis.<\/p>\n<h3 data-start=\"737\" data-end=\"752\">Kvapo tipas<\/h3>\n<p data-start=\"753\" data-end=\"767\">Vaisi\u0173, g\u0117li\u0173.<\/p>\n<p data-start=\"769\" data-end=\"865\">Tai vienas i\u0161 t\u0173 aromat\u0173, kurie pakelia nuotaik\u0105 ir suteikia pasitik\u0117jimo kiekviename \u017eingsnyje.<\/p>\n","protected":false},"excerpt":{"rendered":"<p data-start=\"202\" data-end=\"385\"><strong data-start=\"202\" data-end=\"217\">CREAM DREAM<\/strong> \u2013 ry\u0161kus, energingas ir nepaprastai moteri\u0161kas aromatas. Tai kvapas dr\u0105siai, savimi pasitikin\u010diai moteriai, kuri spinduliuoja gyvenimo aistr\u0105 ir m\u0117gsta b\u016bti pasteb\u0117ta.<\/p>\n<p data-start=\"387\" data-end=\"536\">Vaisi\u0173 ir g\u0117li\u0173 derinys kuria pakyl\u0117t\u0105 nuotaik\u0105, suteikia pozityvios energijos ir pabr\u0117\u017eia moteri\u0161k\u0105 \u017eaves\u012f. Puikiai tinka tiek dienai, tiek vakarui.<\/p>\n<h3 data-start=\"538\" data-end=\"553\">Kvapo natos<\/h3>\n<p data-start=\"554\" data-end=\"735\"><strong data-start=\"554\" data-end=\"569\">Vir\u0161utin\u0117s:<\/strong> kriau\u0161\u0117, agrastas, ro\u017einiai pipirai, greipfrutas.<br data-start=\"619\" data-end=\"622\" \/><strong data-start=\"622\" data-end=\"636\">Vidurin\u0117s:<\/strong> ananasas, ro\u017e\u0117, jazminas, heliotropas.<br data-start=\"675\" data-end=\"678\" \/><strong data-start=\"678\" data-end=\"690\">Bazin\u0117s:<\/strong> vanil\u0117, kedras, gintarin\u0117 mediena, pa\u010diulis.<\/p>\n<h3 data-start=\"737\" data-end=\"752\">Kvapo tipas<\/h3>\n<p data-start=\"753\" data-end=\"767\">Vaisi\u0173, g\u0117li\u0173.<\/p>\n<p data-start=\"769\" data-end=\"865\">Tai vienas i\u0161 t\u0173 aromat\u0173, kurie pakelia nuotaik\u0105 ir suteikia pasitik\u0117jimo kiekviename \u017eingsnyje.<\/p>\n","protected":false},"featured_media":16708,"comment_status":"open","ping_status":"closed","template":"","meta":[],"product_brand":[],"product_cat":[43,319],"product_tag":[],"class_list":{"0":"post-16706","1":"product","2":"type-product","3":"status-publish","4":"has-post-thumbnail","6":"product_cat-grozis","7":"product_cat-kvepalai","9":"first","10":"instock","11":"taxable","12":"shipping-taxable","13":"purchasable","14":"product-type-simple"},"_links":{"self":[{"href":"https:\/\/thequeenhouse.co.uk\/lt\/wp-json\/wp\/v2\/product\/16706","targetHints":{"allow":["GET"]}}],"collection":[{"href":"https:\/\/thequeenhouse.co.uk\/lt\/wp-json\/wp\/v2\/product"}],"about":[{"href":"https:\/\/thequeenhouse.co.uk\/lt\/wp-json\/wp\/v2\/types\/product"}],"replies":[{"embeddable":true,"href":"https:\/\/thequeenhouse.co.uk\/lt\/wp-json\/wp\/v2\/comments?post=16706"}],"wp:featuredmedia":[{"embeddable":true,"href":"https:\/\/thequeenhouse.co.uk\/lt\/wp-json\/wp\/v2\/media\/16708"}],"wp:attachment":[{"href":"https:\/\/thequeenhouse.co.uk\/lt\/wp-json\/wp\/v2\/media?parent=16706"}],"wp:term":[{"taxonomy":"product_brand","embeddable":true,"href":"https:\/\/thequeenhouse.co.uk\/lt\/wp-json\/wp\/v2\/product_brand?post=16706"},{"taxonomy":"product_cat","embeddable":true,"href":"https:\/\/thequeenhouse.co.uk\/lt\/wp-json\/wp\/v2\/product_cat?post=16706"},{"taxonomy":"product_tag","embeddable":true,"href":"https:\/\/thequeenhouse.co.uk\/lt\/wp-json\/wp\/v2\/product_tag?post=16706"}],"curies":[{"name":"wp","href":"https:\/\/api.w.org\/{rel}","templated":true}]}}