{"id":16710,"date":"2026-02-11T13:06:11","date_gmt":"2026-02-11T12:06:11","guid":{"rendered":"https:\/\/thequeenhouse.co.uk\/?post_type=product&#038;p=16710"},"modified":"2026-02-11T13:12:43","modified_gmt":"2026-02-11T12:12:43","slug":"wabi-kvepalai-moterims-cream-dream-23-eau-de-parfum-50-ml-copy","status":"publish","type":"product","link":"https:\/\/thequeenhouse.co.uk\/lt\/produktas\/wabi-kvepalai-moterims-cream-dream-23-eau-de-parfum-50-ml-copy\/","title":{"rendered":"WABI \u2013 Kvepalai Moterims DARK ADDICTION (16) Eau De Parfum (50 ml)"},"content":{"rendered":"<p data-start=\"197\" data-end=\"383\"><strong data-start=\"197\" data-end=\"215\">DARK ADDICTION<\/strong> \u2013 kontrast\u0173 kupinas, turtingas ir hipnotizuojantis aromatas. Jis skirtas moteriai, kuri vienodai u\u017etikrintai jau\u010diasi b\u016bdama tiek \u0161velni, tiek ry\u0161ki, tiek paslaptinga.<\/p>\n<p data-start=\"385\" data-end=\"555\">Tai vakaro ir ypating\u0173 prog\u0173 kvapas, paliekantis prabang\u0173, ilgai i\u0161liekant\u012f p\u0117dsak\u0105. Sald\u017eios gurmani\u0161kos natos \u010dia susilieja su g\u0117li\u0173 elegancija ir \u0161iltu gintaro gilumu.<\/p>\n<h3 data-start=\"557\" data-end=\"572\">Kvapo natos<\/h3>\n<p data-start=\"573\" data-end=\"829\"><strong data-start=\"573\" data-end=\"588\">Vir\u0161utin\u0117s:<\/strong> migdolai, kava, bergamot\u0117, citrina.<br data-start=\"624\" data-end=\"627\" \/><strong data-start=\"627\" data-end=\"641\">Vidurin\u0117s:<\/strong> tuberoza, jazminas, irisas, apelsin\u0173 \u017eiedai, bulgari\u0161ka ro\u017e\u0117.<br data-start=\"703\" data-end=\"706\" \/><strong data-start=\"706\" data-end=\"718\">Bazin\u0117s:<\/strong> tonka pupel\u0117s, kakava, vanil\u0117, pralin\u0117, saldymedis, muskusas, gintaras, ka\u0161myras, cinamonas, pa\u010diulis, kedras.<\/p>\n<h3 data-start=\"831\" data-end=\"846\">Kvapo tipas<\/h3>\n<p data-start=\"847\" data-end=\"862\">G\u0117li\u0173, gintaro.<\/p>\n<p data-start=\"864\" data-end=\"965\">Tai aromatas, kuriame dera \u0161viesa ir tamsa, saldumas ir prabanga, gyvybingumas ir gundanti paslaptis.<\/p>\n","protected":false},"excerpt":{"rendered":"<p data-start=\"197\" data-end=\"383\"><strong data-start=\"197\" data-end=\"215\">DARK ADDICTION<\/strong> \u2013 kontrast\u0173 kupinas, turtingas ir hipnotizuojantis aromatas. Jis skirtas moteriai, kuri vienodai u\u017etikrintai jau\u010diasi b\u016bdama tiek \u0161velni, tiek ry\u0161ki, tiek paslaptinga.<\/p>\n<p data-start=\"385\" data-end=\"555\">Tai vakaro ir ypating\u0173 prog\u0173 kvapas, paliekantis prabang\u0173, ilgai i\u0161liekant\u012f p\u0117dsak\u0105. Sald\u017eios gurmani\u0161kos natos \u010dia susilieja su g\u0117li\u0173 elegancija ir \u0161iltu gintaro gilumu.<\/p>\n<h3 data-start=\"557\" data-end=\"572\">Kvapo natos<\/h3>\n<p data-start=\"573\" data-end=\"829\"><strong data-start=\"573\" data-end=\"588\">Vir\u0161utin\u0117s:<\/strong> migdolai, kava, bergamot\u0117, citrina.<br data-start=\"624\" data-end=\"627\" \/><strong data-start=\"627\" data-end=\"641\">Vidurin\u0117s:<\/strong> tuberoza, jazminas, irisas, apelsin\u0173 \u017eiedai, bulgari\u0161ka ro\u017e\u0117.<br data-start=\"703\" data-end=\"706\" \/><strong data-start=\"706\" data-end=\"718\">Bazin\u0117s:<\/strong> tonka pupel\u0117s, kakava, vanil\u0117, pralin\u0117, saldymedis, muskusas, gintaras, ka\u0161myras, cinamonas, pa\u010diulis, kedras.<\/p>\n<h3 data-start=\"831\" data-end=\"846\">Kvapo tipas<\/h3>\n<p data-start=\"847\" data-end=\"862\">G\u0117li\u0173, gintaro.<\/p>\n<p data-start=\"864\" data-end=\"965\">Tai aromatas, kuriame dera \u0161viesa ir tamsa, saldumas ir prabanga, gyvybingumas ir gundanti paslaptis.<\/p>\n","protected":false},"featured_media":16712,"comment_status":"open","ping_status":"closed","template":"","meta":[],"product_brand":[],"product_cat":[43,319],"product_tag":[],"class_list":{"0":"post-16710","1":"product","2":"type-product","3":"status-publish","4":"has-post-thumbnail","6":"product_cat-grozis","7":"product_cat-kvepalai","9":"first","10":"instock","11":"taxable","12":"shipping-taxable","13":"purchasable","14":"product-type-simple"},"_links":{"self":[{"href":"https:\/\/thequeenhouse.co.uk\/lt\/wp-json\/wp\/v2\/product\/16710","targetHints":{"allow":["GET"]}}],"collection":[{"href":"https:\/\/thequeenhouse.co.uk\/lt\/wp-json\/wp\/v2\/product"}],"about":[{"href":"https:\/\/thequeenhouse.co.uk\/lt\/wp-json\/wp\/v2\/types\/product"}],"replies":[{"embeddable":true,"href":"https:\/\/thequeenhouse.co.uk\/lt\/wp-json\/wp\/v2\/comments?post=16710"}],"wp:featuredmedia":[{"embeddable":true,"href":"https:\/\/thequeenhouse.co.uk\/lt\/wp-json\/wp\/v2\/media\/16712"}],"wp:attachment":[{"href":"https:\/\/thequeenhouse.co.uk\/lt\/wp-json\/wp\/v2\/media?parent=16710"}],"wp:term":[{"taxonomy":"product_brand","embeddable":true,"href":"https:\/\/thequeenhouse.co.uk\/lt\/wp-json\/wp\/v2\/product_brand?post=16710"},{"taxonomy":"product_cat","embeddable":true,"href":"https:\/\/thequeenhouse.co.uk\/lt\/wp-json\/wp\/v2\/product_cat?post=16710"},{"taxonomy":"product_tag","embeddable":true,"href":"https:\/\/thequeenhouse.co.uk\/lt\/wp-json\/wp\/v2\/product_tag?post=16710"}],"curies":[{"name":"wp","href":"https:\/\/api.w.org\/{rel}","templated":true}]}}