{"id":16729,"date":"2026-02-11T13:42:56","date_gmt":"2026-02-11T12:42:56","guid":{"rendered":"https:\/\/thequeenhouse.co.uk\/?post_type=product&#038;p=16729"},"modified":"2026-02-11T13:46:42","modified_gmt":"2026-02-11T12:46:42","slug":"roomoi-namu-kvapu-difuzorius-white-caress-500-ml-copy","status":"publish","type":"product","link":"https:\/\/thequeenhouse.co.uk\/lt\/produktas\/roomoi-namu-kvapu-difuzorius-white-caress-500-ml-copy\/","title":{"rendered":"ROOMOI &#8211; Nam\u0173 Kvap\u0173 Difuzoriaus PAPILDYMAS &#8211; WHITE CARESS, 500 ml"},"content":{"rendered":"<p data-start=\"91\" data-end=\"304\">Papildykite m\u0117gstam\u0105 <strong data-start=\"112\" data-end=\"128\">WHITE CARESS<\/strong> nam\u0173 aromat\u0105 ir m\u0117gaukit\u0117s tuo pa\u010diu mink\u0161tu, kreminiu pieno, medaus bei karamel\u0117s \u0161ilumos poj\u016b\u010diu. Kvapas \u0161velniai apgaubia erdves, suteikia jaukumo ir gurmani\u0161kos prabangos.<\/p>\n<p data-start=\"306\" data-end=\"388\">Puikus pasirinkimas, kai norisi atnaujinti difuzori\u0173 nei\u0161si\u017eadant pam\u0117gto aromato.<\/p>\n<p data-start=\"390\" data-end=\"451\"><strong data-start=\"390\" data-end=\"400\">Talpa:<\/strong> 500 ml<br data-start=\"407\" data-end=\"410\" \/>\ud83c\udf81 <strong data-start=\"413\" data-end=\"451\">Dovan\u0173 pridedamos ROOMOI lazdel\u0117s.<\/strong><\/p>\n","protected":false},"excerpt":{"rendered":"<div class=\"ewa-rteLine\">\n<div class=\"flex-1 overflow-hidden @container\/thread\">\n<div class=\"h-full\">\n<div class=\"react-scroll-to-bottom--css-cqnaz-79elbk h-full\">\n<div class=\"react-scroll-to-bottom--css-cqnaz-1n7m0yu\">\n<div class=\"flex flex-col text-sm md:pb-9\">\n<article class=\"w-full scroll-mb-[var(--thread-trailing-height,150px)] text-token-text-primary focus-visible:outline-2 focus-visible:outline-offset-[-4px]\" dir=\"auto\" data-testid=\"conversation-turn-153\" data-scroll-anchor=\"true\">\n<div class=\"m-auto text-base py-[18px] px-3 md:px-4 w-full md:px-5 lg:px-4 xl:px-5\">\n<div class=\"mx-auto flex flex-1 gap-4 text-base md:gap-5 lg:gap-6 md:max-w-3xl lg:max-w-[40rem] xl:max-w-[48rem]\">\n<div class=\"group\/conversation-turn relative flex w-full min-w-0 flex-col agent-turn\">\n<div class=\"flex-col gap-1 md:gap-3\">\n<div class=\"flex max-w-full flex-col flex-grow\">\n<div class=\"min-h-8 text-message flex w-full flex-col items-end gap-2 whitespace-normal break-words text-start [.text-message+&amp;]:mt-5\" dir=\"auto\" data-message-author-role=\"assistant\" data-message-id=\"76f4b7a4-55a9-404c-9681-40cb7cf93789\" data-message-model-slug=\"gpt-4o\">\n<div class=\"flex w-full flex-col gap-1 empty:hidden first:pt-[3px]\">\n<div class=\"markdown prose w-full break-words dark:prose-invert light\">\n<div class=\"ewa-rteLine\">\n<p data-start=\"91\" data-end=\"304\">Papildykite m\u0117gstam\u0105 <strong data-start=\"112\" data-end=\"128\">WHITE CARESS<\/strong> nam\u0173 aromat\u0105 ir m\u0117gaukit\u0117s tuo pa\u010diu mink\u0161tu, kreminiu pieno, medaus bei karamel\u0117s \u0161ilumos poj\u016b\u010diu. Kvapas \u0161velniai apgaubia erdves, suteikia jaukumo ir gurmani\u0161kos prabangos.<\/p>\n<p data-start=\"306\" data-end=\"388\">Puikus pasirinkimas, kai norisi atnaujinti difuzori\u0173 nei\u0161si\u017eadant pam\u0117gto aromato.<\/p>\n<p data-start=\"390\" data-end=\"451\"><strong data-start=\"390\" data-end=\"400\">Talpa:<\/strong> 500 ml<br data-start=\"407\" data-end=\"410\" \/>\ud83c\udf81 <strong data-start=\"413\" data-end=\"451\">Dovan\u0173 pridedamos ROOMOI lazdel\u0117s.<\/strong><\/p>\n<p data-start=\"901\" data-end=\"945\"><strong data-start=\"921\" data-end=\"945\">Pagaminta Italijoje.<\/strong><\/p>\n<\/div>\n<\/div>\n<\/div>\n<\/div>\n<\/div>\n<\/div>\n<\/div>\n<\/div>\n<\/div>\n<\/article>\n<\/div>\n<\/div>\n<\/div>\n<\/div>\n<\/div>\n<\/div>\n","protected":false},"featured_media":16731,"comment_status":"open","ping_status":"closed","template":"","meta":[],"product_brand":[],"product_cat":[44],"product_tag":[],"class_list":{"0":"post-16729","1":"product","2":"type-product","3":"status-publish","4":"has-post-thumbnail","6":"product_cat-namams","8":"first","9":"instock","10":"taxable","11":"shipping-taxable","12":"purchasable","13":"product-type-simple"},"_links":{"self":[{"href":"https:\/\/thequeenhouse.co.uk\/lt\/wp-json\/wp\/v2\/product\/16729","targetHints":{"allow":["GET"]}}],"collection":[{"href":"https:\/\/thequeenhouse.co.uk\/lt\/wp-json\/wp\/v2\/product"}],"about":[{"href":"https:\/\/thequeenhouse.co.uk\/lt\/wp-json\/wp\/v2\/types\/product"}],"replies":[{"embeddable":true,"href":"https:\/\/thequeenhouse.co.uk\/lt\/wp-json\/wp\/v2\/comments?post=16729"}],"wp:featuredmedia":[{"embeddable":true,"href":"https:\/\/thequeenhouse.co.uk\/lt\/wp-json\/wp\/v2\/media\/16731"}],"wp:attachment":[{"href":"https:\/\/thequeenhouse.co.uk\/lt\/wp-json\/wp\/v2\/media?parent=16729"}],"wp:term":[{"taxonomy":"product_brand","embeddable":true,"href":"https:\/\/thequeenhouse.co.uk\/lt\/wp-json\/wp\/v2\/product_brand?post=16729"},{"taxonomy":"product_cat","embeddable":true,"href":"https:\/\/thequeenhouse.co.uk\/lt\/wp-json\/wp\/v2\/product_cat?post=16729"},{"taxonomy":"product_tag","embeddable":true,"href":"https:\/\/thequeenhouse.co.uk\/lt\/wp-json\/wp\/v2\/product_tag?post=16729"}],"curies":[{"name":"wp","href":"https:\/\/api.w.org\/{rel}","templated":true}]}}