{"id":16740,"date":"2026-02-12T08:35:07","date_gmt":"2026-02-12T07:35:07","guid":{"rendered":"https:\/\/thequeenhouse.co.uk\/?post_type=product&#038;p=16740"},"modified":"2026-02-12T08:38:23","modified_gmt":"2026-02-12T07:38:23","slug":"laiseven-duso-gelis-vaniles-kvapo-750ml-copy","status":"publish","type":"product","link":"https:\/\/thequeenhouse.co.uk\/lt\/produktas\/laiseven-duso-gelis-vaniles-kvapo-750ml-copy\/","title":{"rendered":"LAISEVEN &#8211; Du\u0161o Gelis KIWI Kvapo 100ml"},"content":{"rendered":"<p data-start=\"84\" data-end=\"293\">Gaivus ir energizuojantis <strong data-start=\"110\" data-end=\"119\">kivi\u0173<\/strong> aromatas pavers kasdien\u012f du\u0161\u0105 tikra atgaiva k\u016bnui ir poj\u016b\u010diams. Formul\u0117, praturtinta vitaminu E, \u0161velniai valo od\u0105, padeda i\u0161laikyti jos dr\u0117gm\u0119 ir suteikia mink\u0161tumo poj\u016bt\u012f.<\/p>\n<p data-start=\"295\" data-end=\"373\">Puikus pasirinkimas tiems, kurie m\u0117gsta lengvus, vaisi\u0161kai citrusinius kvapus.<\/p>\n<h3 data-start=\"375\" data-end=\"389\">Privalumai<\/h3>\n<ul data-start=\"390\" data-end=\"491\">\n<li data-start=\"390\" data-end=\"420\">\n<p data-start=\"392\" data-end=\"420\">Gaivus citrusinis aromatas<\/p>\n<\/li>\n<li data-start=\"421\" data-end=\"456\">\n<p data-start=\"423\" data-end=\"456\">\u0160velniai valo ir nesausina odos<\/p>\n<\/li>\n<li data-start=\"457\" data-end=\"491\">\n<p data-start=\"459\" data-end=\"491\">Padeda palaikyti dr\u0117gm\u0117s balans\u0105<\/p>\n<\/li>\n<\/ul>\n<h3 data-start=\"493\" data-end=\"507\">Naudojimas<\/h3>\n<p data-start=\"508\" data-end=\"636\">U\u017epilkite norim\u0105 kiek\u012f ant dr\u0117gnos odos, masa\u017euokite sukamaisiais judesiais, kol suputos, tada kruop\u0161\u010diai nuskalaukite vandeniu.<\/p>\n<ul class=\"producto-icns\">\n<li><span class=\"icn\"><img decoding=\"async\" class=\"producto-icn lazyload\" data-src=\"https:\/\/laiseven.com\/app\/uploads\/2020\/11\/natural.svg\" alt=\"\" width=\"33\" height=\"33\" src=\"data:image\/svg+xml;base64,PHN2ZyB3aWR0aD0iMSIgaGVpZ2h0PSIxIiB4bWxucz0iaHR0cDovL3d3dy53My5vcmcvMjAwMC9zdmciPjwvc3ZnPg==\" style=\"--smush-placeholder-width: 33px; --smush-placeholder-aspect-ratio: 33\/33;\"> \u00a0<\/span><span class=\"desc\">Natural<\/span><\/li>\n<li><span class=\"icn\"><img decoding=\"async\" class=\"producto-icn lazyload\" data-src=\"https:\/\/laiseven.com\/app\/uploads\/2020\/11\/vegan.svg\" alt=\"\" width=\"33\" height=\"33\" src=\"data:image\/svg+xml;base64,PHN2ZyB3aWR0aD0iMSIgaGVpZ2h0PSIxIiB4bWxucz0iaHR0cDovL3d3dy53My5vcmcvMjAwMC9zdmciPjwvc3ZnPg==\" style=\"--smush-placeholder-width: 33px; --smush-placeholder-aspect-ratio: 33\/33;\"> \u00a0<\/span><span class=\"desc\">Vegan<\/span><\/li>\n<li><span class=\"icn\"><img decoding=\"async\" class=\"producto-icn lazyload\" data-src=\"https:\/\/laiseven.com\/app\/uploads\/2021\/08\/cruelty-free.svg\" alt=\"\" width=\"33\" height=\"33\" src=\"data:image\/svg+xml;base64,PHN2ZyB3aWR0aD0iMSIgaGVpZ2h0PSIxIiB4bWxucz0iaHR0cDovL3d3dy53My5vcmcvMjAwMC9zdmciPjwvc3ZnPg==\" style=\"--smush-placeholder-width: 33px; --smush-placeholder-aspect-ratio: 33\/33;\"> \u00a0<\/span><span class=\"desc\">Cruelty free<\/span><\/li>\n<li><span class=\"icn\"><img decoding=\"async\" class=\"producto-icn lazyload\" data-src=\"https:\/\/laiseven.com\/app\/uploads\/2020\/11\/innovation.svg\" alt=\"\" width=\"33\" height=\"33\" src=\"data:image\/svg+xml;base64,PHN2ZyB3aWR0aD0iMSIgaGVpZ2h0PSIxIiB4bWxucz0iaHR0cDovL3d3dy53My5vcmcvMjAwMC9zdmciPjwvc3ZnPg==\" style=\"--smush-placeholder-width: 33px; --smush-placeholder-aspect-ratio: 33\/33;\"> \u00a0<\/span><span class=\"desc\">Innovation<\/span><\/li>\n<li><span class=\"icn\"><img decoding=\"async\" class=\"producto-icn lazyload\" data-src=\"https:\/\/laiseven.com\/app\/uploads\/2020\/11\/sostenible-icn-1.svg\" alt=\"\" width=\"33\" height=\"33\" src=\"data:image\/svg+xml;base64,PHN2ZyB3aWR0aD0iMSIgaGVpZ2h0PSIxIiB4bWxucz0iaHR0cDovL3d3dy53My5vcmcvMjAwMC9zdmciPjwvc3ZnPg==\" style=\"--smush-placeholder-width: 33px; --smush-placeholder-aspect-ratio: 33\/33;\"> \u00a0<\/span><span class=\"desc\">Recyclable<\/span><\/li>\n<li><span class=\"icn\"><img decoding=\"async\" class=\"producto-icn lazyload\" data-src=\"https:\/\/laiseven.com\/app\/uploads\/2020\/11\/healthy.svg\" alt=\"\" width=\"33\" height=\"33\" src=\"data:image\/svg+xml;base64,PHN2ZyB3aWR0aD0iMSIgaGVpZ2h0PSIxIiB4bWxucz0iaHR0cDovL3d3dy53My5vcmcvMjAwMC9zdmciPjwvc3ZnPg==\" style=\"--smush-placeholder-width: 33px; --smush-placeholder-aspect-ratio: 33\/33;\"> \u00a0<\/span><span class=\"desc\">Health<\/span><\/li>\n<li><span class=\"icn\"><img decoding=\"async\" class=\"producto-icn lazyload\" data-src=\"https:\/\/laiseven.com\/app\/uploads\/2022\/03\/etica.svg\" alt=\"\" width=\"33\" height=\"33\" src=\"data:image\/svg+xml;base64,PHN2ZyB3aWR0aD0iMSIgaGVpZ2h0PSIxIiB4bWxucz0iaHR0cDovL3d3dy53My5vcmcvMjAwMC9zdmciPjwvc3ZnPg==\" style=\"--smush-placeholder-width: 33px; --smush-placeholder-aspect-ratio: 33\/33;\"> \u00a0<\/span><span class=\"desc\">Ethics and sustainability<\/span><\/li>\n<li><span class=\"icn\"><img decoding=\"async\" class=\"producto-icn lazyload\" data-src=\"https:\/\/laiseven.com\/app\/uploads\/2022\/03\/made-in-spain.svg\" alt=\"\" width=\"33\" height=\"33\" src=\"data:image\/svg+xml;base64,PHN2ZyB3aWR0aD0iMSIgaGVpZ2h0PSIxIiB4bWxucz0iaHR0cDovL3d3dy53My5vcmcvMjAwMC9zdmciPjwvc3ZnPg==\" style=\"--smush-placeholder-width: 33px; --smush-placeholder-aspect-ratio: 33\/33;\"> \u00a0<\/span><span class=\"desc\">Made in Spain<\/span><\/li>\n<\/ul>\n","protected":false},"excerpt":{"rendered":"<ul data-start=\"517\" data-end=\"892\">\n<li class=\"\" data-start=\"740\" data-end=\"828\">\n<p data-start=\"84\" data-end=\"293\">Gaivus ir energizuojantis <strong data-start=\"110\" data-end=\"119\">kivi\u0173<\/strong> aromatas pavers kasdien\u012f du\u0161\u0105 tikra atgaiva k\u016bnui ir poj\u016b\u010diams. Formul\u0117, praturtinta vitaminu E, \u0161velniai valo od\u0105, padeda i\u0161laikyti jos dr\u0117gm\u0119 ir suteikia mink\u0161tumo poj\u016bt\u012f.<\/p>\n<p data-start=\"295\" data-end=\"373\">Puikus pasirinkimas tiems, kurie m\u0117gsta lengvus, vaisi\u0161kai citrusinius kvapus.<\/p>\n<h3 data-start=\"375\" data-end=\"389\">Privalumai<\/h3>\n<ul data-start=\"390\" data-end=\"491\">\n<li data-start=\"390\" data-end=\"420\">\n<p data-start=\"392\" data-end=\"420\">Gaivus citrusinis aromatas<\/p>\n<\/li>\n<li data-start=\"421\" data-end=\"456\">\n<p data-start=\"423\" data-end=\"456\">\u0160velniai valo ir nesausina odos<\/p>\n<\/li>\n<li data-start=\"457\" data-end=\"491\">\n<p data-start=\"459\" data-end=\"491\">Padeda palaikyti dr\u0117gm\u0117s balans\u0105<\/p>\n<\/li>\n<\/ul>\n<h3 data-start=\"493\" data-end=\"507\">Naudojimas<\/h3>\n<p data-start=\"508\" data-end=\"636\">U\u017epilkite norim\u0105 kiek\u012f ant dr\u0117gnos odos, masa\u017euokite sukamaisiais judesiais, kol suputos, tada kruop\u0161\u010diai nuskalaukite vandeniu.<\/p>\n<ul class=\"producto-icns\">\n<li><span class=\"icn\"><img decoding=\"async\" class=\"producto-icn lazyload\" data-src=\"https:\/\/laiseven.com\/app\/uploads\/2020\/11\/natural.svg\" alt=\"\" width=\"33\" height=\"33\" src=\"data:image\/svg+xml;base64,PHN2ZyB3aWR0aD0iMSIgaGVpZ2h0PSIxIiB4bWxucz0iaHR0cDovL3d3dy53My5vcmcvMjAwMC9zdmciPjwvc3ZnPg==\" style=\"--smush-placeholder-width: 33px; --smush-placeholder-aspect-ratio: 33\/33;\" \/> \u00a0<\/span><span class=\"desc\">Natural<\/span><\/li>\n<li><span class=\"icn\"><img decoding=\"async\" class=\"producto-icn lazyload\" data-src=\"https:\/\/laiseven.com\/app\/uploads\/2020\/11\/vegan.svg\" alt=\"\" width=\"33\" height=\"33\" src=\"data:image\/svg+xml;base64,PHN2ZyB3aWR0aD0iMSIgaGVpZ2h0PSIxIiB4bWxucz0iaHR0cDovL3d3dy53My5vcmcvMjAwMC9zdmciPjwvc3ZnPg==\" style=\"--smush-placeholder-width: 33px; --smush-placeholder-aspect-ratio: 33\/33;\" \/> \u00a0<\/span><span class=\"desc\">Vegan<\/span><\/li>\n<li><span class=\"icn\"><img decoding=\"async\" class=\"producto-icn lazyload\" data-src=\"https:\/\/laiseven.com\/app\/uploads\/2021\/08\/cruelty-free.svg\" alt=\"\" width=\"33\" height=\"33\" src=\"data:image\/svg+xml;base64,PHN2ZyB3aWR0aD0iMSIgaGVpZ2h0PSIxIiB4bWxucz0iaHR0cDovL3d3dy53My5vcmcvMjAwMC9zdmciPjwvc3ZnPg==\" style=\"--smush-placeholder-width: 33px; --smush-placeholder-aspect-ratio: 33\/33;\" \/> \u00a0<\/span><span class=\"desc\">Cruelty free<\/span><\/li>\n<li><span class=\"icn\"><img decoding=\"async\" class=\"producto-icn lazyload\" data-src=\"https:\/\/laiseven.com\/app\/uploads\/2020\/11\/innovation.svg\" alt=\"\" width=\"33\" height=\"33\" src=\"data:image\/svg+xml;base64,PHN2ZyB3aWR0aD0iMSIgaGVpZ2h0PSIxIiB4bWxucz0iaHR0cDovL3d3dy53My5vcmcvMjAwMC9zdmciPjwvc3ZnPg==\" style=\"--smush-placeholder-width: 33px; --smush-placeholder-aspect-ratio: 33\/33;\" \/> \u00a0<\/span><span class=\"desc\">Innovation<\/span><\/li>\n<li><span class=\"icn\"><img decoding=\"async\" class=\"producto-icn lazyload\" data-src=\"https:\/\/laiseven.com\/app\/uploads\/2020\/11\/sostenible-icn-1.svg\" alt=\"\" width=\"33\" height=\"33\" src=\"data:image\/svg+xml;base64,PHN2ZyB3aWR0aD0iMSIgaGVpZ2h0PSIxIiB4bWxucz0iaHR0cDovL3d3dy53My5vcmcvMjAwMC9zdmciPjwvc3ZnPg==\" style=\"--smush-placeholder-width: 33px; --smush-placeholder-aspect-ratio: 33\/33;\" \/> \u00a0<\/span><span class=\"desc\">Recyclable<\/span><\/li>\n<li><span class=\"icn\"><img decoding=\"async\" class=\"producto-icn lazyload\" data-src=\"https:\/\/laiseven.com\/app\/uploads\/2020\/11\/healthy.svg\" alt=\"\" width=\"33\" height=\"33\" src=\"data:image\/svg+xml;base64,PHN2ZyB3aWR0aD0iMSIgaGVpZ2h0PSIxIiB4bWxucz0iaHR0cDovL3d3dy53My5vcmcvMjAwMC9zdmciPjwvc3ZnPg==\" style=\"--smush-placeholder-width: 33px; --smush-placeholder-aspect-ratio: 33\/33;\" \/> \u00a0<\/span><span class=\"desc\">Health<\/span><\/li>\n<li><span class=\"icn\"><img decoding=\"async\" class=\"producto-icn lazyload\" data-src=\"https:\/\/laiseven.com\/app\/uploads\/2022\/03\/etica.svg\" alt=\"\" width=\"33\" height=\"33\" src=\"data:image\/svg+xml;base64,PHN2ZyB3aWR0aD0iMSIgaGVpZ2h0PSIxIiB4bWxucz0iaHR0cDovL3d3dy53My5vcmcvMjAwMC9zdmciPjwvc3ZnPg==\" style=\"--smush-placeholder-width: 33px; --smush-placeholder-aspect-ratio: 33\/33;\" \/> \u00a0<\/span><span class=\"desc\">Ethics and sustainability<\/span><\/li>\n<li><span class=\"icn\"><img decoding=\"async\" class=\"producto-icn lazyload\" data-src=\"https:\/\/laiseven.com\/app\/uploads\/2022\/03\/made-in-spain.svg\" alt=\"\" width=\"33\" height=\"33\" src=\"data:image\/svg+xml;base64,PHN2ZyB3aWR0aD0iMSIgaGVpZ2h0PSIxIiB4bWxucz0iaHR0cDovL3d3dy53My5vcmcvMjAwMC9zdmciPjwvc3ZnPg==\" style=\"--smush-placeholder-width: 33px; --smush-placeholder-aspect-ratio: 33\/33;\" \/> \u00a0<\/span><span class=\"desc\">Made in Spain<\/span><\/li>\n<\/ul>\n<\/li>\n<\/ul>\n","protected":false},"featured_media":16742,"comment_status":"open","ping_status":"closed","template":"","meta":[],"product_brand":[],"product_cat":[43,211,212],"product_tag":[],"class_list":{"0":"post-16740","1":"product","2":"type-product","3":"status-publish","4":"has-post-thumbnail","6":"product_cat-grozis","7":"product_cat-kuno-prieziuros-priemones","8":"product_cat-veido-prieziuros-priemones","10":"first","11":"instock","12":"taxable","13":"shipping-taxable","14":"purchasable","15":"product-type-simple"},"_links":{"self":[{"href":"https:\/\/thequeenhouse.co.uk\/lt\/wp-json\/wp\/v2\/product\/16740","targetHints":{"allow":["GET"]}}],"collection":[{"href":"https:\/\/thequeenhouse.co.uk\/lt\/wp-json\/wp\/v2\/product"}],"about":[{"href":"https:\/\/thequeenhouse.co.uk\/lt\/wp-json\/wp\/v2\/types\/product"}],"replies":[{"embeddable":true,"href":"https:\/\/thequeenhouse.co.uk\/lt\/wp-json\/wp\/v2\/comments?post=16740"}],"wp:featuredmedia":[{"embeddable":true,"href":"https:\/\/thequeenhouse.co.uk\/lt\/wp-json\/wp\/v2\/media\/16742"}],"wp:attachment":[{"href":"https:\/\/thequeenhouse.co.uk\/lt\/wp-json\/wp\/v2\/media?parent=16740"}],"wp:term":[{"taxonomy":"product_brand","embeddable":true,"href":"https:\/\/thequeenhouse.co.uk\/lt\/wp-json\/wp\/v2\/product_brand?post=16740"},{"taxonomy":"product_cat","embeddable":true,"href":"https:\/\/thequeenhouse.co.uk\/lt\/wp-json\/wp\/v2\/product_cat?post=16740"},{"taxonomy":"product_tag","embeddable":true,"href":"https:\/\/thequeenhouse.co.uk\/lt\/wp-json\/wp\/v2\/product_tag?post=16740"}],"curies":[{"name":"wp","href":"https:\/\/api.w.org\/{rel}","templated":true}]}}