{"id":16754,"date":"2026-02-12T08:50:06","date_gmt":"2026-02-12T07:50:06","guid":{"rendered":"https:\/\/thequeenhouse.co.uk\/?post_type=product&#038;p=16754"},"modified":"2026-02-12T08:54:10","modified_gmt":"2026-02-12T07:54:10","slug":"malachite-cosmetics-kuno-sveitiklis-sexy-vanilla-250gr-copy","status":"publish","type":"product","link":"https:\/\/thequeenhouse.co.uk\/lt\/produktas\/malachite-cosmetics-kuno-sveitiklis-sexy-vanilla-250gr-copy\/","title":{"rendered":"MALACHITE COSMETICS &#8211; K\u016bno Kremas su Tonu \u201eSexy Vanilla\u201c, 200ml"},"content":{"rendered":"<p data-start=\"84\" data-end=\"313\">Atskleisk lygi\u0105, skaistesn\u0119 ir nat\u016braliai \u0161vytin\u010di\u0105 od\u0105 su <strong data-start=\"143\" data-end=\"156\">Malachite<\/strong>. \u0160is odos ton\u0105 lyginantis k\u016bno kremas suteikia greit\u0105 \u012fdegusios, \u017evilgan\u010dios odos efekt\u0105, tuo pa\u010diu intensyviai puosel\u0117ja, dr\u0117kina ir saugo nuo i\u0161saus\u0117jimo.<\/p>\n<p data-start=\"315\" data-end=\"506\">Formul\u0117je \u2013 net <strong data-start=\"331\" data-end=\"372\">97,62 % nat\u016bralios kilm\u0117s ingredient\u0173<\/strong>, tod\u0117l kremas tinka visiems odos tipams, taip pat jautriai odai. \u0160iltas, viliojantis vanil\u0117s aromatas palieka malon\u0173 komforto poj\u016bt\u012f.<\/p>\n<p data-start=\"508\" data-end=\"686\">Trigliceridai, alavijas ir pantenolis padeda stiprinti apsaugin\u012f barjer\u0105, ramina, ma\u017eina \u0161erpetojim\u0105, o vitaminas C gerina odos tekst\u016br\u0105, skaistina ir prisideda prie elastingumo.<\/p>\n<p data-start=\"688\" data-end=\"805\">Kremas akimirksniu suteikia tolyg\u0173 atspalv\u012f, nat\u016braliai maskuoja netobulumus, mink\u0161tina ir suteikia sveiko spindesio.<\/p>\n<h3 data-start=\"807\" data-end=\"833\">Aktyvieji ingredientai<\/h3>\n<ul data-start=\"834\" data-end=\"1445\">\n<li data-start=\"834\" data-end=\"949\">\n<p data-start=\"836\" data-end=\"949\"><strong data-start=\"836\" data-end=\"869\">Avokad\u0173 ir saul\u0117gr\u0105\u017e\u0173 aliejai<\/strong> \u2013 maitina, stiprina odos barjer\u0105, ma\u017eina tempimo poj\u016bt\u012f ir suteikia \u0161velnumo.<\/p>\n<\/li>\n<li data-start=\"950\" data-end=\"1019\">\n<p data-start=\"952\" data-end=\"1019\"><strong data-start=\"952\" data-end=\"969\">Trigliceridai<\/strong> \u2013 intensyviai dr\u0117kina, saugo nuo pleiskanojimo.<\/p>\n<\/li>\n<li data-start=\"1020\" data-end=\"1090\">\n<p data-start=\"1022\" data-end=\"1090\"><strong data-start=\"1022\" data-end=\"1036\">Glicerinas<\/strong> \u2013 palaiko dr\u0117gm\u0119 ir skatina l\u0105steli\u0173 atsinaujinim\u0105.<\/p>\n<\/li>\n<li data-start=\"1091\" data-end=\"1153\">\n<p data-start=\"1093\" data-end=\"1153\"><strong data-start=\"1093\" data-end=\"1105\">Alavijas<\/strong> \u2013 ramina, ma\u017eina paraudim\u0105, suteikia gaivumo.<\/p>\n<\/li>\n<li data-start=\"1154\" data-end=\"1214\">\n<p data-start=\"1156\" data-end=\"1214\"><strong data-start=\"1156\" data-end=\"1170\">Pantenolis<\/strong> \u2013 regeneruoja, dr\u0117kina, ma\u017eina sudirgim\u0105.<\/p>\n<\/li>\n<li data-start=\"1215\" data-end=\"1282\">\n<p data-start=\"1217\" data-end=\"1282\"><strong data-start=\"1217\" data-end=\"1230\">Lecitinas<\/strong> \u2013 gerina elastingum\u0105 ir saugo nuo dehidratacijos.<\/p>\n<\/li>\n<li data-start=\"1283\" data-end=\"1371\">\n<p data-start=\"1285\" data-end=\"1371\"><strong data-start=\"1285\" data-end=\"1300\">Vitaminas C<\/strong> \u2013 skaistina, veikia kaip antioksidantas, padeda palaikyti stangrum\u0105.<\/p>\n<\/li>\n<li data-start=\"1372\" data-end=\"1445\">\n<p data-start=\"1374\" data-end=\"1445\"><strong data-start=\"1374\" data-end=\"1389\">Vitaminas E<\/strong> \u2013 apsaugo nuo laisv\u0173j\u0173 radikal\u0173 ir palaiko atsistatym\u0105.<\/p>\n<\/li>\n<\/ul>\n<h3 data-start=\"1447\" data-end=\"1459\">Poveikis<\/h3>\n<p data-start=\"1460\" data-end=\"1566\">\u2714 suteikia tolyg\u0173 atspalv\u012f<br data-start=\"1486\" data-end=\"1489\" \/>\u2714 maskuoja netobulumus<br data-start=\"1511\" data-end=\"1514\" \/>\u2714 dr\u0117kina ir mink\u0161tina<br data-start=\"1536\" data-end=\"1539\" \/>\u2714 suteikia sveiko \u0161vyt\u0117jimo<\/p>\n<h3 data-start=\"1568\" data-end=\"1586\">Sud\u0117tis (INCI)<\/h3>\n<p data-start=\"1587\" data-end=\"1975\">Aqua, Persea Gratissima Oil, Caprylic\/Capric Triglyceride, Polyglyceryl-3 Methylglucose Distearate, Glycerin, Glyceryl Stearate, Stearyl Alcohol, Parfum, Aloe Barbadensis Extract, Sodium Polyacrylate, Panthenol, Lecithin, Ascorbyl Palmitate, Helianthus Seed Oil, Tocopherol, Phenoxyethanol, Ethylhexylglycerin, Chlorpenesin, Potassium Sorbate, Sodium Benzoate, Mica, Iron Oxide, CI 77491.<\/p>\n<p data-start=\"1977\" data-end=\"2020\"><strong data-start=\"1977\" data-end=\"2012\">Nat\u016bralios kilm\u0117s ingredientai:<\/strong> 97,62 %<\/p>\n","protected":false},"excerpt":{"rendered":"<p data-start=\"84\" data-end=\"313\">Atskleisk lygi\u0105, skaistesn\u0119 ir nat\u016braliai \u0161vytin\u010di\u0105 od\u0105 su <strong data-start=\"143\" data-end=\"156\">Malachite<\/strong>. \u0160is odos ton\u0105 lyginantis k\u016bno kremas suteikia greit\u0105 \u012fdegusios, \u017evilgan\u010dios odos efekt\u0105, tuo pa\u010diu intensyviai puosel\u0117ja, dr\u0117kina ir saugo nuo i\u0161saus\u0117jimo.<\/p>\n<p data-start=\"315\" data-end=\"506\">Formul\u0117je \u2013 net <strong data-start=\"331\" data-end=\"372\">97,62 % nat\u016bralios kilm\u0117s ingredient\u0173<\/strong>, tod\u0117l kremas tinka visiems odos tipams, taip pat jautriai odai. \u0160iltas, viliojantis vanil\u0117s aromatas palieka malon\u0173 komforto poj\u016bt\u012f.<\/p>\n<p data-start=\"508\" data-end=\"686\">Trigliceridai, alavijas ir pantenolis padeda stiprinti apsaugin\u012f barjer\u0105, ramina, ma\u017eina \u0161erpetojim\u0105, o vitaminas C gerina odos tekst\u016br\u0105, skaistina ir prisideda prie elastingumo.<\/p>\n<p data-start=\"688\" data-end=\"805\">Kremas akimirksniu suteikia tolyg\u0173 atspalv\u012f, nat\u016braliai maskuoja netobulumus, mink\u0161tina ir suteikia sveiko spindesio.<\/p>\n<h3 data-start=\"807\" data-end=\"833\">Aktyvieji ingredientai<\/h3>\n<ul data-start=\"834\" data-end=\"1445\">\n<li data-start=\"834\" data-end=\"949\">\n<p data-start=\"836\" data-end=\"949\"><strong data-start=\"836\" data-end=\"869\">Avokad\u0173 ir saul\u0117gr\u0105\u017e\u0173 aliejai<\/strong> \u2013 maitina, stiprina odos barjer\u0105, ma\u017eina tempimo poj\u016bt\u012f ir suteikia \u0161velnumo.<\/p>\n<\/li>\n<li data-start=\"950\" data-end=\"1019\">\n<p data-start=\"952\" data-end=\"1019\"><strong data-start=\"952\" data-end=\"969\">Trigliceridai<\/strong> \u2013 intensyviai dr\u0117kina, saugo nuo pleiskanojimo.<\/p>\n<\/li>\n<li data-start=\"1020\" data-end=\"1090\">\n<p data-start=\"1022\" data-end=\"1090\"><strong data-start=\"1022\" data-end=\"1036\">Glicerinas<\/strong> \u2013 palaiko dr\u0117gm\u0119 ir skatina l\u0105steli\u0173 atsinaujinim\u0105.<\/p>\n<\/li>\n<li data-start=\"1091\" data-end=\"1153\">\n<p data-start=\"1093\" data-end=\"1153\"><strong data-start=\"1093\" data-end=\"1105\">Alavijas<\/strong> \u2013 ramina, ma\u017eina paraudim\u0105, suteikia gaivumo.<\/p>\n<\/li>\n<li data-start=\"1154\" data-end=\"1214\">\n<p data-start=\"1156\" data-end=\"1214\"><strong data-start=\"1156\" data-end=\"1170\">Pantenolis<\/strong> \u2013 regeneruoja, dr\u0117kina, ma\u017eina sudirgim\u0105.<\/p>\n<\/li>\n<li data-start=\"1215\" data-end=\"1282\">\n<p data-start=\"1217\" data-end=\"1282\"><strong data-start=\"1217\" data-end=\"1230\">Lecitinas<\/strong> \u2013 gerina elastingum\u0105 ir saugo nuo dehidratacijos.<\/p>\n<\/li>\n<li data-start=\"1283\" data-end=\"1371\">\n<p data-start=\"1285\" data-end=\"1371\"><strong data-start=\"1285\" data-end=\"1300\">Vitaminas C<\/strong> \u2013 skaistina, veikia kaip antioksidantas, padeda palaikyti stangrum\u0105.<\/p>\n<\/li>\n<li data-start=\"1372\" data-end=\"1445\">\n<p data-start=\"1374\" data-end=\"1445\"><strong data-start=\"1374\" data-end=\"1389\">Vitaminas E<\/strong> \u2013 apsaugo nuo laisv\u0173j\u0173 radikal\u0173 ir palaiko atsistatym\u0105.<\/p>\n<\/li>\n<\/ul>\n<h3 data-start=\"1447\" data-end=\"1459\">Poveikis<\/h3>\n<p data-start=\"1460\" data-end=\"1566\">\u2714 suteikia tolyg\u0173 atspalv\u012f<br data-start=\"1486\" data-end=\"1489\" \/>\u2714 maskuoja netobulumus<br data-start=\"1511\" data-end=\"1514\" \/>\u2714 dr\u0117kina ir mink\u0161tina<br data-start=\"1536\" data-end=\"1539\" \/>\u2714 suteikia sveiko \u0161vyt\u0117jimo<\/p>\n<h3 data-start=\"1568\" data-end=\"1586\">Sud\u0117tis (INCI)<\/h3>\n<p data-start=\"1587\" data-end=\"1975\">Aqua, Persea Gratissima Oil, Caprylic\/Capric Triglyceride, Polyglyceryl-3 Methylglucose Distearate, Glycerin, Glyceryl Stearate, Stearyl Alcohol, Parfum, Aloe Barbadensis Extract, Sodium Polyacrylate, Panthenol, Lecithin, Ascorbyl Palmitate, Helianthus Seed Oil, Tocopherol, Phenoxyethanol, Ethylhexylglycerin, Chlorpenesin, Potassium Sorbate, Sodium Benzoate, Mica, Iron Oxide, CI 77491.<\/p>\n<p data-start=\"1977\" data-end=\"2020\"><strong data-start=\"1977\" data-end=\"2012\">Nat\u016bralios kilm\u0117s ingredientai:<\/strong> 97,62 %<\/p>\n","protected":false},"featured_media":16762,"comment_status":"open","ping_status":"closed","template":"","meta":[],"product_brand":[],"product_cat":[43,211],"product_tag":[],"class_list":{"0":"post-16754","1":"product","2":"type-product","3":"status-publish","4":"has-post-thumbnail","6":"product_cat-grozis","7":"product_cat-kuno-prieziuros-priemones","9":"first","10":"instock","11":"taxable","12":"shipping-taxable","13":"purchasable","14":"product-type-simple"},"_links":{"self":[{"href":"https:\/\/thequeenhouse.co.uk\/lt\/wp-json\/wp\/v2\/product\/16754","targetHints":{"allow":["GET"]}}],"collection":[{"href":"https:\/\/thequeenhouse.co.uk\/lt\/wp-json\/wp\/v2\/product"}],"about":[{"href":"https:\/\/thequeenhouse.co.uk\/lt\/wp-json\/wp\/v2\/types\/product"}],"replies":[{"embeddable":true,"href":"https:\/\/thequeenhouse.co.uk\/lt\/wp-json\/wp\/v2\/comments?post=16754"}],"wp:featuredmedia":[{"embeddable":true,"href":"https:\/\/thequeenhouse.co.uk\/lt\/wp-json\/wp\/v2\/media\/16762"}],"wp:attachment":[{"href":"https:\/\/thequeenhouse.co.uk\/lt\/wp-json\/wp\/v2\/media?parent=16754"}],"wp:term":[{"taxonomy":"product_brand","embeddable":true,"href":"https:\/\/thequeenhouse.co.uk\/lt\/wp-json\/wp\/v2\/product_brand?post=16754"},{"taxonomy":"product_cat","embeddable":true,"href":"https:\/\/thequeenhouse.co.uk\/lt\/wp-json\/wp\/v2\/product_cat?post=16754"},{"taxonomy":"product_tag","embeddable":true,"href":"https:\/\/thequeenhouse.co.uk\/lt\/wp-json\/wp\/v2\/product_tag?post=16754"}],"curies":[{"name":"wp","href":"https:\/\/api.w.org\/{rel}","templated":true}]}}