{"id":16779,"date":"2026-02-13T08:21:23","date_gmt":"2026-02-13T07:21:23","guid":{"rendered":"https:\/\/thequeenhouse.co.uk\/?post_type=product&#038;p=16779"},"modified":"2026-02-13T08:29:58","modified_gmt":"2026-02-13T07:29:58","slug":"reedle-shot-1000-2-step-mask-1-vnt-copy-3","status":"publish","type":"product","link":"https:\/\/thequeenhouse.co.uk\/lt\/produktas\/reedle-shot-1000-2-step-mask-1-vnt-copy-3\/","title":{"rendered":"Barulab Cica Repairing Mask (1 vnt.)"},"content":{"rendered":"<p data-start=\"260\" data-end=\"592\">Raminanti ir atkuriamoji lak\u0161tin\u0117 veido kauk\u0117 su <strong data-start=\"309\" data-end=\"337\">CICA (Centella Asiatica)<\/strong> ekstraktu padeda suma\u017einti odos sudirgim\u0105, paraudim\u0105 ir stiprina nat\u016bral\u0173 odos barjer\u0105. Intensyviai dr\u0117kina, maitina bei suteikia komforto jausm\u0105 jautriai ar pavargusiai odai. Puikus pasirinkimas, kai odai reikia greitos pagalbos ir \u201espa\u201c efekto namuose.<\/p>\n<p data-start=\"594\" data-end=\"607\"><strong data-start=\"594\" data-end=\"607\">Poveikis:<\/strong><\/p>\n<ul data-start=\"608\" data-end=\"722\">\n<li data-start=\"608\" data-end=\"640\">\n<p data-start=\"610\" data-end=\"640\">Ramina ir padeda atkurti od\u0105<\/p>\n<\/li>\n<li data-start=\"641\" data-end=\"663\">\n<p data-start=\"643\" data-end=\"663\">Dr\u0117kina ir maitina<\/p>\n<\/li>\n<li data-start=\"664\" data-end=\"694\">\n<p data-start=\"666\" data-end=\"694\">Stiprina apsaugin\u012f barjer\u0105<\/p>\n<\/li>\n<li data-start=\"695\" data-end=\"722\">\n<p data-start=\"697\" data-end=\"722\">Suteikia sveiko \u0161vyt\u0117jimo<\/p>\n<\/li>\n<\/ul>\n<p data-start=\"724\" data-end=\"775\">Tinka vis\u0173 tip\u0173, ypa\u010d jautriai ir sudirgusiai odai.<\/p>\n","protected":false},"excerpt":{"rendered":"<p data-start=\"260\" data-end=\"592\">Raminanti ir atkuriamoji lak\u0161tin\u0117 veido kauk\u0117 su <strong data-start=\"309\" data-end=\"337\">CICA (Centella Asiatica)<\/strong> ekstraktu padeda suma\u017einti odos sudirgim\u0105, paraudim\u0105 ir stiprina nat\u016bral\u0173 odos barjer\u0105. Intensyviai dr\u0117kina, maitina bei suteikia komforto jausm\u0105 jautriai ar pavargusiai odai. Puikus pasirinkimas, kai odai reikia greitos pagalbos ir \u201espa\u201c efekto namuose.<\/p>\n<p data-start=\"594\" data-end=\"607\"><strong data-start=\"594\" data-end=\"607\">Poveikis:<\/strong><\/p>\n<ul data-start=\"608\" data-end=\"722\">\n<li data-start=\"608\" data-end=\"640\">\n<p data-start=\"610\" data-end=\"640\">Ramina ir padeda atkurti od\u0105<\/p>\n<\/li>\n<li data-start=\"641\" data-end=\"663\">\n<p data-start=\"643\" data-end=\"663\">Dr\u0117kina ir maitina<\/p>\n<\/li>\n<li data-start=\"664\" data-end=\"694\">\n<p data-start=\"666\" data-end=\"694\">Stiprina apsaugin\u012f barjer\u0105<\/p>\n<\/li>\n<li data-start=\"695\" data-end=\"722\">\n<p data-start=\"697\" data-end=\"722\">Suteikia sveiko \u0161vyt\u0117jimo<\/p>\n<\/li>\n<\/ul>\n<p data-start=\"724\" data-end=\"775\">Tinka vis\u0173 tip\u0173, ypa\u010d jautriai ir sudirgusiai odai.<\/p>\n","protected":false},"featured_media":16787,"comment_status":"open","ping_status":"closed","template":"","meta":[],"product_brand":[],"product_cat":[43,212],"product_tag":[],"class_list":{"0":"post-16779","1":"product","2":"type-product","3":"status-publish","4":"has-post-thumbnail","6":"product_cat-grozis","7":"product_cat-veido-prieziuros-priemones","9":"first","10":"outofstock","11":"taxable","12":"shipping-taxable","13":"purchasable","14":"product-type-simple"},"_links":{"self":[{"href":"https:\/\/thequeenhouse.co.uk\/lt\/wp-json\/wp\/v2\/product\/16779","targetHints":{"allow":["GET"]}}],"collection":[{"href":"https:\/\/thequeenhouse.co.uk\/lt\/wp-json\/wp\/v2\/product"}],"about":[{"href":"https:\/\/thequeenhouse.co.uk\/lt\/wp-json\/wp\/v2\/types\/product"}],"replies":[{"embeddable":true,"href":"https:\/\/thequeenhouse.co.uk\/lt\/wp-json\/wp\/v2\/comments?post=16779"}],"wp:featuredmedia":[{"embeddable":true,"href":"https:\/\/thequeenhouse.co.uk\/lt\/wp-json\/wp\/v2\/media\/16787"}],"wp:attachment":[{"href":"https:\/\/thequeenhouse.co.uk\/lt\/wp-json\/wp\/v2\/media?parent=16779"}],"wp:term":[{"taxonomy":"product_brand","embeddable":true,"href":"https:\/\/thequeenhouse.co.uk\/lt\/wp-json\/wp\/v2\/product_brand?post=16779"},{"taxonomy":"product_cat","embeddable":true,"href":"https:\/\/thequeenhouse.co.uk\/lt\/wp-json\/wp\/v2\/product_cat?post=16779"},{"taxonomy":"product_tag","embeddable":true,"href":"https:\/\/thequeenhouse.co.uk\/lt\/wp-json\/wp\/v2\/product_tag?post=16779"}],"curies":[{"name":"wp","href":"https:\/\/api.w.org\/{rel}","templated":true}]}}