{"id":16793,"date":"2026-02-13T08:26:43","date_gmt":"2026-02-13T07:26:43","guid":{"rendered":"https:\/\/thequeenhouse.co.uk\/?post_type=product&#038;p=16793"},"modified":"2026-02-13T08:31:04","modified_gmt":"2026-02-13T07:31:04","slug":"reedle-shot-1000-2-step-mask-1-vnt-copy-copy","status":"publish","type":"product","link":"https:\/\/thequeenhouse.co.uk\/lt\/produktas\/reedle-shot-1000-2-step-mask-1-vnt-copy-copy\/","title":{"rendered":"Barulab Peptide Anti-Wrinkle Mask (1 vnt.)"},"content":{"rendered":"<p data-start=\"1418\" data-end=\"1670\">Stangrinamoji lak\u0161tin\u0117 veido kauk\u0117 su <strong data-start=\"1456\" data-end=\"1477\">peptid\u0173 kompleksu<\/strong> skirta kovai su rauk\u0161l\u0117mis ir odos elastingumo praradimu. Aktyviosios med\u017eiagos padeda glotninti, stiprinti bei palaikyti kolageno gamyb\u0105, tod\u0117l oda atrodo lygesn\u0117, putlesn\u0117 ir jaunatvi\u0161kesn\u0117.<\/p>\n<p data-start=\"1672\" data-end=\"1685\"><strong data-start=\"1672\" data-end=\"1685\">Poveikis:<\/strong><\/p>\n<ul data-start=\"1686\" data-end=\"1813\">\n<li data-start=\"1686\" data-end=\"1714\">\n<p data-start=\"1688\" data-end=\"1714\">Ma\u017eina rauk\u0161li\u0173 matomum\u0105<\/p>\n<\/li>\n<li data-start=\"1715\" data-end=\"1750\">\n<p data-start=\"1717\" data-end=\"1750\">Gerina stangrum\u0105 ir elastingum\u0105<\/p>\n<\/li>\n<li data-start=\"1751\" data-end=\"1777\">\n<p data-start=\"1753\" data-end=\"1777\">Glotnina odos tekst\u016br\u0105<\/p>\n<\/li>\n<li data-start=\"1778\" data-end=\"1813\">\n<p data-start=\"1780\" data-end=\"1813\">Padeda palaikyti kolageno sintez\u0119<\/p>\n<\/li>\n<\/ul>\n<p data-start=\"1815\" data-end=\"1874\">Tinka brand\u017eiai, pavargusiai ar stangrum\u0105 praradusiai odai.<\/p>\n","protected":false},"excerpt":{"rendered":"<p data-start=\"1418\" data-end=\"1670\">Stangrinamoji lak\u0161tin\u0117 veido kauk\u0117 su <strong data-start=\"1456\" data-end=\"1477\">peptid\u0173 kompleksu<\/strong> skirta kovai su rauk\u0161l\u0117mis ir odos elastingumo praradimu. Aktyviosios med\u017eiagos padeda glotninti, stiprinti bei palaikyti kolageno gamyb\u0105, tod\u0117l oda atrodo lygesn\u0117, putlesn\u0117 ir jaunatvi\u0161kesn\u0117.<\/p>\n<p data-start=\"1672\" data-end=\"1685\"><strong data-start=\"1672\" data-end=\"1685\">Poveikis:<\/strong><\/p>\n<ul data-start=\"1686\" data-end=\"1813\">\n<li data-start=\"1686\" data-end=\"1714\">\n<p data-start=\"1688\" data-end=\"1714\">Ma\u017eina rauk\u0161li\u0173 matomum\u0105<\/p>\n<\/li>\n<li data-start=\"1715\" data-end=\"1750\">\n<p data-start=\"1717\" data-end=\"1750\">Gerina stangrum\u0105 ir elastingum\u0105<\/p>\n<\/li>\n<li data-start=\"1751\" data-end=\"1777\">\n<p data-start=\"1753\" data-end=\"1777\">Glotnina odos tekst\u016br\u0105<\/p>\n<\/li>\n<li data-start=\"1778\" data-end=\"1813\">\n<p data-start=\"1780\" data-end=\"1813\">Padeda palaikyti kolageno sintez\u0119<\/p>\n<\/li>\n<\/ul>\n<p data-start=\"1815\" data-end=\"1874\">Tinka brand\u017eiai, pavargusiai ar stangrum\u0105 praradusiai odai.<\/p>\n","protected":false},"featured_media":16795,"comment_status":"open","ping_status":"closed","template":"","meta":[],"product_brand":[],"product_cat":[43,212],"product_tag":[],"class_list":{"0":"post-16793","1":"product","2":"type-product","3":"status-publish","4":"has-post-thumbnail","6":"product_cat-grozis","7":"product_cat-veido-prieziuros-priemones","9":"first","10":"instock","11":"taxable","12":"shipping-taxable","13":"purchasable","14":"product-type-simple"},"_links":{"self":[{"href":"https:\/\/thequeenhouse.co.uk\/lt\/wp-json\/wp\/v2\/product\/16793","targetHints":{"allow":["GET"]}}],"collection":[{"href":"https:\/\/thequeenhouse.co.uk\/lt\/wp-json\/wp\/v2\/product"}],"about":[{"href":"https:\/\/thequeenhouse.co.uk\/lt\/wp-json\/wp\/v2\/types\/product"}],"replies":[{"embeddable":true,"href":"https:\/\/thequeenhouse.co.uk\/lt\/wp-json\/wp\/v2\/comments?post=16793"}],"wp:featuredmedia":[{"embeddable":true,"href":"https:\/\/thequeenhouse.co.uk\/lt\/wp-json\/wp\/v2\/media\/16795"}],"wp:attachment":[{"href":"https:\/\/thequeenhouse.co.uk\/lt\/wp-json\/wp\/v2\/media?parent=16793"}],"wp:term":[{"taxonomy":"product_brand","embeddable":true,"href":"https:\/\/thequeenhouse.co.uk\/lt\/wp-json\/wp\/v2\/product_brand?post=16793"},{"taxonomy":"product_cat","embeddable":true,"href":"https:\/\/thequeenhouse.co.uk\/lt\/wp-json\/wp\/v2\/product_cat?post=16793"},{"taxonomy":"product_tag","embeddable":true,"href":"https:\/\/thequeenhouse.co.uk\/lt\/wp-json\/wp\/v2\/product_tag?post=16793"}],"curies":[{"name":"wp","href":"https:\/\/api.w.org\/{rel}","templated":true}]}}