{"id":16966,"date":"2026-04-10T14:44:55","date_gmt":"2026-04-10T13:44:55","guid":{"rendered":"https:\/\/thequeenhouse.co.uk\/?post_type=product&#038;p=16966"},"modified":"2026-04-10T14:52:52","modified_gmt":"2026-04-10T13:52:52","slug":"barulab-peptide-anti-wrinkle-mask-1-vnt-copy-2","status":"publish","type":"product","link":"https:\/\/thequeenhouse.co.uk\/lt\/produktas\/barulab-peptide-anti-wrinkle-mask-1-vnt-copy-2\/","title":{"rendered":"MEDIHEAL &#8211; Hyaluronate Veido Kauk\u0117 (1 vnt.)"},"content":{"rendered":"<p>MEDIHEAL Hyaluronate veido kauk\u0117 \u2013 intensyvus dr\u0117kinimas ir \u0161vytinti oda<\/p>\n<p>Atrask odos dr\u0117kinim\u0105, kur\u012f gali ne tik pamatyti, bet ir pajusti. \u0160i pa\u017eangi lak\u0161tin\u0117 veido kauk\u0117 su auk\u0161tos koncentracijos hialurono r\u016bg\u0161timi intensyviai dr\u0117kina, padeda atkurti odos balans\u0105 ir suteikia akivaizd\u0173 \u201eglow\u201c efekt\u0105 jau po pirmo naudojimo.<\/p>\n<p>&nbsp;<\/p>\n<p>Lengvos, odai priglundan\u010dios tekst\u016bros kauk\u0117 leid\u017eia veikliosioms med\u017eiagoms \u012fsiskverbti giliau, tod\u0117l oda tampa \u0161velnesn\u0117, putlesn\u0117 ir elastingesn\u0117.<\/p>\n<p>\u2728 Kod\u0117l j\u0105 pamilsi:<\/p>\n<ul>\n<li>Giliai dr\u0117kina ir padeda i\u0161laikyti dr\u0117gm\u0119 odoje<\/li>\n<li>Suteikia momentin\u012f \u0161vyt\u0117jim\u0105 (\u201eglass skin\u201c efektas)<\/li>\n<li>Lygina odos tekst\u016br\u0105 ir mink\u0161tina<\/li>\n<li>Gaivina pavargusi\u0105, dehidratuot\u0105 od\u0105<\/li>\n<li>Tinka vis\u0173 tip\u0173 odai, net jautriai<\/li>\n<\/ul>\n<p>\ud83d\udc99 Rezultatas: sudr\u0117kinta, \u0161velni, putli ir nat\u016braliai \u0161vytinti oda.<\/p>\n","protected":false},"excerpt":{"rendered":"<p><strong>MEDIHEAL Hyaluronate veido kauk\u0117 \u2013 intensyvus dr\u0117kinimas ir \u0161vytinti oda<\/strong><\/p>\n<p>Atrask odos dr\u0117kinim\u0105, kur\u012f gali ne tik pamatyti, bet ir pajusti. \u0160i pa\u017eangi lak\u0161tin\u0117 veido kauk\u0117 su auk\u0161tos koncentracijos hialurono r\u016bg\u0161timi intensyviai dr\u0117kina, padeda atkurti odos balans\u0105 ir suteikia akivaizd\u0173 \u201eglow\u201c efekt\u0105 jau po pirmo naudojimo.<\/p>\n<p>&nbsp;<\/p>\n<p>Lengvos, odai priglundan\u010dios tekst\u016bros kauk\u0117 leid\u017eia veikliosioms med\u017eiagoms \u012fsiskverbti giliau, tod\u0117l oda tampa \u0161velnesn\u0117, putlesn\u0117 ir elastingesn\u0117.<\/p>\n<p>\u2728 Kod\u0117l j\u0105 pamilsi:<\/p>\n<ul>\n<li>Giliai dr\u0117kina ir padeda i\u0161laikyti dr\u0117gm\u0119 odoje<\/li>\n<li>Suteikia momentin\u012f \u0161vyt\u0117jim\u0105 (\u201eglass skin\u201c efektas)<\/li>\n<li>Lygina odos tekst\u016br\u0105 ir mink\u0161tina<\/li>\n<li>Gaivina pavargusi\u0105, dehidratuot\u0105 od\u0105<\/li>\n<li>Tinka vis\u0173 tip\u0173 odai, net jautriai<\/li>\n<\/ul>\n<p>\ud83d\udc99 Rezultatas: sudr\u0117kinta, \u0161velni, putli ir nat\u016braliai \u0161vytinti oda.<\/p>\n","protected":false},"featured_media":16968,"comment_status":"open","ping_status":"closed","template":"","meta":[],"product_brand":[],"product_cat":[173,43,212],"product_tag":[],"class_list":{"0":"post-16966","1":"product","2":"type-product","3":"status-publish","4":"has-post-thumbnail","6":"product_cat-best-sellers-lt","7":"product_cat-grozis","8":"product_cat-veido-prieziuros-priemones","10":"first","11":"instock","12":"taxable","13":"shipping-taxable","14":"purchasable","15":"product-type-simple"},"_links":{"self":[{"href":"https:\/\/thequeenhouse.co.uk\/lt\/wp-json\/wp\/v2\/product\/16966","targetHints":{"allow":["GET"]}}],"collection":[{"href":"https:\/\/thequeenhouse.co.uk\/lt\/wp-json\/wp\/v2\/product"}],"about":[{"href":"https:\/\/thequeenhouse.co.uk\/lt\/wp-json\/wp\/v2\/types\/product"}],"replies":[{"embeddable":true,"href":"https:\/\/thequeenhouse.co.uk\/lt\/wp-json\/wp\/v2\/comments?post=16966"}],"wp:featuredmedia":[{"embeddable":true,"href":"https:\/\/thequeenhouse.co.uk\/lt\/wp-json\/wp\/v2\/media\/16968"}],"wp:attachment":[{"href":"https:\/\/thequeenhouse.co.uk\/lt\/wp-json\/wp\/v2\/media?parent=16966"}],"wp:term":[{"taxonomy":"product_brand","embeddable":true,"href":"https:\/\/thequeenhouse.co.uk\/lt\/wp-json\/wp\/v2\/product_brand?post=16966"},{"taxonomy":"product_cat","embeddable":true,"href":"https:\/\/thequeenhouse.co.uk\/lt\/wp-json\/wp\/v2\/product_cat?post=16966"},{"taxonomy":"product_tag","embeddable":true,"href":"https:\/\/thequeenhouse.co.uk\/lt\/wp-json\/wp\/v2\/product_tag?post=16966"}],"curies":[{"name":"wp","href":"https:\/\/api.w.org\/{rel}","templated":true}]}}