{"id":17162,"date":"2026-04-22T08:19:27","date_gmt":"2026-04-22T07:19:27","guid":{"rendered":"https:\/\/thequeenhouse.co.uk\/?post_type=product&#038;p=17162"},"modified":"2026-04-22T08:24:02","modified_gmt":"2026-04-22T07:24:02","slug":"luxury-hand-body-lotion-winter-spirit-copy-2","status":"publish","type":"product","link":"https:\/\/thequeenhouse.co.uk\/lt\/produktas\/luxury-hand-body-lotion-winter-spirit-copy-2\/","title":{"rendered":"NUNU &#8211; Maitinamasis Rank\u0173 Kremas 150ml"},"content":{"rendered":"<p><strong>NUNU maitinamasis rank\u0173 kremas \u2013 kasdien\u0117 prabanga j\u016bs\u0173 odai<\/strong><\/p>\n<p>\u0160velnios tekst\u016bros, greitai \u012fsigeriantis rank\u0173 kremas, sukurtas intensyviai maitinti, dr\u0117kinti ir apsaugoti rank\u0173 od\u0105. Jo formul\u0117 padeda atkurti odos dr\u0117gm\u0117s balans\u0105, suteikia \u0161velnumo ir komforto poj\u016bt\u012f jau po pirmo naudojimo.<\/p>\n<p>Kremas nepalieka riebumo ar lipnumo jausmo, tod\u0117l puikiai tinka naudoti bet kuriuo dienos metu.<\/p>\n<p>\u2728 <strong>Intensyviai maitina ir atkuria od\u0105<\/strong><br \/>\n\ud83d\udca7 <strong>Dr\u0117kina ir saugo nuo i\u0161saus\u0117jimo<\/strong><br \/>\n\ud83e\udd0d <strong>Greitai \u012fsigeria, nepalieka lipnumo<\/strong><br \/>\n\ud83c\udf3f <strong>Palieka od\u0105 \u0161velni\u0105 ir glotni\u0105<\/strong><\/p>\n<p>Tinka vis\u0173 tip\u0173 odai, ypa\u010d sausai ir jautriai.<\/p>\n","protected":false},"excerpt":{"rendered":"<p><strong>NUNU maitinamasis rank\u0173 kremas \u2013 kasdien\u0117 prabanga j\u016bs\u0173 odai<\/strong><\/p>\n<p>\u0160velnios tekst\u016bros, greitai \u012fsigeriantis rank\u0173 kremas, sukurtas intensyviai maitinti, dr\u0117kinti ir apsaugoti rank\u0173 od\u0105. Jo formul\u0117 padeda atkurti odos dr\u0117gm\u0117s balans\u0105, suteikia \u0161velnumo ir komforto poj\u016bt\u012f jau po pirmo naudojimo.<\/p>\n<p>Kremas nepalieka riebumo ar lipnumo jausmo, tod\u0117l puikiai tinka naudoti bet kuriuo dienos metu.<\/p>\n<p>\u2728 <strong>Intensyviai maitina ir atkuria od\u0105<\/strong><br \/>\n\ud83d\udca7 <strong>Dr\u0117kina ir saugo nuo i\u0161saus\u0117jimo<\/strong><br \/>\n\ud83e\udd0d <strong>Greitai \u012fsigeria, nepalieka lipnumo<\/strong><br \/>\n\ud83c\udf3f <strong>Palieka od\u0105 \u0161velni\u0105 ir glotni\u0105<\/strong><\/p>\n<p>Tinka vis\u0173 tip\u0173 odai, ypa\u010d sausai ir jautriai.<\/p>\n","protected":false},"featured_media":17167,"comment_status":"open","ping_status":"closed","template":"","meta":[],"product_brand":[],"product_cat":[43,211,213],"product_tag":[],"class_list":{"0":"post-17162","1":"product","2":"type-product","3":"status-publish","4":"has-post-thumbnail","6":"product_cat-grozis","7":"product_cat-kuno-prieziuros-priemones","8":"product_cat-ranku-prieziuros-priemones","10":"first","11":"instock","12":"taxable","13":"shipping-taxable","14":"purchasable","15":"product-type-simple"},"_links":{"self":[{"href":"https:\/\/thequeenhouse.co.uk\/lt\/wp-json\/wp\/v2\/product\/17162","targetHints":{"allow":["GET"]}}],"collection":[{"href":"https:\/\/thequeenhouse.co.uk\/lt\/wp-json\/wp\/v2\/product"}],"about":[{"href":"https:\/\/thequeenhouse.co.uk\/lt\/wp-json\/wp\/v2\/types\/product"}],"replies":[{"embeddable":true,"href":"https:\/\/thequeenhouse.co.uk\/lt\/wp-json\/wp\/v2\/comments?post=17162"}],"wp:featuredmedia":[{"embeddable":true,"href":"https:\/\/thequeenhouse.co.uk\/lt\/wp-json\/wp\/v2\/media\/17167"}],"wp:attachment":[{"href":"https:\/\/thequeenhouse.co.uk\/lt\/wp-json\/wp\/v2\/media?parent=17162"}],"wp:term":[{"taxonomy":"product_brand","embeddable":true,"href":"https:\/\/thequeenhouse.co.uk\/lt\/wp-json\/wp\/v2\/product_brand?post=17162"},{"taxonomy":"product_cat","embeddable":true,"href":"https:\/\/thequeenhouse.co.uk\/lt\/wp-json\/wp\/v2\/product_cat?post=17162"},{"taxonomy":"product_tag","embeddable":true,"href":"https:\/\/thequeenhouse.co.uk\/lt\/wp-json\/wp\/v2\/product_tag?post=17162"}],"curies":[{"name":"wp","href":"https:\/\/api.w.org\/{rel}","templated":true}]}}