{"id":17181,"date":"2026-04-22T08:26:39","date_gmt":"2026-04-22T07:26:39","guid":{"rendered":"https:\/\/thequeenhouse.co.uk\/?post_type=product&#038;p=17181"},"modified":"2026-04-22T08:35:19","modified_gmt":"2026-04-22T07:35:19","slug":"nunu-maitinamasis-ranku-kremas-150ml-copy","status":"publish","type":"product","link":"https:\/\/thequeenhouse.co.uk\/lt\/produktas\/nunu-maitinamasis-ranku-kremas-150ml-copy\/","title":{"rendered":"NUNU &#8211; Plauk\u0173 Prie\u017ei\u016bros Rinkinys"},"content":{"rendered":"<p><strong>NUNU plauk\u0173 prie\u017ei\u016bros rinkinys \u2013 \u0161velni kasdien\u0117 prie\u017ei\u016bra ir intensyvus atstatymas per nakt\u012f<\/strong><\/p>\n<p>Atrask harmoning\u0105 plauk\u0173 prie\u017ei\u016bros duet\u0105, sukurt\u0105 stipresniems, \u0161velnesniems ir sveikiau atrodantiems plaukams. NUNU \u0161amp\u016bnas \u0161velniai valo, o naktin\u0117 plauk\u0173 kauk\u0117 intensyviai dr\u0117kina ir atkuria plauk\u0173 strukt\u016br\u0105 miego metu.<\/p>\n<p>Formul\u0117s praturtintos aktyviais ingredientais, tokiais kaip <strong>hialurono r\u016bg\u0161tis, keratinas ir keramidai<\/strong>, padeda atstatyti pa\u017eeistus plaukus, suteikia jiems elastingumo ir nat\u016bralaus \u017evilgesio.<\/p>\n<p>\ud83d\udca7 <strong>Kasdienis \u0161varos ir gaivumo poj\u016btis<\/strong><br \/>\n\ud83c\udf19 <strong>Intensyvus atk\u016brimas per nakt\u012f<\/strong><br \/>\n\u2728 <strong>Glotn\u016bs, stipr\u016bs ir gyvybingi plaukai<\/strong><\/p>\n<p>Puikus pasirinkimas vis\u0173 tip\u0173 plaukams, ypa\u010d sausiems, pa\u017eeistiems ar linkusiems p\u016bstis.<\/p>\n","protected":false},"excerpt":{"rendered":"<p><strong>NUNU plauk\u0173 prie\u017ei\u016bros rinkinys \u2013 \u0161velni kasdien\u0117 prie\u017ei\u016bra ir intensyvus atstatymas per nakt\u012f<\/strong><\/p>\n<p>Atrask harmoning\u0105 plauk\u0173 prie\u017ei\u016bros duet\u0105, sukurt\u0105 stipresniems, \u0161velnesniems ir sveikiau atrodantiems plaukams. NUNU \u0161amp\u016bnas \u0161velniai valo, o naktin\u0117 plauk\u0173 kauk\u0117 intensyviai dr\u0117kina ir atkuria plauk\u0173 strukt\u016br\u0105 miego metu.<\/p>\n<p>Formul\u0117s praturtintos aktyviais ingredientais, tokiais kaip <strong>hialurono r\u016bg\u0161tis, keratinas ir keramidai<\/strong>, padeda atstatyti pa\u017eeistus plaukus, suteikia jiems elastingumo ir nat\u016bralaus \u017evilgesio.<\/p>\n<p>\ud83d\udca7 <strong>Kasdienis \u0161varos ir gaivumo poj\u016btis<\/strong><br \/>\n\ud83c\udf19 <strong>Intensyvus atk\u016brimas per nakt\u012f<\/strong><br \/>\n\u2728 <strong>Glotn\u016bs, stipr\u016bs ir gyvybingi plaukai<\/strong><\/p>\n<p>Puikus pasirinkimas vis\u0173 tip\u0173 plaukams, ypa\u010d sausiems, pa\u017eeistiems ar linkusiems p\u016bstis.<\/p>\n","protected":false},"featured_media":17186,"comment_status":"open","ping_status":"closed","template":"","meta":[],"product_brand":[],"product_cat":[43,222,236,178],"product_tag":[],"class_list":{"0":"post-17181","1":"product","2":"type-product","3":"status-publish","4":"has-post-thumbnail","6":"product_cat-grozis","7":"product_cat-plauku-prieziuros-priemones","8":"product_cat-populiaru","9":"product_cat-sets-lt","11":"first","12":"instock","13":"taxable","14":"shipping-taxable","15":"purchasable","16":"product-type-simple"},"_links":{"self":[{"href":"https:\/\/thequeenhouse.co.uk\/lt\/wp-json\/wp\/v2\/product\/17181","targetHints":{"allow":["GET"]}}],"collection":[{"href":"https:\/\/thequeenhouse.co.uk\/lt\/wp-json\/wp\/v2\/product"}],"about":[{"href":"https:\/\/thequeenhouse.co.uk\/lt\/wp-json\/wp\/v2\/types\/product"}],"replies":[{"embeddable":true,"href":"https:\/\/thequeenhouse.co.uk\/lt\/wp-json\/wp\/v2\/comments?post=17181"}],"wp:featuredmedia":[{"embeddable":true,"href":"https:\/\/thequeenhouse.co.uk\/lt\/wp-json\/wp\/v2\/media\/17186"}],"wp:attachment":[{"href":"https:\/\/thequeenhouse.co.uk\/lt\/wp-json\/wp\/v2\/media?parent=17181"}],"wp:term":[{"taxonomy":"product_brand","embeddable":true,"href":"https:\/\/thequeenhouse.co.uk\/lt\/wp-json\/wp\/v2\/product_brand?post=17181"},{"taxonomy":"product_cat","embeddable":true,"href":"https:\/\/thequeenhouse.co.uk\/lt\/wp-json\/wp\/v2\/product_cat?post=17181"},{"taxonomy":"product_tag","embeddable":true,"href":"https:\/\/thequeenhouse.co.uk\/lt\/wp-json\/wp\/v2\/product_tag?post=17181"}],"curies":[{"name":"wp","href":"https:\/\/api.w.org\/{rel}","templated":true}]}}