{"id":17189,"date":"2026-04-22T08:39:03","date_gmt":"2026-04-22T07:39:03","guid":{"rendered":"https:\/\/thequeenhouse.co.uk\/?post_type=product&#038;p=17189"},"modified":"2026-04-22T08:44:44","modified_gmt":"2026-04-22T07:44:44","slug":"nunu-plauku-prieziuros-rinkinys-copy","status":"publish","type":"product","link":"https:\/\/thequeenhouse.co.uk\/lt\/produktas\/nunu-plauku-prieziuros-rinkinys-copy\/","title":{"rendered":"NUNU &#8211; Plauk\u0173 \u0160amp\u016bnas 400ml"},"content":{"rendered":"<p data-start=\"17\" data-end=\"272\">Ie\u0161kai \u0161velnaus, bet veiksmingo sprendimo sausai galvos odai ir pa\u017eeistiems plaukams? \u0160is \u0161amp\u016bnas sukurtas b\u016btent tam. Jis idealiai tinka i\u0161saus\u0117jusiems, besivelian\u010diams ir da\u017eytiems plaukams \u2013 \u0161velniai i\u0161valo, bet nepa\u017eeid\u017eia nat\u016bralios dr\u0117gm\u0117s balanso.<\/p>\n<p data-start=\"274\" data-end=\"618\">Formul\u0117je esantis kondicionuojantis kompleksas mink\u0161tina plaukus, ma\u017eina v\u0117lim\u0105si ir suteikia glotnumo. Ksilitolio, pantenolio ir alavijo ekstrakto derinys ramina sudirgusi\u0105 galvos od\u0105, padeda j\u0105 apsaugoti ir intensyviai dr\u0117kina. Sud\u0117tyje naudojami ingredientai yra nat\u016bralios kilm\u0117s, tod\u0117l \u0161amp\u016bnas yra \u0161velnus tiek plaukams, tiek galvos odai.<\/p>\n<p data-start=\"620\" data-end=\"672\">Pagaminta Lietuvoje \u2013 kokyb\u0117, kuria gali pasitik\u0117ti.<\/p>\n<p data-start=\"674\" data-end=\"854\">Naudojant reguliariai, plaukai tampa sveikesni, \u0161velnesni ir \u012fgauna nat\u016bral\u0173 \u017evilges\u012f. Norint dar geresni\u0173 rezultat\u0173, rekomenduojama naudoti kartu su NUNU maitinam\u0105ja plauk\u0173 kauke.<\/p>\n<p data-start=\"856\" data-end=\"975\"><strong data-start=\"856\" data-end=\"871\">Naudojimas:<\/strong><br data-start=\"871\" data-end=\"874\" \/>Nedidel\u012f kiek\u012f \u0161amp\u016bno \u012fmasa\u017euok \u012f galvos od\u0105, paskirstyk per vis\u0105 plauk\u0173 ilg\u012f ir nuskalauk vandeniu.<\/p>\n","protected":false},"excerpt":{"rendered":"<p data-start=\"17\" data-end=\"272\">Ie\u0161kai \u0161velnaus, bet veiksmingo sprendimo sausai galvos odai ir pa\u017eeistiems plaukams? \u0160is \u0161amp\u016bnas sukurtas b\u016btent tam. Jis idealiai tinka i\u0161saus\u0117jusiems, besivelian\u010diams ir da\u017eytiems plaukams \u2013 \u0161velniai i\u0161valo, bet nepa\u017eeid\u017eia nat\u016bralios dr\u0117gm\u0117s balanso.<\/p>\n<p data-start=\"274\" data-end=\"618\">Formul\u0117je esantis kondicionuojantis kompleksas mink\u0161tina plaukus, ma\u017eina v\u0117lim\u0105si ir suteikia glotnumo. Ksilitolio, pantenolio ir alavijo ekstrakto derinys ramina sudirgusi\u0105 galvos od\u0105, padeda j\u0105 apsaugoti ir intensyviai dr\u0117kina. Sud\u0117tyje naudojami ingredientai yra nat\u016bralios kilm\u0117s, tod\u0117l \u0161amp\u016bnas yra \u0161velnus tiek plaukams, tiek galvos odai.<\/p>\n<p data-start=\"620\" data-end=\"672\">Pagaminta Lietuvoje \u2013 kokyb\u0117, kuria gali pasitik\u0117ti.<\/p>\n<p data-start=\"674\" data-end=\"854\">Naudojant reguliariai, plaukai tampa sveikesni, \u0161velnesni ir \u012fgauna nat\u016bral\u0173 \u017evilges\u012f. Norint dar geresni\u0173 rezultat\u0173, rekomenduojama naudoti kartu su NUNU maitinam\u0105ja plauk\u0173 kauke.<\/p>\n<p data-start=\"856\" data-end=\"975\"><strong data-start=\"856\" data-end=\"871\">Naudojimas:<\/strong><br data-start=\"871\" data-end=\"874\" \/>Nedidel\u012f kiek\u012f \u0161amp\u016bno \u012fmasa\u017euok \u012f galvos od\u0105, paskirstyk per vis\u0105 plauk\u0173 ilg\u012f ir nuskalauk vandeniu.<\/p>\n","protected":false},"featured_media":17193,"comment_status":"open","ping_status":"closed","template":"","meta":[],"product_brand":[],"product_cat":[43,222],"product_tag":[],"class_list":{"0":"post-17189","1":"product","2":"type-product","3":"status-publish","4":"has-post-thumbnail","6":"product_cat-grozis","7":"product_cat-plauku-prieziuros-priemones","9":"first","10":"instock","11":"taxable","12":"shipping-taxable","13":"purchasable","14":"product-type-simple"},"_links":{"self":[{"href":"https:\/\/thequeenhouse.co.uk\/lt\/wp-json\/wp\/v2\/product\/17189","targetHints":{"allow":["GET"]}}],"collection":[{"href":"https:\/\/thequeenhouse.co.uk\/lt\/wp-json\/wp\/v2\/product"}],"about":[{"href":"https:\/\/thequeenhouse.co.uk\/lt\/wp-json\/wp\/v2\/types\/product"}],"replies":[{"embeddable":true,"href":"https:\/\/thequeenhouse.co.uk\/lt\/wp-json\/wp\/v2\/comments?post=17189"}],"wp:featuredmedia":[{"embeddable":true,"href":"https:\/\/thequeenhouse.co.uk\/lt\/wp-json\/wp\/v2\/media\/17193"}],"wp:attachment":[{"href":"https:\/\/thequeenhouse.co.uk\/lt\/wp-json\/wp\/v2\/media?parent=17189"}],"wp:term":[{"taxonomy":"product_brand","embeddable":true,"href":"https:\/\/thequeenhouse.co.uk\/lt\/wp-json\/wp\/v2\/product_brand?post=17189"},{"taxonomy":"product_cat","embeddable":true,"href":"https:\/\/thequeenhouse.co.uk\/lt\/wp-json\/wp\/v2\/product_cat?post=17189"},{"taxonomy":"product_tag","embeddable":true,"href":"https:\/\/thequeenhouse.co.uk\/lt\/wp-json\/wp\/v2\/product_tag?post=17189"}],"curies":[{"name":"wp","href":"https:\/\/api.w.org\/{rel}","templated":true}]}}