{"id":17204,"date":"2026-04-22T08:46:44","date_gmt":"2026-04-22T07:46:44","guid":{"rendered":"https:\/\/thequeenhouse.co.uk\/?post_type=product&#038;p=17204"},"modified":"2026-04-22T08:58:29","modified_gmt":"2026-04-22T07:58:29","slug":"nunu-plauku-sampunas-400ml-copy","status":"publish","type":"product","link":"https:\/\/thequeenhouse.co.uk\/lt\/produktas\/nunu-plauku-sampunas-400ml-copy\/","title":{"rendered":"NUNU &#8211; \u201eOvernight\u201c Plauk\u0173 Kauk\u0117 400ml"},"content":{"rendered":"<p data-start=\"17\" data-end=\"260\">NUNU \u201eOvernight\u201c plauk\u0173 kauk\u0117 \u2013 tai intensyvi naktin\u0117 prie\u017ei\u016bra, kuri veikia tada, kai tu ilsiesi. Sukurta sausiems, pa\u017eeistiems ir gyvybingum\u0105 praradusiems plaukams, \u0161i kauk\u0117 giliai maitina, atkuria ir padeda atgauti nat\u016bral\u0173 plauk\u0173 \u0161velnum\u0105.<\/p>\n<p data-start=\"262\" data-end=\"483\">Lengva, bet veiksminga formul\u0117 apgaubia plaukus per vis\u0105 j\u0173 ilg\u012f, padeda suma\u017einti l\u016b\u017ein\u0117jim\u0105 ir apsaugo nuo i\u0161saus\u0117jimo. Per nakt\u012f aktyv\u016bs ingredientai intensyviai dr\u0117kina, stiprina plaukus ir suteikia jiems elastingumo.<\/p>\n<p data-start=\"485\" data-end=\"605\">Ryte plaukai atrodo labiau pamaitinti, \u0161velnesni, lengviau i\u0161\u0161ukuojami ir nat\u016braliai \u017evilgantys \u2013 be apsunkinimo jausmo.<\/p>\n<p data-start=\"607\" data-end=\"710\">Pagaminta Lietuvoje, naudojant nat\u016bralios kilm\u0117s ingredientus, tod\u0117l tinka kasdienei plauk\u0173 prie\u017ei\u016brai.<\/p>\n<p data-start=\"712\" data-end=\"900\"><strong data-start=\"712\" data-end=\"727\">Naudojimas:<\/strong><br data-start=\"727\" data-end=\"730\" \/>Prie\u0161 mieg\u0105 paskirstyk nedidel\u012f kiek\u012f kauk\u0117s ant saus\u0173 arba \u0161iek tiek dr\u0117gn\u0173 plauk\u0173 per vis\u0105 ilg\u012f. Palik per nakt\u012f. Ryte, jei reikia, i\u0161skalauk arba formuok kaip \u012fprasta.<\/p>\n","protected":false},"excerpt":{"rendered":"<p data-start=\"17\" data-end=\"260\">NUNU \u201eOvernight\u201c plauk\u0173 kauk\u0117 \u2013 tai intensyvi naktin\u0117 prie\u017ei\u016bra, kuri veikia tada, kai tu ilsiesi. Sukurta sausiems, pa\u017eeistiems ir gyvybingum\u0105 praradusiems plaukams, \u0161i kauk\u0117 giliai maitina, atkuria ir padeda atgauti nat\u016bral\u0173 plauk\u0173 \u0161velnum\u0105.<\/p>\n<p data-start=\"262\" data-end=\"483\">Lengva, bet veiksminga formul\u0117 apgaubia plaukus per vis\u0105 j\u0173 ilg\u012f, padeda suma\u017einti l\u016b\u017ein\u0117jim\u0105 ir apsaugo nuo i\u0161saus\u0117jimo. Per nakt\u012f aktyv\u016bs ingredientai intensyviai dr\u0117kina, stiprina plaukus ir suteikia jiems elastingumo.<\/p>\n<p data-start=\"485\" data-end=\"605\">Ryte plaukai atrodo labiau pamaitinti, \u0161velnesni, lengviau i\u0161\u0161ukuojami ir nat\u016braliai \u017evilgantys \u2013 be apsunkinimo jausmo.<\/p>\n<p data-start=\"607\" data-end=\"710\">Pagaminta Lietuvoje, naudojant nat\u016bralios kilm\u0117s ingredientus, tod\u0117l tinka kasdienei plauk\u0173 prie\u017ei\u016brai.<\/p>\n<p data-start=\"712\" data-end=\"900\"><strong data-start=\"712\" data-end=\"727\">Naudojimas:<\/strong><br data-start=\"727\" data-end=\"730\" \/>Prie\u0161 mieg\u0105 paskirstyk nedidel\u012f kiek\u012f kauk\u0117s ant saus\u0173 arba \u0161iek tiek dr\u0117gn\u0173 plauk\u0173 per vis\u0105 ilg\u012f. Palik per nakt\u012f. Ryte, jei reikia, i\u0161skalauk arba formuok kaip \u012fprasta.<\/p>\n","protected":false},"featured_media":17236,"comment_status":"open","ping_status":"closed","template":"","meta":[],"product_brand":[],"product_cat":[43,222],"product_tag":[],"class_list":{"0":"post-17204","1":"product","2":"type-product","3":"status-publish","4":"has-post-thumbnail","6":"product_cat-grozis","7":"product_cat-plauku-prieziuros-priemones","9":"first","10":"instock","11":"taxable","12":"shipping-taxable","13":"purchasable","14":"product-type-simple"},"_links":{"self":[{"href":"https:\/\/thequeenhouse.co.uk\/lt\/wp-json\/wp\/v2\/product\/17204","targetHints":{"allow":["GET"]}}],"collection":[{"href":"https:\/\/thequeenhouse.co.uk\/lt\/wp-json\/wp\/v2\/product"}],"about":[{"href":"https:\/\/thequeenhouse.co.uk\/lt\/wp-json\/wp\/v2\/types\/product"}],"replies":[{"embeddable":true,"href":"https:\/\/thequeenhouse.co.uk\/lt\/wp-json\/wp\/v2\/comments?post=17204"}],"wp:featuredmedia":[{"embeddable":true,"href":"https:\/\/thequeenhouse.co.uk\/lt\/wp-json\/wp\/v2\/media\/17236"}],"wp:attachment":[{"href":"https:\/\/thequeenhouse.co.uk\/lt\/wp-json\/wp\/v2\/media?parent=17204"}],"wp:term":[{"taxonomy":"product_brand","embeddable":true,"href":"https:\/\/thequeenhouse.co.uk\/lt\/wp-json\/wp\/v2\/product_brand?post=17204"},{"taxonomy":"product_cat","embeddable":true,"href":"https:\/\/thequeenhouse.co.uk\/lt\/wp-json\/wp\/v2\/product_cat?post=17204"},{"taxonomy":"product_tag","embeddable":true,"href":"https:\/\/thequeenhouse.co.uk\/lt\/wp-json\/wp\/v2\/product_tag?post=17204"}],"curies":[{"name":"wp","href":"https:\/\/api.w.org\/{rel}","templated":true}]}}