{"id":17261,"date":"2026-04-22T18:56:52","date_gmt":"2026-04-22T17:56:52","guid":{"rendered":"https:\/\/thequeenhouse.co.uk\/?post_type=product&#038;p=17261"},"modified":"2026-04-22T19:03:20","modified_gmt":"2026-04-22T18:03:20","slug":"agiva-milk-protein-sampunas-500ml-copy-3","status":"publish","type":"product","link":"https:\/\/thequeenhouse.co.uk\/lt\/produktas\/agiva-milk-protein-sampunas-500ml-copy-3\/","title":{"rendered":"Agiva &#8211; BIOTIN &#038; COLLAGEN \u0160amp\u016bnas 800ml"},"content":{"rendered":"<p data-start=\"134\" data-end=\"178\"><strong data-start=\"134\" data-end=\"178\">AGIVA \u0161amp\u016bnas BIOTIN &amp; COLLAGEN<\/strong><\/p>\n<p data-start=\"180\" data-end=\"372\">Tai stiprinantis ir atgaivinantis \u0161amp\u016bnas, skirtas kasdienei plauk\u0173 prie\u017ei\u016brai. Jo formul\u0117 su biotinu ir kolagenu padeda palaikyti sveik\u0105 plauk\u0173 b\u016bkl\u0119, suteikia jiems apimties ir gyvybingumo.<\/p>\n<p data-start=\"374\" data-end=\"610\">Biotinas (vitaminas B7) prisideda prie stipresni\u0173 plauk\u0173 augimo, padeda ma\u017einti slinkim\u0105 ir gerina j\u0173 elastingum\u0105. Kolagenas stiprina plauk\u0173 strukt\u016br\u0105, padeda apsaugoti juos nuo i\u0161orini\u0173 pa\u017eeidim\u0173 ir suteikia plaukams pilnesn\u0119 i\u0161vaizd\u0105.<\/p>\n<p data-start=\"612\" data-end=\"781\">\u0160amp\u016bnas \u0161velniai valo galvos od\u0105 ir plaukus, nei\u0161sausindamas j\u0173 ir nepa\u0161alindamas nat\u016brali\u0173 aliej\u0173. Po naudojimo plaukai jau\u010diasi \u0161var\u016bs, mink\u0161ti ir lengvai formuojami.<\/p>\n<p data-start=\"783\" data-end=\"807\"><strong data-start=\"783\" data-end=\"807\">Pagrindin\u0117s savyb\u0117s:<\/strong><\/p>\n<ul data-start=\"808\" data-end=\"999\">\n<li data-section-id=\"1hyvmcs\" data-start=\"808\" data-end=\"836\">Tinka vis\u0173 tip\u0173 plaukams<\/li>\n<li data-section-id=\"1vao4mk\" data-start=\"837\" data-end=\"873\">Be sulfat\u0173, paraben\u0173 ir silikon\u0173<\/li>\n<li data-section-id=\"1gvmlb3\" data-start=\"874\" data-end=\"914\">Padeda stiprinti ir tankinti plaukus<\/li>\n<li data-section-id=\"1r1dfsm\" data-start=\"915\" data-end=\"949\">Suteikia dr\u0117kinimo ir apimties<\/li>\n<li data-section-id=\"1mnfhk8\" data-start=\"950\" data-end=\"999\">\u0160velni, kasdieniam naudojimui tinkama formul\u0117<\/li>\n<\/ul>\n<p data-start=\"1001\" data-end=\"1211\"><strong data-start=\"1001\" data-end=\"1016\">Naudojimas:<\/strong><br data-start=\"1016\" data-end=\"1019\" \/>Nedidel\u012f kiek\u012f \u0161amp\u016bno paskirstykite ant dr\u0117gn\u0173 plauk\u0173. \u0160velniai \u012fmasa\u017euokite \u012f galvos od\u0105 ir per vis\u0105 plauk\u0173 ilg\u012f. Palikite trumpam ir kruop\u0161\u010diai nuskalaukite vandeniu. Naudokite reguliariai.<\/p>\n","protected":false},"excerpt":{"rendered":"<p data-start=\"134\" data-end=\"178\"><strong data-start=\"134\" data-end=\"178\">AGIVA \u0161amp\u016bnas BIOTIN &amp; COLLAGEN<\/strong><\/p>\n<p data-start=\"180\" data-end=\"372\">Tai stiprinantis ir atgaivinantis \u0161amp\u016bnas, skirtas kasdienei plauk\u0173 prie\u017ei\u016brai. Jo formul\u0117 su biotinu ir kolagenu padeda palaikyti sveik\u0105 plauk\u0173 b\u016bkl\u0119, suteikia jiems apimties ir gyvybingumo.<\/p>\n<p data-start=\"374\" data-end=\"610\">Biotinas (vitaminas B7) prisideda prie stipresni\u0173 plauk\u0173 augimo, padeda ma\u017einti slinkim\u0105 ir gerina j\u0173 elastingum\u0105. Kolagenas stiprina plauk\u0173 strukt\u016br\u0105, padeda apsaugoti juos nuo i\u0161orini\u0173 pa\u017eeidim\u0173 ir suteikia plaukams pilnesn\u0119 i\u0161vaizd\u0105.<\/p>\n<p data-start=\"612\" data-end=\"781\">\u0160amp\u016bnas \u0161velniai valo galvos od\u0105 ir plaukus, nei\u0161sausindamas j\u0173 ir nepa\u0161alindamas nat\u016brali\u0173 aliej\u0173. Po naudojimo plaukai jau\u010diasi \u0161var\u016bs, mink\u0161ti ir lengvai formuojami.<\/p>\n<p data-start=\"783\" data-end=\"807\"><strong data-start=\"783\" data-end=\"807\">Pagrindin\u0117s savyb\u0117s:<\/strong><\/p>\n<ul data-start=\"808\" data-end=\"999\">\n<li data-section-id=\"1hyvmcs\" data-start=\"808\" data-end=\"836\">Tinka vis\u0173 tip\u0173 plaukams<\/li>\n<li data-section-id=\"1vao4mk\" data-start=\"837\" data-end=\"873\">Be sulfat\u0173, paraben\u0173 ir silikon\u0173<\/li>\n<li data-section-id=\"1gvmlb3\" data-start=\"874\" data-end=\"914\">Padeda stiprinti ir tankinti plaukus<\/li>\n<li data-section-id=\"1r1dfsm\" data-start=\"915\" data-end=\"949\">Suteikia dr\u0117kinimo ir apimties<\/li>\n<li data-section-id=\"1mnfhk8\" data-start=\"950\" data-end=\"999\">\u0160velni, kasdieniam naudojimui tinkama formul\u0117<\/li>\n<\/ul>\n<p data-start=\"1001\" data-end=\"1211\"><strong data-start=\"1001\" data-end=\"1016\">Naudojimas:<\/strong><br data-start=\"1016\" data-end=\"1019\" \/>Nedidel\u012f kiek\u012f \u0161amp\u016bno paskirstykite ant dr\u0117gn\u0173 plauk\u0173. \u0160velniai \u012fmasa\u017euokite \u012f galvos od\u0105 ir per vis\u0105 plauk\u0173 ilg\u012f. Palikite trumpam ir kruop\u0161\u010diai nuskalaukite vandeniu. Naudokite reguliariai.<\/p>\n","protected":false},"featured_media":17263,"comment_status":"open","ping_status":"closed","template":"","meta":[],"product_brand":[],"product_cat":[43,222],"product_tag":[],"class_list":{"0":"post-17261","1":"product","2":"type-product","3":"status-publish","4":"has-post-thumbnail","6":"product_cat-grozis","7":"product_cat-plauku-prieziuros-priemones","9":"first","10":"instock","11":"taxable","12":"shipping-taxable","13":"purchasable","14":"product-type-simple"},"_links":{"self":[{"href":"https:\/\/thequeenhouse.co.uk\/lt\/wp-json\/wp\/v2\/product\/17261","targetHints":{"allow":["GET"]}}],"collection":[{"href":"https:\/\/thequeenhouse.co.uk\/lt\/wp-json\/wp\/v2\/product"}],"about":[{"href":"https:\/\/thequeenhouse.co.uk\/lt\/wp-json\/wp\/v2\/types\/product"}],"replies":[{"embeddable":true,"href":"https:\/\/thequeenhouse.co.uk\/lt\/wp-json\/wp\/v2\/comments?post=17261"}],"wp:featuredmedia":[{"embeddable":true,"href":"https:\/\/thequeenhouse.co.uk\/lt\/wp-json\/wp\/v2\/media\/17263"}],"wp:attachment":[{"href":"https:\/\/thequeenhouse.co.uk\/lt\/wp-json\/wp\/v2\/media?parent=17261"}],"wp:term":[{"taxonomy":"product_brand","embeddable":true,"href":"https:\/\/thequeenhouse.co.uk\/lt\/wp-json\/wp\/v2\/product_brand?post=17261"},{"taxonomy":"product_cat","embeddable":true,"href":"https:\/\/thequeenhouse.co.uk\/lt\/wp-json\/wp\/v2\/product_cat?post=17261"},{"taxonomy":"product_tag","embeddable":true,"href":"https:\/\/thequeenhouse.co.uk\/lt\/wp-json\/wp\/v2\/product_tag?post=17261"}],"curies":[{"name":"wp","href":"https:\/\/api.w.org\/{rel}","templated":true}]}}