{"id":17269,"date":"2026-04-22T19:11:33","date_gmt":"2026-04-22T18:11:33","guid":{"rendered":"https:\/\/thequeenhouse.co.uk\/?post_type=product&#038;p=17269"},"modified":"2026-04-22T19:16:38","modified_gmt":"2026-04-22T18:16:38","slug":"agiva-sampunas-amino-keratin-800ml","status":"publish","type":"product","link":"https:\/\/thequeenhouse.co.uk\/lt\/produktas\/agiva-sampunas-amino-keratin-800ml\/","title":{"rendered":"AGIVA &#8211; \u0160amp\u016bnas &#8211; AMINO KERATIN 800ml"},"content":{"rendered":"<div class=\"ewa-rteLine\">\n<p><strong>AGIVA \u0161amp\u016bnas AMINO KERATIN<\/strong> \u2013 tai priemon\u0117 intensyviam plauk\u0173 atstatymui, skirta pa\u017eeist\u0173 ir nusilpusi\u0173 plauk\u0173 prie\u017ei\u016brai. Jo sud\u0117tyje esantis keratinas prisitvirtina prie pa\u017eeist\u0173 plauko viet\u0173, padeda atkurti plauko strukt\u016br\u0105 ir stiprina plauko folikul\u0105, suteikdamas sveikesn\u0119 bei glotnesn\u0119 i\u0161vaizd\u0105.<\/p>\n<\/div>\n<div class=\"ewa-rteLine\"><\/div>\n<div class=\"ewa-rteLine\">Amino r\u016bg\u0161tys stiprina plaukus i\u0161 vidaus, gerina j\u0173 elastingum\u0105 ir atsparum\u0105, tod\u0117l \u0161is \u0161amp\u016bnas ypa\u010d tinka plaukams, da\u017enai veikiamiems kar\u0161\u010dio formavimo prietais\u0173, salonini\u0173 chemini\u0173 proced\u016br\u0173 ar kit\u0173 aplinkos veiksni\u0173.<\/div>\n<div class=\"ewa-rteLine\"><\/div>\n<div class=\"ewa-rteLine\">\n<p>Be drusk\u0173 sukurta formul\u0117 padeda i\u0161vengti galimo sausumo ir sudirginimo, \u0161velniai valo galvos od\u0105 bei plaukus, i\u0161laikydama j\u0173 nat\u016brali\u0105 dr\u0117gm\u0117s pusiausvyr\u0105. Plaukai tampa stipresni, \u0161velnesni ir lengviau suvaldomi.<\/p>\n<p>Naudojimas:<br \/>\nU\u017etepkite nedidel\u012f kiek\u012f \u0161amp\u016bno ant dr\u0117gn\u0173 plauk\u0173. \u0160velniai \u012fmasa\u017euokite \u012f galvos od\u0105 ir vis\u0105 plauk\u0173 ilg\u012f, palikite kelioms akimirkoms, tuomet gerai nuskalaukite vandeniu. Rekomenduojama naudoti reguliariai.<\/p>\n<\/div>\n","protected":false},"excerpt":{"rendered":"<div class=\"ewa-rteLine\">\n<p><strong>AGIVA \u0161amp\u016bnas AMINO KERATIN<\/strong> \u2013 tai priemon\u0117 intensyviam plauk\u0173 atstatymui, skirta pa\u017eeist\u0173 ir nusilpusi\u0173 plauk\u0173 prie\u017ei\u016brai. Jo sud\u0117tyje esantis keratinas prisitvirtina prie pa\u017eeist\u0173 plauko viet\u0173, padeda atkurti plauko strukt\u016br\u0105 ir stiprina plauko folikul\u0105, suteikdamas sveikesn\u0119 bei glotnesn\u0119 i\u0161vaizd\u0105.<\/p>\n<\/div>\n<div class=\"ewa-rteLine\"><\/div>\n<div class=\"ewa-rteLine\">Amino r\u016bg\u0161tys stiprina plaukus i\u0161 vidaus, gerina j\u0173 elastingum\u0105 ir atsparum\u0105, tod\u0117l \u0161is \u0161amp\u016bnas ypa\u010d tinka plaukams, da\u017enai veikiamiems kar\u0161\u010dio formavimo prietais\u0173, salonini\u0173 chemini\u0173 proced\u016br\u0173 ar kit\u0173 aplinkos veiksni\u0173.<\/div>\n<div class=\"ewa-rteLine\"><\/div>\n<div class=\"ewa-rteLine\">\n<p>Be drusk\u0173 sukurta formul\u0117 padeda i\u0161vengti galimo sausumo ir sudirginimo, \u0161velniai valo galvos od\u0105 bei plaukus, i\u0161laikydama j\u0173 nat\u016brali\u0105 dr\u0117gm\u0117s pusiausvyr\u0105. Plaukai tampa stipresni, \u0161velnesni ir lengviau suvaldomi.<\/p>\n<p>Naudojimas:<br \/>\nU\u017etepkite nedidel\u012f kiek\u012f \u0161amp\u016bno ant dr\u0117gn\u0173 plauk\u0173. \u0160velniai \u012fmasa\u017euokite \u012f galvos od\u0105 ir vis\u0105 plauk\u0173 ilg\u012f, palikite kelioms akimirkoms, tuomet gerai nuskalaukite vandeniu. Rekomenduojama naudoti reguliariai.<\/p>\n<\/div>\n","protected":false},"featured_media":17277,"comment_status":"open","ping_status":"closed","template":"","meta":[],"product_brand":[],"product_cat":[43,222],"product_tag":[],"class_list":{"0":"post-17269","1":"product","2":"type-product","3":"status-publish","4":"has-post-thumbnail","6":"product_cat-grozis","7":"product_cat-plauku-prieziuros-priemones","9":"first","10":"instock","11":"taxable","12":"shipping-taxable","13":"purchasable","14":"product-type-simple"},"_links":{"self":[{"href":"https:\/\/thequeenhouse.co.uk\/lt\/wp-json\/wp\/v2\/product\/17269","targetHints":{"allow":["GET"]}}],"collection":[{"href":"https:\/\/thequeenhouse.co.uk\/lt\/wp-json\/wp\/v2\/product"}],"about":[{"href":"https:\/\/thequeenhouse.co.uk\/lt\/wp-json\/wp\/v2\/types\/product"}],"replies":[{"embeddable":true,"href":"https:\/\/thequeenhouse.co.uk\/lt\/wp-json\/wp\/v2\/comments?post=17269"}],"wp:featuredmedia":[{"embeddable":true,"href":"https:\/\/thequeenhouse.co.uk\/lt\/wp-json\/wp\/v2\/media\/17277"}],"wp:attachment":[{"href":"https:\/\/thequeenhouse.co.uk\/lt\/wp-json\/wp\/v2\/media?parent=17269"}],"wp:term":[{"taxonomy":"product_brand","embeddable":true,"href":"https:\/\/thequeenhouse.co.uk\/lt\/wp-json\/wp\/v2\/product_brand?post=17269"},{"taxonomy":"product_cat","embeddable":true,"href":"https:\/\/thequeenhouse.co.uk\/lt\/wp-json\/wp\/v2\/product_cat?post=17269"},{"taxonomy":"product_tag","embeddable":true,"href":"https:\/\/thequeenhouse.co.uk\/lt\/wp-json\/wp\/v2\/product_tag?post=17269"}],"curies":[{"name":"wp","href":"https:\/\/api.w.org\/{rel}","templated":true}]}}