{"id":17279,"date":"2026-04-22T19:36:22","date_gmt":"2026-04-22T18:36:22","guid":{"rendered":"https:\/\/thequeenhouse.co.uk\/?post_type=product&#038;p=17279"},"modified":"2026-04-22T19:39:52","modified_gmt":"2026-04-22T18:39:52","slug":"agiva-plauku-kauke-biotin-collagen-350ml-copy","status":"publish","type":"product","link":"https:\/\/thequeenhouse.co.uk\/lt\/produktas\/agiva-plauku-kauke-biotin-collagen-350ml-copy\/","title":{"rendered":"Agiva &#8211; Plauk\u0173 Kauk\u0117 AMINO KERATIN 350ml"},"content":{"rendered":"<p data-start=\"118\" data-end=\"154\"><strong data-start=\"118\" data-end=\"154\">AGIVA plauk\u0173 kauk\u0117 AMINO KERATIN<\/strong><\/p>\n<p data-start=\"156\" data-end=\"386\">Intensyviai atkurianti plauk\u0173 kauk\u0117, skirta silpniems, sausiems ir pa\u017eeistiems plaukams. Formul\u0117 su keratinu, amino r\u016bg\u0161timis ir nat\u016braliais aliejais padeda atkurti plauk\u0173 strukt\u016br\u0105, sustiprinti juos ir sugr\u0105\u017einti sveik\u0105 i\u0161vaizd\u0105.<\/p>\n<p data-start=\"388\" data-end=\"652\">Keratinas u\u017epildo pa\u017eeistas plauko vietas ir padeda atkurti jo pavir\u0161i\u0173, suteikdamas glotnumo. Amino r\u016bg\u0161tys stiprina plaukus i\u0161 vidaus, gerina j\u0173 elastingum\u0105 ir atsparum\u0105 l\u016b\u017ein\u0117jimui. Nat\u016bral\u016bs aliejai giliai maitina, mink\u0161tina plaukus ir suteikia jiems \u0161velnumo.<\/p>\n<p data-start=\"654\" data-end=\"807\">Reguliariai naudojant, plaukai tampa stipresni, glotnesni ir labiau spindintys. Kauk\u0117 puikiai tinka kaip savaitin\u0117 intensyvi prie\u017ei\u016bros priemon\u0117 namuose.<\/p>\n<p data-start=\"809\" data-end=\"833\"><strong data-start=\"809\" data-end=\"833\">Pagrindin\u0117s savyb\u0117s:<\/strong><\/p>\n<ul data-start=\"834\" data-end=\"1016\">\n<li data-section-id=\"1kadtex\" data-start=\"834\" data-end=\"877\">Skirta sausiems ir pa\u017eeistiems plaukams<\/li>\n<li data-section-id=\"16gwaye\" data-start=\"878\" data-end=\"913\">Padeda atkurti plauko strukt\u016br\u0105<\/li>\n<li data-section-id=\"1tyq6ql\" data-start=\"914\" data-end=\"948\">Stiprina ir gerina elastingum\u0105<\/li>\n<li data-section-id=\"pnj20j\" data-start=\"949\" data-end=\"981\">Maitina ir mink\u0161tina plaukus<\/li>\n<li data-section-id=\"chgo0n\" data-start=\"982\" data-end=\"1016\">Suteikia glotnumo ir spindesio<\/li>\n<\/ul>\n<p data-start=\"1018\" data-end=\"1234\"><strong data-start=\"1018\" data-end=\"1033\">Naudojimas:<\/strong><br data-start=\"1033\" data-end=\"1036\" \/>I\u0161plaukite plaukus \u0161velniu \u0161amp\u016bnu ir nuskalaukite. U\u017etepkite gaus\u0173 kiek\u012f kauk\u0117s ant dr\u0117gn\u0173 plauk\u0173 nuo \u0161akn\u0173 iki galiuk\u0173. Palikite veikti 5\u201310 minu\u010di\u0173, tuomet kruop\u0161\u010diai i\u0161skalaukite \u0161iltu vandeniu.<\/p>\n","protected":false},"excerpt":{"rendered":"<p data-start=\"118\" data-end=\"154\"><strong data-start=\"118\" data-end=\"154\">AGIVA plauk\u0173 kauk\u0117 AMINO KERATIN<\/strong><\/p>\n<p data-start=\"156\" data-end=\"386\">Intensyviai atkurianti plauk\u0173 kauk\u0117, skirta silpniems, sausiems ir pa\u017eeistiems plaukams. Formul\u0117 su keratinu, amino r\u016bg\u0161timis ir nat\u016braliais aliejais padeda atkurti plauk\u0173 strukt\u016br\u0105, sustiprinti juos ir sugr\u0105\u017einti sveik\u0105 i\u0161vaizd\u0105.<\/p>\n<p data-start=\"388\" data-end=\"652\">Keratinas u\u017epildo pa\u017eeistas plauko vietas ir padeda atkurti jo pavir\u0161i\u0173, suteikdamas glotnumo. Amino r\u016bg\u0161tys stiprina plaukus i\u0161 vidaus, gerina j\u0173 elastingum\u0105 ir atsparum\u0105 l\u016b\u017ein\u0117jimui. Nat\u016bral\u016bs aliejai giliai maitina, mink\u0161tina plaukus ir suteikia jiems \u0161velnumo.<\/p>\n<p data-start=\"654\" data-end=\"807\">Reguliariai naudojant, plaukai tampa stipresni, glotnesni ir labiau spindintys. Kauk\u0117 puikiai tinka kaip savaitin\u0117 intensyvi prie\u017ei\u016bros priemon\u0117 namuose.<\/p>\n<p data-start=\"809\" data-end=\"833\"><strong data-start=\"809\" data-end=\"833\">Pagrindin\u0117s savyb\u0117s:<\/strong><\/p>\n<ul data-start=\"834\" data-end=\"1016\">\n<li data-section-id=\"1kadtex\" data-start=\"834\" data-end=\"877\">Skirta sausiems ir pa\u017eeistiems plaukams<\/li>\n<li data-section-id=\"16gwaye\" data-start=\"878\" data-end=\"913\">Padeda atkurti plauko strukt\u016br\u0105<\/li>\n<li data-section-id=\"1tyq6ql\" data-start=\"914\" data-end=\"948\">Stiprina ir gerina elastingum\u0105<\/li>\n<li data-section-id=\"pnj20j\" data-start=\"949\" data-end=\"981\">Maitina ir mink\u0161tina plaukus<\/li>\n<li data-section-id=\"chgo0n\" data-start=\"982\" data-end=\"1016\">Suteikia glotnumo ir spindesio<\/li>\n<\/ul>\n<p data-start=\"1018\" data-end=\"1234\"><strong data-start=\"1018\" data-end=\"1033\">Naudojimas:<\/strong><br data-start=\"1033\" data-end=\"1036\" \/>I\u0161plaukite plaukus \u0161velniu \u0161amp\u016bnu ir nuskalaukite. U\u017etepkite gaus\u0173 kiek\u012f kauk\u0117s ant dr\u0117gn\u0173 plauk\u0173 nuo \u0161akn\u0173 iki galiuk\u0173. Palikite veikti 5\u201310 minu\u010di\u0173, tuomet kruop\u0161\u010diai i\u0161skalaukite \u0161iltu vandeniu.<\/p>\n","protected":false},"featured_media":17281,"comment_status":"open","ping_status":"closed","template":"","meta":[],"product_brand":[],"product_cat":[43,222],"product_tag":[],"class_list":{"0":"post-17279","1":"product","2":"type-product","3":"status-publish","4":"has-post-thumbnail","6":"product_cat-grozis","7":"product_cat-plauku-prieziuros-priemones","9":"first","10":"instock","11":"taxable","12":"shipping-taxable","13":"purchasable","14":"product-type-simple"},"_links":{"self":[{"href":"https:\/\/thequeenhouse.co.uk\/lt\/wp-json\/wp\/v2\/product\/17279","targetHints":{"allow":["GET"]}}],"collection":[{"href":"https:\/\/thequeenhouse.co.uk\/lt\/wp-json\/wp\/v2\/product"}],"about":[{"href":"https:\/\/thequeenhouse.co.uk\/lt\/wp-json\/wp\/v2\/types\/product"}],"replies":[{"embeddable":true,"href":"https:\/\/thequeenhouse.co.uk\/lt\/wp-json\/wp\/v2\/comments?post=17279"}],"wp:featuredmedia":[{"embeddable":true,"href":"https:\/\/thequeenhouse.co.uk\/lt\/wp-json\/wp\/v2\/media\/17281"}],"wp:attachment":[{"href":"https:\/\/thequeenhouse.co.uk\/lt\/wp-json\/wp\/v2\/media?parent=17279"}],"wp:term":[{"taxonomy":"product_brand","embeddable":true,"href":"https:\/\/thequeenhouse.co.uk\/lt\/wp-json\/wp\/v2\/product_brand?post=17279"},{"taxonomy":"product_cat","embeddable":true,"href":"https:\/\/thequeenhouse.co.uk\/lt\/wp-json\/wp\/v2\/product_cat?post=17279"},{"taxonomy":"product_tag","embeddable":true,"href":"https:\/\/thequeenhouse.co.uk\/lt\/wp-json\/wp\/v2\/product_tag?post=17279"}],"curies":[{"name":"wp","href":"https:\/\/api.w.org\/{rel}","templated":true}]}}