{"id":17283,"date":"2026-04-22T19:45:45","date_gmt":"2026-04-22T18:45:45","guid":{"rendered":"https:\/\/thequeenhouse.co.uk\/?post_type=product&#038;p=17283"},"modified":"2026-04-22T19:49:34","modified_gmt":"2026-04-22T18:49:34","slug":"agiva-dvifazis-purskiamas-kondicionierius-milk-protein-sausiems-ir-pazeistiems-plaukams-100-ml-copy","status":"publish","type":"product","link":"https:\/\/thequeenhouse.co.uk\/lt\/produktas\/agiva-dvifazis-purskiamas-kondicionierius-milk-protein-sausiems-ir-pazeistiems-plaukams-100-ml-copy\/","title":{"rendered":"AGIVA &#8211; Dvifazis Pur\u0161kiamas Kondicionierius KERATIN COMPLEX \u2013 400 ml"},"content":{"rendered":"<p data-start=\"120\" data-end=\"181\"><strong data-start=\"120\" data-end=\"181\">AGIVA dvifazis pur\u0161kiamas kondicionierius KERATIN COMPLEX<\/strong><\/p>\n<p data-start=\"183\" data-end=\"453\">Profesionali nenuplaunama plauk\u0173 prie\u017ei\u016bros priemon\u0117, skirta pa\u017eeistiems, silpniems ir l\u016b\u017ein\u0117jantiems plaukams. Dvifaz\u0117 formul\u0117 su keratino mineralais, TRI-MEA kompleksu, akacijos kolagenu ir augaliniu keratinu padeda intensyviai atkurti, stiprinti ir apsaugoti plaukus.<\/p>\n<p data-start=\"455\" data-end=\"656\">Liposom\u0173 technologija u\u017etikrina tikslin\u012f veikli\u0173j\u0173 med\u017eiag\u0173, ypa\u010d keratino, patekim\u0105 \u012f labiausiai pa\u017eeistas plauko vietas. D\u0117l to plaukai tampa stipresni, lygesni ir atsparesni kasdieniams pa\u017eeidimams.<\/p>\n<p data-start=\"658\" data-end=\"688\"><strong data-start=\"658\" data-end=\"688\">8 naudos viename produkte:<\/strong><\/p>\n<ul data-start=\"689\" data-end=\"923\">\n<li data-section-id=\"h3bmbl\" data-start=\"689\" data-end=\"714\">Skatina plauk\u0173 augim\u0105<\/li>\n<li data-section-id=\"1jg5mpz\" data-start=\"715\" data-end=\"735\">Stiprina plaukus<\/li>\n<li data-section-id=\"1g7n41\" data-start=\"736\" data-end=\"771\">Suteikia ilgai i\u0161liekant\u012f kvap\u0105<\/li>\n<li data-section-id=\"o87noh\" data-start=\"772\" data-end=\"803\">Suteikia intensyv\u0173 blizges\u012f<\/li>\n<li data-section-id=\"1yjmbfo\" data-start=\"804\" data-end=\"815\">Dr\u0117kina<\/li>\n<li data-section-id=\"1s5q22g\" data-start=\"816\" data-end=\"852\">Apsaugo nuo kar\u0161\u010dio (iki 230 \u00b0C)<\/li>\n<li data-section-id=\"1y9sc14\" data-start=\"853\" data-end=\"878\">Palengvina i\u0161\u0161ukavim\u0105<\/li>\n<li data-section-id=\"arcrsc\" data-start=\"879\" data-end=\"923\">UV filtras \u2013 apsauga nuo saul\u0117s poveikio<\/li>\n<\/ul>\n<p data-start=\"925\" data-end=\"1090\">Lengva, neapsunkinanti formul\u0117 tinka kasdieniam naudojimui ir vis\u0173 tip\u0173 plaukams. Puikiai tinka naudojant plauk\u0173 d\u017eiovintuv\u0105, tiesintuv\u0105 ar kitus formavimo \u012frankius.<\/p>\n<p data-start=\"1092\" data-end=\"1129\"><strong data-start=\"1092\" data-end=\"1129\">Rezultatas reguliariai naudojant:<\/strong><\/p>\n<ul data-start=\"1130\" data-end=\"1280\">\n<li data-section-id=\"11om9an\" data-start=\"1130\" data-end=\"1172\">stipresni, ma\u017eiau l\u016b\u017ein\u0117jantys plaukai<\/li>\n<li data-section-id=\"4yer4w\" data-start=\"1173\" data-end=\"1210\">glotnesni ir ma\u017eiau besip\u016b\u010diantys<\/li>\n<li data-section-id=\"jr6ddr\" data-start=\"1211\" data-end=\"1249\">mink\u0161tesni ir lengviau i\u0161\u0161ukuojami<\/li>\n<li data-section-id=\"xt7d54\" data-start=\"1250\" data-end=\"1280\">spindintys ir gyvybingesni<\/li>\n<\/ul>\n<p data-start=\"1282\" data-end=\"1307\"><strong data-start=\"1282\" data-end=\"1307\">Papildomi privalumai:<\/strong><\/p>\n<ul data-start=\"1308\" data-end=\"1423\">\n<li data-section-id=\"18hvcjt\" data-start=\"1308\" data-end=\"1329\">Vegani\u0161ka formul\u0117<\/li>\n<li data-section-id=\"1ukskq\" data-start=\"1330\" data-end=\"1356\">Netestuota su gyv\u016bnais<\/li>\n<li data-section-id=\"855gx1\" data-start=\"1357\" data-end=\"1388\">Perdirbamo plastiko pakuot\u0117<\/li>\n<li data-section-id=\"xybseu\" data-start=\"1389\" data-end=\"1423\">Profesionali prie\u017ei\u016bra namuose<\/li>\n<\/ul>\n<p data-start=\"1425\" data-end=\"1627\"><strong data-start=\"1425\" data-end=\"1440\">Naudojimas:<\/strong><br data-start=\"1440\" data-end=\"1443\" \/>Prie\u0161 naudojim\u0105 gerai suplakite. Purk\u0161kite ant dr\u0117gn\u0173 arba saus\u0173 plauk\u0173 i\u0161 15\u201330 cm atstumo, paskirstydami per vidurin\u0119 plauk\u0173 dal\u012f ir galiukus. I\u0161\u0161ukuokite ir formuokite kaip \u012fprasta.<\/p>\n","protected":false},"excerpt":{"rendered":"<p data-start=\"120\" data-end=\"181\"><strong data-start=\"120\" data-end=\"181\">AGIVA dvifazis pur\u0161kiamas kondicionierius KERATIN COMPLEX<\/strong><\/p>\n<p data-start=\"183\" data-end=\"453\">Profesionali nenuplaunama plauk\u0173 prie\u017ei\u016bros priemon\u0117, skirta pa\u017eeistiems, silpniems ir l\u016b\u017ein\u0117jantiems plaukams. Dvifaz\u0117 formul\u0117 su keratino mineralais, TRI-MEA kompleksu, akacijos kolagenu ir augaliniu keratinu padeda intensyviai atkurti, stiprinti ir apsaugoti plaukus.<\/p>\n<p data-start=\"455\" data-end=\"656\">Liposom\u0173 technologija u\u017etikrina tikslin\u012f veikli\u0173j\u0173 med\u017eiag\u0173, ypa\u010d keratino, patekim\u0105 \u012f labiausiai pa\u017eeistas plauko vietas. D\u0117l to plaukai tampa stipresni, lygesni ir atsparesni kasdieniams pa\u017eeidimams.<\/p>\n<p data-start=\"658\" data-end=\"688\"><strong data-start=\"658\" data-end=\"688\">8 naudos viename produkte:<\/strong><\/p>\n<ul data-start=\"689\" data-end=\"923\">\n<li data-section-id=\"h3bmbl\" data-start=\"689\" data-end=\"714\">Skatina plauk\u0173 augim\u0105<\/li>\n<li data-section-id=\"1jg5mpz\" data-start=\"715\" data-end=\"735\">Stiprina plaukus<\/li>\n<li data-section-id=\"1g7n41\" data-start=\"736\" data-end=\"771\">Suteikia ilgai i\u0161liekant\u012f kvap\u0105<\/li>\n<li data-section-id=\"o87noh\" data-start=\"772\" data-end=\"803\">Suteikia intensyv\u0173 blizges\u012f<\/li>\n<li data-section-id=\"1yjmbfo\" data-start=\"804\" data-end=\"815\">Dr\u0117kina<\/li>\n<li data-section-id=\"1s5q22g\" data-start=\"816\" data-end=\"852\">Apsaugo nuo kar\u0161\u010dio (iki 230 \u00b0C)<\/li>\n<li data-section-id=\"1y9sc14\" data-start=\"853\" data-end=\"878\">Palengvina i\u0161\u0161ukavim\u0105<\/li>\n<li data-section-id=\"arcrsc\" data-start=\"879\" data-end=\"923\">UV filtras \u2013 apsauga nuo saul\u0117s poveikio<\/li>\n<\/ul>\n<p data-start=\"925\" data-end=\"1090\">Lengva, neapsunkinanti formul\u0117 tinka kasdieniam naudojimui ir vis\u0173 tip\u0173 plaukams. Puikiai tinka naudojant plauk\u0173 d\u017eiovintuv\u0105, tiesintuv\u0105 ar kitus formavimo \u012frankius.<\/p>\n<p data-start=\"1092\" data-end=\"1129\"><strong data-start=\"1092\" data-end=\"1129\">Rezultatas reguliariai naudojant:<\/strong><\/p>\n<ul data-start=\"1130\" data-end=\"1280\">\n<li data-section-id=\"11om9an\" data-start=\"1130\" data-end=\"1172\">stipresni, ma\u017eiau l\u016b\u017ein\u0117jantys plaukai<\/li>\n<li data-section-id=\"4yer4w\" data-start=\"1173\" data-end=\"1210\">glotnesni ir ma\u017eiau besip\u016b\u010diantys<\/li>\n<li data-section-id=\"jr6ddr\" data-start=\"1211\" data-end=\"1249\">mink\u0161tesni ir lengviau i\u0161\u0161ukuojami<\/li>\n<li data-section-id=\"xt7d54\" data-start=\"1250\" data-end=\"1280\">spindintys ir gyvybingesni<\/li>\n<\/ul>\n<p data-start=\"1282\" data-end=\"1307\"><strong data-start=\"1282\" data-end=\"1307\">Papildomi privalumai:<\/strong><\/p>\n<ul data-start=\"1308\" data-end=\"1423\">\n<li data-section-id=\"18hvcjt\" data-start=\"1308\" data-end=\"1329\">Vegani\u0161ka formul\u0117<\/li>\n<li data-section-id=\"1ukskq\" data-start=\"1330\" data-end=\"1356\">Netestuota su gyv\u016bnais<\/li>\n<li data-section-id=\"855gx1\" data-start=\"1357\" data-end=\"1388\">Perdirbamo plastiko pakuot\u0117<\/li>\n<li data-section-id=\"xybseu\" data-start=\"1389\" data-end=\"1423\">Profesionali prie\u017ei\u016bra namuose<\/li>\n<\/ul>\n<p data-start=\"1425\" data-end=\"1627\"><strong data-start=\"1425\" data-end=\"1440\">Naudojimas:<\/strong><br data-start=\"1440\" data-end=\"1443\" \/>Prie\u0161 naudojim\u0105 gerai suplakite. Purk\u0161kite ant dr\u0117gn\u0173 arba saus\u0173 plauk\u0173 i\u0161 15\u201330 cm atstumo, paskirstydami per vidurin\u0119 plauk\u0173 dal\u012f ir galiukus. I\u0161\u0161ukuokite ir formuokite kaip \u012fprasta.<\/p>\n","protected":false},"featured_media":17285,"comment_status":"open","ping_status":"closed","template":"","meta":[],"product_brand":[],"product_cat":[43,222],"product_tag":[],"class_list":{"0":"post-17283","1":"product","2":"type-product","3":"status-publish","4":"has-post-thumbnail","6":"product_cat-grozis","7":"product_cat-plauku-prieziuros-priemones","9":"first","10":"instock","11":"taxable","12":"shipping-taxable","13":"purchasable","14":"product-type-simple"},"_links":{"self":[{"href":"https:\/\/thequeenhouse.co.uk\/lt\/wp-json\/wp\/v2\/product\/17283","targetHints":{"allow":["GET"]}}],"collection":[{"href":"https:\/\/thequeenhouse.co.uk\/lt\/wp-json\/wp\/v2\/product"}],"about":[{"href":"https:\/\/thequeenhouse.co.uk\/lt\/wp-json\/wp\/v2\/types\/product"}],"replies":[{"embeddable":true,"href":"https:\/\/thequeenhouse.co.uk\/lt\/wp-json\/wp\/v2\/comments?post=17283"}],"wp:featuredmedia":[{"embeddable":true,"href":"https:\/\/thequeenhouse.co.uk\/lt\/wp-json\/wp\/v2\/media\/17285"}],"wp:attachment":[{"href":"https:\/\/thequeenhouse.co.uk\/lt\/wp-json\/wp\/v2\/media?parent=17283"}],"wp:term":[{"taxonomy":"product_brand","embeddable":true,"href":"https:\/\/thequeenhouse.co.uk\/lt\/wp-json\/wp\/v2\/product_brand?post=17283"},{"taxonomy":"product_cat","embeddable":true,"href":"https:\/\/thequeenhouse.co.uk\/lt\/wp-json\/wp\/v2\/product_cat?post=17283"},{"taxonomy":"product_tag","embeddable":true,"href":"https:\/\/thequeenhouse.co.uk\/lt\/wp-json\/wp\/v2\/product_tag?post=17283"}],"curies":[{"name":"wp","href":"https:\/\/api.w.org\/{rel}","templated":true}]}}