{"id":17287,"date":"2026-04-22T20:06:44","date_gmt":"2026-04-22T19:06:44","guid":{"rendered":"https:\/\/thequeenhouse.co.uk\/?post_type=product&#038;p=17287"},"modified":"2026-04-22T20:10:11","modified_gmt":"2026-04-22T19:10:11","slug":"agiva-dvifazis-purskiamas-kondicionierius-keratin-complex-400-ml-copy","status":"publish","type":"product","link":"https:\/\/thequeenhouse.co.uk\/lt\/produktas\/agiva-dvifazis-purskiamas-kondicionierius-keratin-complex-400-ml-copy\/","title":{"rendered":"AGIVA &#8211; \u0160amp\u016bnas KERATIN COMPLEX (1L)"},"content":{"rendered":"<p data-start=\"120\" data-end=\"154\"><strong data-start=\"120\" data-end=\"154\">AGIVA \u0161amp\u016bnas KERATIN COMPLEX 1000ml<\/strong><\/p>\n<p data-start=\"156\" data-end=\"431\">Pa\u017eangi stiprinamoji formul\u0117, skirta pa\u017eeistiems, silpniems ir l\u016b\u017ein\u0117jantiems plaukams. \u0160amp\u016bnas su keratino mineralais, TRI-MEA kompleksu, akacijos kolagenu ir augaliniu keratinu padeda atkurti plauk\u0173 strukt\u016br\u0105, juos sustiprinti ir apsaugoti nuo kasdienio aplinkos poveikio.<\/p>\n<p data-start=\"433\" data-end=\"597\">Liposom\u0173 technologija leid\u017eia veikliosioms med\u017eiagoms, ypa\u010d keratinui, tiksliai pasiekti labiausiai pa\u017eeistas plauko vietas, taip u\u017etikrinant efektyvesn\u012f atstatym\u0105.<\/p>\n<p data-start=\"599\" data-end=\"629\"><strong data-start=\"599\" data-end=\"629\">7 naudos viename produkte:<\/strong><\/p>\n<ul data-start=\"630\" data-end=\"827\">\n<li data-section-id=\"h3bmbl\" data-start=\"630\" data-end=\"655\">Skatina plauk\u0173 augim\u0105<\/li>\n<li data-section-id=\"1jg5mpz\" data-start=\"656\" data-end=\"676\">Stiprina plaukus<\/li>\n<li data-section-id=\"1g7n41\" data-start=\"677\" data-end=\"712\">Suteikia ilgai i\u0161liekant\u012f kvap\u0105<\/li>\n<li data-section-id=\"o87noh\" data-start=\"713\" data-end=\"744\">Suteikia intensyv\u0173 blizges\u012f<\/li>\n<li data-section-id=\"1yjmbfo\" data-start=\"745\" data-end=\"756\">Dr\u0117kina<\/li>\n<li data-section-id=\"1y9sc14\" data-start=\"757\" data-end=\"782\">Palengvina i\u0161\u0161ukavim\u0105<\/li>\n<li data-section-id=\"arcrsc\" data-start=\"783\" data-end=\"827\">UV filtras \u2013 apsauga nuo saul\u0117s poveikio<\/li>\n<\/ul>\n<p data-start=\"829\" data-end=\"944\">\u0160amp\u016bnas \u0161velniai valo plaukus ir galvos od\u0105, padeda i\u0161laikyti nat\u016brali\u0105 dr\u0117gm\u0117s pusiausvyr\u0105 ir neapsunkina plauk\u0173.<\/p>\n<p data-start=\"946\" data-end=\"983\"><strong data-start=\"946\" data-end=\"983\">Rezultatas reguliariai naudojant:<\/strong><\/p>\n<ul data-start=\"984\" data-end=\"1115\">\n<li data-section-id=\"1j3g1ey\" data-start=\"984\" data-end=\"1031\">stipresni ir atsparesni l\u016b\u017ein\u0117jimui plaukai<\/li>\n<li data-section-id=\"micpax\" data-start=\"1032\" data-end=\"1059\">mink\u0161tesni ir glotnesni<\/li>\n<li data-section-id=\"yvhzlg\" data-start=\"1060\" data-end=\"1084\">ma\u017eiau besip\u016b\u010diantys<\/li>\n<li data-section-id=\"xt7d54\" data-start=\"1085\" data-end=\"1115\">spindintys ir gyvybingesni<\/li>\n<\/ul>\n<p data-start=\"1117\" data-end=\"1142\"><strong data-start=\"1117\" data-end=\"1142\">Papildomi privalumai:<\/strong><\/p>\n<ul data-start=\"1143\" data-end=\"1255\">\n<li data-section-id=\"18hvcjt\" data-start=\"1143\" data-end=\"1164\">Vegani\u0161ka formul\u0117<\/li>\n<li data-section-id=\"1ukskq\" data-start=\"1165\" data-end=\"1191\">Netestuota su gyv\u016bnais<\/li>\n<li data-section-id=\"855gx1\" data-start=\"1192\" data-end=\"1223\">Perdirbamo plastiko pakuot\u0117<\/li>\n<li data-section-id=\"h6k0tk\" data-start=\"1224\" data-end=\"1255\">Tinka kasdieniam naudojimui<\/li>\n<\/ul>\n<p data-start=\"1257\" data-end=\"1468\"><strong data-start=\"1257\" data-end=\"1272\">Naudojimas:<\/strong><br data-start=\"1272\" data-end=\"1275\" \/>U\u017etepkite nedidel\u012f kiek\u012f \u0161amp\u016bno ant dr\u0117gn\u0173 plauk\u0173. \u0160velniai \u012fmasa\u017euokite \u012f galvos od\u0105 ir per vis\u0105 plauk\u0173 ilg\u012f. Palikite trumpam, tuomet kruop\u0161\u010diai nuskalaukite vandeniu. Naudokite reguliariai.<\/p>\n","protected":false},"excerpt":{"rendered":"<p data-start=\"120\" data-end=\"154\"><strong data-start=\"120\" data-end=\"154\">AGIVA \u0161amp\u016bnas KERATIN COMPLEX<\/strong><\/p>\n<p data-start=\"156\" data-end=\"431\">Pa\u017eangi stiprinamoji formul\u0117, skirta pa\u017eeistiems, silpniems ir l\u016b\u017ein\u0117jantiems plaukams. \u0160amp\u016bnas su keratino mineralais, TRI-MEA kompleksu, akacijos kolagenu ir augaliniu keratinu padeda atkurti plauk\u0173 strukt\u016br\u0105, juos sustiprinti ir apsaugoti nuo kasdienio aplinkos poveikio.<\/p>\n<p data-start=\"433\" data-end=\"597\">Liposom\u0173 technologija leid\u017eia veikliosioms med\u017eiagoms, ypa\u010d keratinui, tiksliai pasiekti labiausiai pa\u017eeistas plauko vietas, taip u\u017etikrinant efektyvesn\u012f atstatym\u0105.<\/p>\n<p data-start=\"599\" data-end=\"629\"><strong data-start=\"599\" data-end=\"629\">7 naudos viename produkte:<\/strong><\/p>\n<ul data-start=\"630\" data-end=\"827\">\n<li data-section-id=\"h3bmbl\" data-start=\"630\" data-end=\"655\">Skatina plauk\u0173 augim\u0105<\/li>\n<li data-section-id=\"1jg5mpz\" data-start=\"656\" data-end=\"676\">Stiprina plaukus<\/li>\n<li data-section-id=\"1g7n41\" data-start=\"677\" data-end=\"712\">Suteikia ilgai i\u0161liekant\u012f kvap\u0105<\/li>\n<li data-section-id=\"o87noh\" data-start=\"713\" data-end=\"744\">Suteikia intensyv\u0173 blizges\u012f<\/li>\n<li data-section-id=\"1yjmbfo\" data-start=\"745\" data-end=\"756\">Dr\u0117kina<\/li>\n<li data-section-id=\"1y9sc14\" data-start=\"757\" data-end=\"782\">Palengvina i\u0161\u0161ukavim\u0105<\/li>\n<li data-section-id=\"arcrsc\" data-start=\"783\" data-end=\"827\">UV filtras \u2013 apsauga nuo saul\u0117s poveikio<\/li>\n<\/ul>\n<p data-start=\"829\" data-end=\"944\">\u0160amp\u016bnas \u0161velniai valo plaukus ir galvos od\u0105, padeda i\u0161laikyti nat\u016brali\u0105 dr\u0117gm\u0117s pusiausvyr\u0105 ir neapsunkina plauk\u0173.<\/p>\n<p data-start=\"946\" data-end=\"983\"><strong data-start=\"946\" data-end=\"983\">Rezultatas reguliariai naudojant:<\/strong><\/p>\n<ul data-start=\"984\" data-end=\"1115\">\n<li data-section-id=\"1j3g1ey\" data-start=\"984\" data-end=\"1031\">stipresni ir atsparesni l\u016b\u017ein\u0117jimui plaukai<\/li>\n<li data-section-id=\"micpax\" data-start=\"1032\" data-end=\"1059\">mink\u0161tesni ir glotnesni<\/li>\n<li data-section-id=\"yvhzlg\" data-start=\"1060\" data-end=\"1084\">ma\u017eiau besip\u016b\u010diantys<\/li>\n<li data-section-id=\"xt7d54\" data-start=\"1085\" data-end=\"1115\">spindintys ir gyvybingesni<\/li>\n<\/ul>\n<p data-start=\"1117\" data-end=\"1142\"><strong data-start=\"1117\" data-end=\"1142\">Papildomi privalumai:<\/strong><\/p>\n<ul data-start=\"1143\" data-end=\"1255\">\n<li data-section-id=\"18hvcjt\" data-start=\"1143\" data-end=\"1164\">Vegani\u0161ka formul\u0117<\/li>\n<li data-section-id=\"1ukskq\" data-start=\"1165\" data-end=\"1191\">Netestuota su gyv\u016bnais<\/li>\n<li data-section-id=\"855gx1\" data-start=\"1192\" data-end=\"1223\">Perdirbamo plastiko pakuot\u0117<\/li>\n<li data-section-id=\"h6k0tk\" data-start=\"1224\" data-end=\"1255\">Tinka kasdieniam naudojimui<\/li>\n<\/ul>\n<p data-start=\"1257\" data-end=\"1468\"><strong data-start=\"1257\" data-end=\"1272\">Naudojimas:<\/strong><br data-start=\"1272\" data-end=\"1275\" \/>U\u017etepkite nedidel\u012f kiek\u012f \u0161amp\u016bno ant dr\u0117gn\u0173 plauk\u0173. \u0160velniai \u012fmasa\u017euokite \u012f galvos od\u0105 ir per vis\u0105 plauk\u0173 ilg\u012f. Palikite trumpam, tuomet kruop\u0161\u010diai nuskalaukite vandeniu. Naudokite reguliariai.<\/p>\n","protected":false},"featured_media":17289,"comment_status":"open","ping_status":"closed","template":"","meta":[],"product_brand":[],"product_cat":[43,222],"product_tag":[],"class_list":{"0":"post-17287","1":"product","2":"type-product","3":"status-publish","4":"has-post-thumbnail","6":"product_cat-grozis","7":"product_cat-plauku-prieziuros-priemones","9":"first","10":"instock","11":"taxable","12":"shipping-taxable","13":"purchasable","14":"product-type-simple"},"_links":{"self":[{"href":"https:\/\/thequeenhouse.co.uk\/lt\/wp-json\/wp\/v2\/product\/17287","targetHints":{"allow":["GET"]}}],"collection":[{"href":"https:\/\/thequeenhouse.co.uk\/lt\/wp-json\/wp\/v2\/product"}],"about":[{"href":"https:\/\/thequeenhouse.co.uk\/lt\/wp-json\/wp\/v2\/types\/product"}],"replies":[{"embeddable":true,"href":"https:\/\/thequeenhouse.co.uk\/lt\/wp-json\/wp\/v2\/comments?post=17287"}],"wp:featuredmedia":[{"embeddable":true,"href":"https:\/\/thequeenhouse.co.uk\/lt\/wp-json\/wp\/v2\/media\/17289"}],"wp:attachment":[{"href":"https:\/\/thequeenhouse.co.uk\/lt\/wp-json\/wp\/v2\/media?parent=17287"}],"wp:term":[{"taxonomy":"product_brand","embeddable":true,"href":"https:\/\/thequeenhouse.co.uk\/lt\/wp-json\/wp\/v2\/product_brand?post=17287"},{"taxonomy":"product_cat","embeddable":true,"href":"https:\/\/thequeenhouse.co.uk\/lt\/wp-json\/wp\/v2\/product_cat?post=17287"},{"taxonomy":"product_tag","embeddable":true,"href":"https:\/\/thequeenhouse.co.uk\/lt\/wp-json\/wp\/v2\/product_tag?post=17287"}],"curies":[{"name":"wp","href":"https:\/\/api.w.org\/{rel}","templated":true}]}}