{"id":17292,"date":"2026-04-23T07:20:30","date_gmt":"2026-04-23T06:20:30","guid":{"rendered":"https:\/\/thequeenhouse.co.uk\/?post_type=product&#038;p=17292"},"modified":"2026-04-23T07:23:55","modified_gmt":"2026-04-23T06:23:55","slug":"agiva-sampunas-keratin-complex-1l-copy","status":"publish","type":"product","link":"https:\/\/thequeenhouse.co.uk\/lt\/produktas\/agiva-sampunas-keratin-complex-1l-copy\/","title":{"rendered":"AGIVA &#8211; K\u016bno \u0160veitiklis &#8211; MANDARIN WAFFLE 300ml"},"content":{"rendered":"<p data-start=\"117\" data-end=\"158\"><strong data-start=\"117\" data-end=\"158\">AGIVA k\u016bno \u0161veitiklis MANDARIN WAFFLE<\/strong><\/p>\n<p data-start=\"160\" data-end=\"392\">\u0160velnus k\u016bno \u0161veitiklis su subtiliu mandarin\u0173 aromatu, skirtas kasdienei odos prie\u017ei\u016brai. Nat\u016brali\u0173 vaisi\u0173 AHA r\u016bg\u0161\u010di\u0173 derinys padeda efektyviai pa\u0161alinti negyvas odos l\u0105steles, gerina odos tekst\u016br\u0105 ir suteikia jai sveik\u0105 \u0161vyt\u0117jim\u0105.<\/p>\n<p data-start=\"394\" data-end=\"597\">Lengva tekst\u016bra leid\u017eia priemonei tolygiai pasiskirstyti ant odos, o po naudojimo ji tampa \u0161velni, lygi ir maloniai mink\u0161ta. \u0160veitiklis nepalieka riebumo poj\u016b\u010dio, tod\u0117l oda jau\u010diasi gaivi ir komforti\u0161ka.<\/p>\n<p data-start=\"599\" data-end=\"697\">Puikiai tinka reguliariai prie\u017ei\u016brai, norint i\u0161laikyti od\u0105 glotni\u0105, mink\u0161t\u0105 ir sveikai atrodan\u010di\u0105.<\/p>\n<p data-start=\"699\" data-end=\"723\"><strong data-start=\"699\" data-end=\"723\">Pagrindin\u0117s savyb\u0117s:<\/strong><\/p>\n<ul data-start=\"724\" data-end=\"885\">\n<li data-section-id=\"1o7xm0k\" data-start=\"724\" data-end=\"767\">\u0160velniai pa\u0161alina negyvas odos l\u0105steles<\/li>\n<li data-section-id=\"4q99s8\" data-start=\"768\" data-end=\"792\">Gerina odos tekst\u016br\u0105<\/li>\n<li data-section-id=\"qe0itr\" data-start=\"793\" data-end=\"824\">Suteikia nat\u016bral\u0173 \u0161vyt\u0117jim\u0105<\/li>\n<li data-section-id=\"1ef3c51\" data-start=\"825\" data-end=\"852\">Lengva, neriebi formul\u0117<\/li>\n<li data-section-id=\"tuhs4k\" data-start=\"853\" data-end=\"885\">Tinka reguliariam naudojimui<\/li>\n<\/ul>\n<p data-start=\"887\" data-end=\"1103\"><strong data-start=\"887\" data-end=\"902\">Naudojimas:<\/strong><br data-start=\"902\" data-end=\"905\" \/>Tepkite ant \u0161varios, dr\u0117gnos odos sukamaisiais judesiais. Ypating\u0105 d\u0117mes\u012f skirkite \u0161iurk\u0161tesn\u0117ms vietoms, tokioms kaip alk\u016bn\u0117s ar keliai. Palikite kelioms minut\u0117ms, tada nuskalaukite \u0161iltu vandeniu.<\/p>\n","protected":false},"excerpt":{"rendered":"<p data-start=\"117\" data-end=\"158\"><strong data-start=\"117\" data-end=\"158\">AGIVA k\u016bno \u0161veitiklis MANDARIN WAFFLE<\/strong><\/p>\n<p data-start=\"160\" data-end=\"392\">\u0160velnus k\u016bno \u0161veitiklis su subtiliu mandarin\u0173 aromatu, skirtas kasdienei odos prie\u017ei\u016brai. Nat\u016brali\u0173 vaisi\u0173 AHA r\u016bg\u0161\u010di\u0173 derinys padeda efektyviai pa\u0161alinti negyvas odos l\u0105steles, gerina odos tekst\u016br\u0105 ir suteikia jai sveik\u0105 \u0161vyt\u0117jim\u0105.<\/p>\n<p data-start=\"394\" data-end=\"597\">Lengva tekst\u016bra leid\u017eia priemonei tolygiai pasiskirstyti ant odos, o po naudojimo ji tampa \u0161velni, lygi ir maloniai mink\u0161ta. \u0160veitiklis nepalieka riebumo poj\u016b\u010dio, tod\u0117l oda jau\u010diasi gaivi ir komforti\u0161ka.<\/p>\n<p data-start=\"599\" data-end=\"697\">Puikiai tinka reguliariai prie\u017ei\u016brai, norint i\u0161laikyti od\u0105 glotni\u0105, mink\u0161t\u0105 ir sveikai atrodan\u010di\u0105.<\/p>\n<p data-start=\"699\" data-end=\"723\"><strong data-start=\"699\" data-end=\"723\">Pagrindin\u0117s savyb\u0117s:<\/strong><\/p>\n<ul data-start=\"724\" data-end=\"885\">\n<li data-section-id=\"1o7xm0k\" data-start=\"724\" data-end=\"767\">\u0160velniai pa\u0161alina negyvas odos l\u0105steles<\/li>\n<li data-section-id=\"4q99s8\" data-start=\"768\" data-end=\"792\">Gerina odos tekst\u016br\u0105<\/li>\n<li data-section-id=\"qe0itr\" data-start=\"793\" data-end=\"824\">Suteikia nat\u016bral\u0173 \u0161vyt\u0117jim\u0105<\/li>\n<li data-section-id=\"1ef3c51\" data-start=\"825\" data-end=\"852\">Lengva, neriebi formul\u0117<\/li>\n<li data-section-id=\"tuhs4k\" data-start=\"853\" data-end=\"885\">Tinka reguliariam naudojimui<\/li>\n<\/ul>\n<p data-start=\"887\" data-end=\"1103\"><strong data-start=\"887\" data-end=\"902\">Naudojimas:<\/strong><br data-start=\"902\" data-end=\"905\" \/>Tepkite ant \u0161varios, dr\u0117gnos odos sukamaisiais judesiais. Ypating\u0105 d\u0117mes\u012f skirkite \u0161iurk\u0161tesn\u0117ms vietoms, tokioms kaip alk\u016bn\u0117s ar keliai. Palikite kelioms minut\u0117ms, tada nuskalaukite \u0161iltu vandeniu.<\/p>\n","protected":false},"featured_media":17294,"comment_status":"open","ping_status":"closed","template":"","meta":[],"product_brand":[],"product_cat":[43,211],"product_tag":[],"class_list":{"0":"post-17292","1":"product","2":"type-product","3":"status-publish","4":"has-post-thumbnail","6":"product_cat-grozis","7":"product_cat-kuno-prieziuros-priemones","9":"first","10":"instock","11":"taxable","12":"shipping-taxable","13":"purchasable","14":"product-type-simple"},"_links":{"self":[{"href":"https:\/\/thequeenhouse.co.uk\/lt\/wp-json\/wp\/v2\/product\/17292","targetHints":{"allow":["GET"]}}],"collection":[{"href":"https:\/\/thequeenhouse.co.uk\/lt\/wp-json\/wp\/v2\/product"}],"about":[{"href":"https:\/\/thequeenhouse.co.uk\/lt\/wp-json\/wp\/v2\/types\/product"}],"replies":[{"embeddable":true,"href":"https:\/\/thequeenhouse.co.uk\/lt\/wp-json\/wp\/v2\/comments?post=17292"}],"wp:featuredmedia":[{"embeddable":true,"href":"https:\/\/thequeenhouse.co.uk\/lt\/wp-json\/wp\/v2\/media\/17294"}],"wp:attachment":[{"href":"https:\/\/thequeenhouse.co.uk\/lt\/wp-json\/wp\/v2\/media?parent=17292"}],"wp:term":[{"taxonomy":"product_brand","embeddable":true,"href":"https:\/\/thequeenhouse.co.uk\/lt\/wp-json\/wp\/v2\/product_brand?post=17292"},{"taxonomy":"product_cat","embeddable":true,"href":"https:\/\/thequeenhouse.co.uk\/lt\/wp-json\/wp\/v2\/product_cat?post=17292"},{"taxonomy":"product_tag","embeddable":true,"href":"https:\/\/thequeenhouse.co.uk\/lt\/wp-json\/wp\/v2\/product_tag?post=17292"}],"curies":[{"name":"wp","href":"https:\/\/api.w.org\/{rel}","templated":true}]}}