{"id":17296,"date":"2026-04-23T07:27:49","date_gmt":"2026-04-23T06:27:49","guid":{"rendered":"https:\/\/thequeenhouse.co.uk\/?post_type=product&#038;p=17296"},"modified":"2026-04-23T07:30:37","modified_gmt":"2026-04-23T06:30:37","slug":"agiva-kuno-sveitiklis-mandarin-waffle-300ml-copy","status":"publish","type":"product","link":"https:\/\/thequeenhouse.co.uk\/lt\/produktas\/agiva-kuno-sveitiklis-mandarin-waffle-300ml-copy\/","title":{"rendered":"LEBELAGE &#8211; Paaki\u0173 Kremas &#8211; DR. PEPTIDE DERMA EYE CREAM 40ml"},"content":{"rendered":"<p data-start=\"128\" data-end=\"182\"><strong data-start=\"128\" data-end=\"182\">LEBELAGE paaki\u0173 kremas DR. PEPTIDE DERMA EYE CREAM<\/strong><\/p>\n<p data-start=\"184\" data-end=\"394\">Intensyviai dr\u0117kinantis paaki\u0173 kremas, skirtas pavargusiai, sausai ar pirmuosius sen\u0117jimo po\u017eymius rodan\u010diai odai. Lengva, bet veiksminga formul\u0117 padeda palaikyti odos elastingum\u0105 ir suteikia gaivesn\u0119 i\u0161vaizd\u0105.<\/p>\n<p data-start=\"396\" data-end=\"714\">Trij\u0173 tip\u0173 peptid\u0173 kompleksas stiprina odos strukt\u016br\u0105 ir padeda i\u0161laikyti jos stangrum\u0105. Beta-gliukanas prisideda prie odos apsaugin\u0117s funkcijos stiprinimo, o taukmed\u017eio sviestas intensyviai maitina ir saugo nuo i\u0161saus\u0117jimo. Saul\u0117gr\u0105\u017e\u0173 s\u0117kl\u0173 aliejus padeda atkurti odos komfort\u0105 ir suma\u017einti smulki\u0173 rauk\u0161li\u0173 matomum\u0105.<\/p>\n<p data-start=\"716\" data-end=\"808\">Reguliariai naudojant, paaki\u0173 oda tampa \u0161velnesn\u0117, elastingesn\u0117 ir atrodo labiau pails\u0117jusi.<\/p>\n<p data-start=\"810\" data-end=\"834\"><strong data-start=\"810\" data-end=\"834\">Pagrindin\u0117s savyb\u0117s:<\/strong><\/p>\n<ul data-start=\"835\" data-end=\"1007\">\n<li data-section-id=\"x0t171\" data-start=\"835\" data-end=\"869\">Intensyviai dr\u0117kina ir maitina<\/li>\n<li data-section-id=\"oi3r7m\" data-start=\"870\" data-end=\"907\">Padeda palaikyti odos elastingum\u0105<\/li>\n<li data-section-id=\"fih80m\" data-start=\"908\" data-end=\"937\">Ma\u017eina nuovargio po\u017eymius<\/li>\n<li data-section-id=\"1fhe7n8\" data-start=\"938\" data-end=\"976\">\u0160velnina smulki\u0173 rauk\u0161li\u0173 matomum\u0105<\/li>\n<li data-section-id=\"1wu6vt6\" data-start=\"977\" data-end=\"1007\">Tinka kasdienei prie\u017ei\u016brai<\/li>\n<\/ul>\n<p data-start=\"1009\" data-end=\"1162\"><strong data-start=\"1009\" data-end=\"1024\">Naudojimas:<\/strong><br data-start=\"1024\" data-end=\"1027\" \/>U\u017etepkite nedidel\u012f kiek\u012f kremo ant \u0161varios ir tonizuotos paaki\u0173 odos. \u0160velniai paskirstykite netempdami odos. Naudokite ryte ir vakare.<\/p>\n","protected":false},"excerpt":{"rendered":"<p data-start=\"128\" data-end=\"182\"><strong data-start=\"128\" data-end=\"182\">LEBELAGE paaki\u0173 kremas DR. PEPTIDE DERMA EYE CREAM<\/strong><\/p>\n<p data-start=\"184\" data-end=\"394\">Intensyviai dr\u0117kinantis paaki\u0173 kremas, skirtas pavargusiai, sausai ar pirmuosius sen\u0117jimo po\u017eymius rodan\u010diai odai. Lengva, bet veiksminga formul\u0117 padeda palaikyti odos elastingum\u0105 ir suteikia gaivesn\u0119 i\u0161vaizd\u0105.<\/p>\n<p data-start=\"396\" data-end=\"714\">Trij\u0173 tip\u0173 peptid\u0173 kompleksas stiprina odos strukt\u016br\u0105 ir padeda i\u0161laikyti jos stangrum\u0105. Beta-gliukanas prisideda prie odos apsaugin\u0117s funkcijos stiprinimo, o taukmed\u017eio sviestas intensyviai maitina ir saugo nuo i\u0161saus\u0117jimo. Saul\u0117gr\u0105\u017e\u0173 s\u0117kl\u0173 aliejus padeda atkurti odos komfort\u0105 ir suma\u017einti smulki\u0173 rauk\u0161li\u0173 matomum\u0105.<\/p>\n<p data-start=\"716\" data-end=\"808\">Reguliariai naudojant, paaki\u0173 oda tampa \u0161velnesn\u0117, elastingesn\u0117 ir atrodo labiau pails\u0117jusi.<\/p>\n<p data-start=\"810\" data-end=\"834\"><strong data-start=\"810\" data-end=\"834\">Pagrindin\u0117s savyb\u0117s:<\/strong><\/p>\n<ul data-start=\"835\" data-end=\"1007\">\n<li data-section-id=\"x0t171\" data-start=\"835\" data-end=\"869\">Intensyviai dr\u0117kina ir maitina<\/li>\n<li data-section-id=\"oi3r7m\" data-start=\"870\" data-end=\"907\">Padeda palaikyti odos elastingum\u0105<\/li>\n<li data-section-id=\"fih80m\" data-start=\"908\" data-end=\"937\">Ma\u017eina nuovargio po\u017eymius<\/li>\n<li data-section-id=\"1fhe7n8\" data-start=\"938\" data-end=\"976\">\u0160velnina smulki\u0173 rauk\u0161li\u0173 matomum\u0105<\/li>\n<li data-section-id=\"1wu6vt6\" data-start=\"977\" data-end=\"1007\">Tinka kasdienei prie\u017ei\u016brai<\/li>\n<\/ul>\n<p data-start=\"1009\" data-end=\"1162\"><strong data-start=\"1009\" data-end=\"1024\">Naudojimas:<\/strong><br data-start=\"1024\" data-end=\"1027\" \/>U\u017etepkite nedidel\u012f kiek\u012f kremo ant \u0161varios ir tonizuotos paaki\u0173 odos. \u0160velniai paskirstykite netempdami odos. Naudokite ryte ir vakare.<\/p>\n","protected":false},"featured_media":17298,"comment_status":"open","ping_status":"closed","template":"","meta":[],"product_brand":[],"product_cat":[43,212],"product_tag":[],"class_list":{"0":"post-17296","1":"product","2":"type-product","3":"status-publish","4":"has-post-thumbnail","6":"product_cat-grozis","7":"product_cat-veido-prieziuros-priemones","9":"first","10":"instock","11":"taxable","12":"shipping-taxable","13":"purchasable","14":"product-type-simple"},"_links":{"self":[{"href":"https:\/\/thequeenhouse.co.uk\/lt\/wp-json\/wp\/v2\/product\/17296","targetHints":{"allow":["GET"]}}],"collection":[{"href":"https:\/\/thequeenhouse.co.uk\/lt\/wp-json\/wp\/v2\/product"}],"about":[{"href":"https:\/\/thequeenhouse.co.uk\/lt\/wp-json\/wp\/v2\/types\/product"}],"replies":[{"embeddable":true,"href":"https:\/\/thequeenhouse.co.uk\/lt\/wp-json\/wp\/v2\/comments?post=17296"}],"wp:featuredmedia":[{"embeddable":true,"href":"https:\/\/thequeenhouse.co.uk\/lt\/wp-json\/wp\/v2\/media\/17298"}],"wp:attachment":[{"href":"https:\/\/thequeenhouse.co.uk\/lt\/wp-json\/wp\/v2\/media?parent=17296"}],"wp:term":[{"taxonomy":"product_brand","embeddable":true,"href":"https:\/\/thequeenhouse.co.uk\/lt\/wp-json\/wp\/v2\/product_brand?post=17296"},{"taxonomy":"product_cat","embeddable":true,"href":"https:\/\/thequeenhouse.co.uk\/lt\/wp-json\/wp\/v2\/product_cat?post=17296"},{"taxonomy":"product_tag","embeddable":true,"href":"https:\/\/thequeenhouse.co.uk\/lt\/wp-json\/wp\/v2\/product_tag?post=17296"}],"curies":[{"name":"wp","href":"https:\/\/api.w.org\/{rel}","templated":true}]}}