{"id":17300,"date":"2026-04-23T07:31:36","date_gmt":"2026-04-23T06:31:36","guid":{"rendered":"https:\/\/thequeenhouse.co.uk\/?post_type=product&#038;p=17300"},"modified":"2026-04-23T07:39:44","modified_gmt":"2026-04-23T06:39:44","slug":"lebelage-paakiu-kremas-dr-peptide-derma-eye-cream-40ml-copy","status":"publish","type":"product","link":"https:\/\/thequeenhouse.co.uk\/lt\/produktas\/lebelage-paakiu-kremas-dr-peptide-derma-eye-cream-40ml-copy\/","title":{"rendered":"LEBELAGE &#8211; Lak\u0161tin\u0117 Veido Kauk\u0117 &#8211; PEARL SOLUTION MASK\u00a0"},"content":{"rendered":"<p data-start=\"115\" data-end=\"173\"><strong data-start=\"115\" data-end=\"173\">LEBELAGE lak\u0161tin\u0117 veido kauk\u0117 PEARL SOLUTION MASK\u00a0<\/strong><\/p>\n<p data-start=\"175\" data-end=\"421\">Kor\u0117jieti\u0161ka lak\u0161tin\u0117 veido kauk\u0117 su perl\u0173 ekstraktu, skirta odos dr\u0117kinimui, skaistinimui ir atgaivinimui. Perl\u0173 ekstraktas, turtingas mineralais ir amino r\u016bg\u0161timis, padeda maitinti od\u0105, skatinti jos atsinaujinim\u0105 ir suteikti nat\u016bral\u0173 \u0161vyt\u0117jim\u0105.<\/p>\n<p data-start=\"423\" data-end=\"636\">Kauk\u0117 prisotinta koncentruota esencija, kuri gerai priglunda prie veido ir leid\u017eia veikliosioms med\u017eiagoms efektyviai \u012fsigerti. Po naudojimo oda tampa \u0161velnesn\u0117, lygesn\u0117 ir atrodo labiau sudr\u0117kinta bei skaistesn\u0117.<\/p>\n<p data-start=\"638\" data-end=\"662\"><strong data-start=\"638\" data-end=\"662\">Pagrindin\u0117s savyb\u0117s:<\/strong><\/p>\n<ul data-start=\"663\" data-end=\"856\">\n<li data-section-id=\"gh398h\" data-start=\"663\" data-end=\"703\">Suteikia odai \u0161vyt\u0117jimo ir skaistumo<\/li>\n<li data-section-id=\"147fw14\" data-start=\"704\" data-end=\"740\">Intensyviai dr\u0117kina ir mink\u0161tina<\/li>\n<li data-section-id=\"1767ghx\" data-start=\"741\" data-end=\"775\">Gerina odos tekst\u016br\u0105 ir tonus\u0105<\/li>\n<li data-section-id=\"l9gi5\" data-start=\"776\" data-end=\"806\">Skatina odos atsinaujinim\u0105<\/li>\n<li data-section-id=\"sv1ggc\" data-start=\"807\" data-end=\"856\">Padeda suma\u017einti sausumo ir blankumo po\u017eymius<\/li>\n<\/ul>\n<p data-start=\"858\" data-end=\"896\"><strong data-start=\"858\" data-end=\"896\">Pagrindin\u0117s veikliosios med\u017eiagos:<\/strong><\/p>\n<ul data-start=\"897\" data-end=\"1100\">\n<li data-section-id=\"wvrhz5\" data-start=\"897\" data-end=\"955\">Perl\u0173 ekstraktas \u2013 maitina, atgaivina ir skaistina od\u0105<\/li>\n<li data-section-id=\"fk8or\" data-start=\"956\" data-end=\"1047\">Hialurono r\u016bg\u0161tis (Sodium Hyaluronate) \u2013 intensyviai dr\u0117kina ir padeda i\u0161laikyti dr\u0117gm\u0119<\/li>\n<li data-section-id=\"1qw4o0k\" data-start=\"1048\" data-end=\"1100\">Alantoinas ir betainas \u2013 ramina ir mink\u0161tina od\u0105<\/li>\n<\/ul>\n<p data-start=\"1102\" data-end=\"1199\">Tinka vis\u0173 tip\u0173 odai, \u012fskaitant jautri\u0105. Puikiai tinka kasdienei arba papildomai odos prie\u017ei\u016brai.<\/p>\n<p data-start=\"1201\" data-end=\"1218\"><strong data-start=\"1201\" data-end=\"1216\">Naudojimas:<\/strong><\/p>\n<ol data-start=\"1219\" data-end=\"1456\">\n<li data-section-id=\"z9isia\" data-start=\"1219\" data-end=\"1277\">Nuvalykite veid\u0105 ir, jei naudojate, patepkite toniku.<\/li>\n<li data-section-id=\"cqupag\" data-start=\"1278\" data-end=\"1355\">U\u017ed\u0117kite kauk\u0119 ant veido, pritaikydami prie aki\u0173, nosies ir burnos zon\u0173.<\/li>\n<li data-section-id=\"1ruuhl7\" data-start=\"1356\" data-end=\"1385\">Laikykite 10\u201320 minu\u010di\u0173.<\/li>\n<li data-section-id=\"1i90pn1\" data-start=\"1386\" data-end=\"1456\">Nu\u0117m\u0119 kauk\u0119, \u0161velniai \u012ftap\u0161nokite likusi\u0105 esencij\u0105, kol ji \u012fsigers.<\/li>\n<\/ol>\n","protected":false},"excerpt":{"rendered":"<p data-start=\"115\" data-end=\"173\"><strong data-start=\"115\" data-end=\"173\">LEBELAGE lak\u0161tin\u0117 veido kauk\u0117 PEARL SOLUTION MASK\u00a0<\/strong><\/p>\n<p data-start=\"175\" data-end=\"421\">Kor\u0117jieti\u0161ka lak\u0161tin\u0117 veido kauk\u0117 su perl\u0173 ekstraktu, skirta odos dr\u0117kinimui, skaistinimui ir atgaivinimui. Perl\u0173 ekstraktas, turtingas mineralais ir amino r\u016bg\u0161timis, padeda maitinti od\u0105, skatinti jos atsinaujinim\u0105 ir suteikti nat\u016bral\u0173 \u0161vyt\u0117jim\u0105.<\/p>\n<p data-start=\"423\" data-end=\"636\">Kauk\u0117 prisotinta koncentruota esencija, kuri gerai priglunda prie veido ir leid\u017eia veikliosioms med\u017eiagoms efektyviai \u012fsigerti. Po naudojimo oda tampa \u0161velnesn\u0117, lygesn\u0117 ir atrodo labiau sudr\u0117kinta bei skaistesn\u0117.<\/p>\n<p data-start=\"638\" data-end=\"662\"><strong data-start=\"638\" data-end=\"662\">Pagrindin\u0117s savyb\u0117s:<\/strong><\/p>\n<ul data-start=\"663\" data-end=\"856\">\n<li data-section-id=\"gh398h\" data-start=\"663\" data-end=\"703\">Suteikia odai \u0161vyt\u0117jimo ir skaistumo<\/li>\n<li data-section-id=\"147fw14\" data-start=\"704\" data-end=\"740\">Intensyviai dr\u0117kina ir mink\u0161tina<\/li>\n<li data-section-id=\"1767ghx\" data-start=\"741\" data-end=\"775\">Gerina odos tekst\u016br\u0105 ir tonus\u0105<\/li>\n<li data-section-id=\"l9gi5\" data-start=\"776\" data-end=\"806\">Skatina odos atsinaujinim\u0105<\/li>\n<li data-section-id=\"sv1ggc\" data-start=\"807\" data-end=\"856\">Padeda suma\u017einti sausumo ir blankumo po\u017eymius<\/li>\n<\/ul>\n<p data-start=\"858\" data-end=\"896\"><strong data-start=\"858\" data-end=\"896\">Pagrindin\u0117s veikliosios med\u017eiagos:<\/strong><\/p>\n<ul data-start=\"897\" data-end=\"1100\">\n<li data-section-id=\"wvrhz5\" data-start=\"897\" data-end=\"955\">Perl\u0173 ekstraktas \u2013 maitina, atgaivina ir skaistina od\u0105<\/li>\n<li data-section-id=\"fk8or\" data-start=\"956\" data-end=\"1047\">Hialurono r\u016bg\u0161tis (Sodium Hyaluronate) \u2013 intensyviai dr\u0117kina ir padeda i\u0161laikyti dr\u0117gm\u0119<\/li>\n<li data-section-id=\"1qw4o0k\" data-start=\"1048\" data-end=\"1100\">Alantoinas ir betainas \u2013 ramina ir mink\u0161tina od\u0105<\/li>\n<\/ul>\n<p data-start=\"1102\" data-end=\"1199\">Tinka vis\u0173 tip\u0173 odai, \u012fskaitant jautri\u0105. Puikiai tinka kasdienei arba papildomai odos prie\u017ei\u016brai.<\/p>\n<p data-start=\"1201\" data-end=\"1218\"><strong data-start=\"1201\" data-end=\"1216\">Naudojimas:<\/strong><\/p>\n<ol data-start=\"1219\" data-end=\"1456\">\n<li data-section-id=\"z9isia\" data-start=\"1219\" data-end=\"1277\">Nuvalykite veid\u0105 ir, jei naudojate, patepkite toniku.<\/li>\n<li data-section-id=\"cqupag\" data-start=\"1278\" data-end=\"1355\">U\u017ed\u0117kite kauk\u0119 ant veido, pritaikydami prie aki\u0173, nosies ir burnos zon\u0173.<\/li>\n<li data-section-id=\"1ruuhl7\" data-start=\"1356\" data-end=\"1385\">Laikykite 10\u201320 minu\u010di\u0173.<\/li>\n<li data-section-id=\"1i90pn1\" data-start=\"1386\" data-end=\"1456\">Nu\u0117m\u0119 kauk\u0119, \u0161velniai \u012ftap\u0161nokite likusi\u0105 esencij\u0105, kol ji \u012fsigers.<\/li>\n<\/ol>\n","protected":false},"featured_media":17302,"comment_status":"open","ping_status":"closed","template":"","meta":[],"product_brand":[],"product_cat":[43,212],"product_tag":[],"class_list":{"0":"post-17300","1":"product","2":"type-product","3":"status-publish","4":"has-post-thumbnail","6":"product_cat-grozis","7":"product_cat-veido-prieziuros-priemones","9":"first","10":"instock","11":"taxable","12":"shipping-taxable","13":"purchasable","14":"product-type-simple"},"_links":{"self":[{"href":"https:\/\/thequeenhouse.co.uk\/lt\/wp-json\/wp\/v2\/product\/17300","targetHints":{"allow":["GET"]}}],"collection":[{"href":"https:\/\/thequeenhouse.co.uk\/lt\/wp-json\/wp\/v2\/product"}],"about":[{"href":"https:\/\/thequeenhouse.co.uk\/lt\/wp-json\/wp\/v2\/types\/product"}],"replies":[{"embeddable":true,"href":"https:\/\/thequeenhouse.co.uk\/lt\/wp-json\/wp\/v2\/comments?post=17300"}],"wp:featuredmedia":[{"embeddable":true,"href":"https:\/\/thequeenhouse.co.uk\/lt\/wp-json\/wp\/v2\/media\/17302"}],"wp:attachment":[{"href":"https:\/\/thequeenhouse.co.uk\/lt\/wp-json\/wp\/v2\/media?parent=17300"}],"wp:term":[{"taxonomy":"product_brand","embeddable":true,"href":"https:\/\/thequeenhouse.co.uk\/lt\/wp-json\/wp\/v2\/product_brand?post=17300"},{"taxonomy":"product_cat","embeddable":true,"href":"https:\/\/thequeenhouse.co.uk\/lt\/wp-json\/wp\/v2\/product_cat?post=17300"},{"taxonomy":"product_tag","embeddable":true,"href":"https:\/\/thequeenhouse.co.uk\/lt\/wp-json\/wp\/v2\/product_tag?post=17300"}],"curies":[{"name":"wp","href":"https:\/\/api.w.org\/{rel}","templated":true}]}}