{"id":17305,"date":"2026-04-23T07:43:03","date_gmt":"2026-04-23T06:43:03","guid":{"rendered":"https:\/\/thequeenhouse.co.uk\/?post_type=product&#038;p=17305"},"modified":"2026-04-23T07:49:19","modified_gmt":"2026-04-23T06:49:19","slug":"lebelage-lakstine-veido-kauke-pearl-solution-mask-copy","status":"publish","type":"product","link":"https:\/\/thequeenhouse.co.uk\/lt\/produktas\/lebelage-lakstine-veido-kauke-pearl-solution-mask-copy\/","title":{"rendered":"LEBELAGE &#8211; Lak\u0161tin\u0117 Veido Kauk\u0117 &#8211; HYALURONIC COLLAGEN SOLUTION MASK\u00a0"},"content":{"rendered":"<p data-start=\"118\" data-end=\"190\"><strong data-start=\"118\" data-end=\"190\">LEBELAGE lak\u0161tin\u0117 veido kauk\u0117 HYALURONIC COLLAGEN SOLUTION MASK\u00a0<\/strong><\/p>\n<p data-start=\"192\" data-end=\"434\">Kor\u0117jieti\u0161ka lak\u0161tin\u0117 veido kauk\u0117, skirta intensyviam odos dr\u0117kinimui ir elastingumo palaikymui. Formul\u0117 su hialurono r\u016bg\u0161timi ir hidrolizuotu kolagenu padeda atkurti odos dr\u0117gm\u0117s balans\u0105, pagerinti jos stangrum\u0105 ir suteikti lygesn\u0119 i\u0161vaizd\u0105.<\/p>\n<p data-start=\"436\" data-end=\"730\">Hialurono r\u016bg\u0161tis intensyviai dr\u0117kina ir padeda i\u0161laikyti dr\u0117gm\u0119 odoje, o kolagenas prisideda prie odos elastingumo ir stangrumo gerinimo. Augaliniai ekstraktai, tokie kaip granat\u0173, fig\u0173, \u0161ilkmed\u017eio ir ginkmed\u017eio, maitina od\u0105, suteikia jai gyvybingumo ir padeda apsaugoti nuo aplinkos poveikio.<\/p>\n<p data-start=\"732\" data-end=\"869\">Lak\u0161tas gerai priglunda prie veido, tod\u0117l veikliosios med\u017eiagos efektyviai \u012fsigeria, suteikdamos greit\u0105 dr\u0117kinam\u0105j\u012f ir gaivinant\u012f efekt\u0105.<\/p>\n<p data-start=\"871\" data-end=\"895\"><strong data-start=\"871\" data-end=\"895\">Pagrindin\u0117s savyb\u0117s:<\/strong><\/p>\n<ul data-start=\"896\" data-end=\"1097\">\n<li data-section-id=\"1vakdi6\" data-start=\"896\" data-end=\"946\">Intensyviai dr\u0117kina ir padeda i\u0161laikyti dr\u0117gm\u0119<\/li>\n<li data-section-id=\"1v7fpts\" data-start=\"947\" data-end=\"987\">Gerina odos elastingum\u0105 ir stangrum\u0105<\/li>\n<li data-section-id=\"1340zdk\" data-start=\"988\" data-end=\"1034\">Padeda suma\u017einti smulki\u0173 rauk\u0161li\u0173 matomum\u0105<\/li>\n<li data-section-id=\"15dtb34\" data-start=\"1035\" data-end=\"1063\">Maitina ir atgaivina od\u0105<\/li>\n<li data-section-id=\"159oyhs\" data-start=\"1064\" data-end=\"1097\">Suteikia glotnumo ir \u0161velnumo<\/li>\n<\/ul>\n<p data-start=\"1099\" data-end=\"1137\"><strong data-start=\"1099\" data-end=\"1137\">Pagrindin\u0117s veikliosios med\u017eiagos:<\/strong><\/p>\n<ul data-start=\"1138\" data-end=\"1402\">\n<li data-section-id=\"10i8266\" data-start=\"1138\" data-end=\"1217\">Hialurono r\u016bg\u0161tis (Sodium Hyaluronate) \u2013 dr\u0117kina ir padeda i\u0161laikyti dr\u0117gm\u0119<\/li>\n<li data-section-id=\"aa8caw\" data-start=\"1218\" data-end=\"1279\">Hidrolizuotas kolagenas \u2013 gerina elastingum\u0105 ir stangrum\u0105<\/li>\n<li data-section-id=\"h0f653\" data-start=\"1280\" data-end=\"1335\">Granat\u0173 ir fig\u0173 ekstraktai \u2013 maitina ir gaivina od\u0105<\/li>\n<li data-section-id=\"1nlclck\" data-start=\"1336\" data-end=\"1402\">Ginkmed\u017eio ekstraktas \u2013 padeda apsaugoti nuo aplinkos poveikio<\/li>\n<\/ul>\n<p data-start=\"1404\" data-end=\"1496\">Tinka vis\u0173 tip\u0173 odai, \u012fskaitant jautri\u0105. Puikiai tinka kasdienei arba papildomai prie\u017ei\u016brai.<\/p>\n<p data-start=\"1498\" data-end=\"1515\"><strong data-start=\"1498\" data-end=\"1513\">Naudojimas:<\/strong><\/p>\n<ol data-start=\"1516\" data-end=\"1757\">\n<li data-section-id=\"y2ac5y\" data-start=\"1516\" data-end=\"1578\">Nuvalykite veido od\u0105 ir, jei naudojate, patepkite toniku.<\/li>\n<li data-section-id=\"cqupag\" data-start=\"1579\" data-end=\"1656\">U\u017ed\u0117kite kauk\u0119 ant veido, pritaikydami prie aki\u0173, nosies ir burnos zon\u0173.<\/li>\n<li data-section-id=\"1ruuhl7\" data-start=\"1657\" data-end=\"1686\">Laikykite 10\u201320 minu\u010di\u0173.<\/li>\n<li data-section-id=\"1i90pn1\" data-start=\"1687\" data-end=\"1757\">Nu\u0117m\u0119 kauk\u0119, \u0161velniai \u012ftap\u0161nokite likusi\u0105 esencij\u0105, kol ji \u012fsigers.<\/li>\n<\/ol>\n","protected":false},"excerpt":{"rendered":"<p data-start=\"118\" data-end=\"190\"><strong data-start=\"118\" data-end=\"190\">LEBELAGE lak\u0161tin\u0117 veido kauk\u0117 HYALURONIC COLLAGEN SOLUTION MASK\u00a0<\/strong><\/p>\n<p data-start=\"192\" data-end=\"434\">Kor\u0117jieti\u0161ka lak\u0161tin\u0117 veido kauk\u0117, skirta intensyviam odos dr\u0117kinimui ir elastingumo palaikymui. Formul\u0117 su hialurono r\u016bg\u0161timi ir hidrolizuotu kolagenu padeda atkurti odos dr\u0117gm\u0117s balans\u0105, pagerinti jos stangrum\u0105 ir suteikti lygesn\u0119 i\u0161vaizd\u0105.<\/p>\n<p data-start=\"436\" data-end=\"730\">Hialurono r\u016bg\u0161tis intensyviai dr\u0117kina ir padeda i\u0161laikyti dr\u0117gm\u0119 odoje, o kolagenas prisideda prie odos elastingumo ir stangrumo gerinimo. Augaliniai ekstraktai, tokie kaip granat\u0173, fig\u0173, \u0161ilkmed\u017eio ir ginkmed\u017eio, maitina od\u0105, suteikia jai gyvybingumo ir padeda apsaugoti nuo aplinkos poveikio.<\/p>\n<p data-start=\"732\" data-end=\"869\">Lak\u0161tas gerai priglunda prie veido, tod\u0117l veikliosios med\u017eiagos efektyviai \u012fsigeria, suteikdamos greit\u0105 dr\u0117kinam\u0105j\u012f ir gaivinant\u012f efekt\u0105.<\/p>\n<p data-start=\"871\" data-end=\"895\"><strong data-start=\"871\" data-end=\"895\">Pagrindin\u0117s savyb\u0117s:<\/strong><\/p>\n<ul data-start=\"896\" data-end=\"1097\">\n<li data-section-id=\"1vakdi6\" data-start=\"896\" data-end=\"946\">Intensyviai dr\u0117kina ir padeda i\u0161laikyti dr\u0117gm\u0119<\/li>\n<li data-section-id=\"1v7fpts\" data-start=\"947\" data-end=\"987\">Gerina odos elastingum\u0105 ir stangrum\u0105<\/li>\n<li data-section-id=\"1340zdk\" data-start=\"988\" data-end=\"1034\">Padeda suma\u017einti smulki\u0173 rauk\u0161li\u0173 matomum\u0105<\/li>\n<li data-section-id=\"15dtb34\" data-start=\"1035\" data-end=\"1063\">Maitina ir atgaivina od\u0105<\/li>\n<li data-section-id=\"159oyhs\" data-start=\"1064\" data-end=\"1097\">Suteikia glotnumo ir \u0161velnumo<\/li>\n<\/ul>\n<p data-start=\"1099\" data-end=\"1137\"><strong data-start=\"1099\" data-end=\"1137\">Pagrindin\u0117s veikliosios med\u017eiagos:<\/strong><\/p>\n<ul data-start=\"1138\" data-end=\"1402\">\n<li data-section-id=\"10i8266\" data-start=\"1138\" data-end=\"1217\">Hialurono r\u016bg\u0161tis (Sodium Hyaluronate) \u2013 dr\u0117kina ir padeda i\u0161laikyti dr\u0117gm\u0119<\/li>\n<li data-section-id=\"aa8caw\" data-start=\"1218\" data-end=\"1279\">Hidrolizuotas kolagenas \u2013 gerina elastingum\u0105 ir stangrum\u0105<\/li>\n<li data-section-id=\"h0f653\" data-start=\"1280\" data-end=\"1335\">Granat\u0173 ir fig\u0173 ekstraktai \u2013 maitina ir gaivina od\u0105<\/li>\n<li data-section-id=\"1nlclck\" data-start=\"1336\" data-end=\"1402\">Ginkmed\u017eio ekstraktas \u2013 padeda apsaugoti nuo aplinkos poveikio<\/li>\n<\/ul>\n<p data-start=\"1404\" data-end=\"1496\">Tinka vis\u0173 tip\u0173 odai, \u012fskaitant jautri\u0105. Puikiai tinka kasdienei arba papildomai prie\u017ei\u016brai.<\/p>\n<p data-start=\"1498\" data-end=\"1515\"><strong data-start=\"1498\" data-end=\"1513\">Naudojimas:<\/strong><\/p>\n<ol data-start=\"1516\" data-end=\"1757\">\n<li data-section-id=\"y2ac5y\" data-start=\"1516\" data-end=\"1578\">Nuvalykite veido od\u0105 ir, jei naudojate, patepkite toniku.<\/li>\n<li data-section-id=\"cqupag\" data-start=\"1579\" data-end=\"1656\">U\u017ed\u0117kite kauk\u0119 ant veido, pritaikydami prie aki\u0173, nosies ir burnos zon\u0173.<\/li>\n<li data-section-id=\"1ruuhl7\" data-start=\"1657\" data-end=\"1686\">Laikykite 10\u201320 minu\u010di\u0173.<\/li>\n<li data-section-id=\"1i90pn1\" data-start=\"1687\" data-end=\"1757\">Nu\u0117m\u0119 kauk\u0119, \u0161velniai \u012ftap\u0161nokite likusi\u0105 esencij\u0105, kol ji \u012fsigers.<\/li>\n<\/ol>\n","protected":false},"featured_media":17307,"comment_status":"open","ping_status":"closed","template":"","meta":[],"product_brand":[],"product_cat":[43,212],"product_tag":[],"class_list":{"0":"post-17305","1":"product","2":"type-product","3":"status-publish","4":"has-post-thumbnail","6":"product_cat-grozis","7":"product_cat-veido-prieziuros-priemones","9":"first","10":"instock","11":"taxable","12":"shipping-taxable","13":"purchasable","14":"product-type-simple"},"_links":{"self":[{"href":"https:\/\/thequeenhouse.co.uk\/lt\/wp-json\/wp\/v2\/product\/17305","targetHints":{"allow":["GET"]}}],"collection":[{"href":"https:\/\/thequeenhouse.co.uk\/lt\/wp-json\/wp\/v2\/product"}],"about":[{"href":"https:\/\/thequeenhouse.co.uk\/lt\/wp-json\/wp\/v2\/types\/product"}],"replies":[{"embeddable":true,"href":"https:\/\/thequeenhouse.co.uk\/lt\/wp-json\/wp\/v2\/comments?post=17305"}],"wp:featuredmedia":[{"embeddable":true,"href":"https:\/\/thequeenhouse.co.uk\/lt\/wp-json\/wp\/v2\/media\/17307"}],"wp:attachment":[{"href":"https:\/\/thequeenhouse.co.uk\/lt\/wp-json\/wp\/v2\/media?parent=17305"}],"wp:term":[{"taxonomy":"product_brand","embeddable":true,"href":"https:\/\/thequeenhouse.co.uk\/lt\/wp-json\/wp\/v2\/product_brand?post=17305"},{"taxonomy":"product_cat","embeddable":true,"href":"https:\/\/thequeenhouse.co.uk\/lt\/wp-json\/wp\/v2\/product_cat?post=17305"},{"taxonomy":"product_tag","embeddable":true,"href":"https:\/\/thequeenhouse.co.uk\/lt\/wp-json\/wp\/v2\/product_tag?post=17305"}],"curies":[{"name":"wp","href":"https:\/\/api.w.org\/{rel}","templated":true}]}}