{"id":17310,"date":"2026-04-23T07:50:48","date_gmt":"2026-04-23T06:50:48","guid":{"rendered":"https:\/\/thequeenhouse.co.uk\/?post_type=product&#038;p=17310"},"modified":"2026-04-23T07:55:28","modified_gmt":"2026-04-23T06:55:28","slug":"lebelage-lakstine-veido-kauke-hyaluronic-collagen-solution-mask-copy","status":"publish","type":"product","link":"https:\/\/thequeenhouse.co.uk\/lt\/produktas\/lebelage-lakstine-veido-kauke-hyaluronic-collagen-solution-mask-copy\/","title":{"rendered":"LEBELAGE &#8211; Lak\u0161tin\u0117 Veido Kauk\u0117 &#8211; Madecassoside Solution Mask"},"content":{"rendered":"<p data-start=\"128\" data-end=\"194\"><strong data-start=\"128\" data-end=\"194\">LEBELAGE lak\u0161tin\u0117 veido kauk\u0117 MADECASSOSIDE SOLUTION MASK\u00a0<\/strong><\/p>\n<p data-start=\"196\" data-end=\"427\">Kor\u0117jieti\u0161ka lak\u0161tin\u0117 veido kauk\u0117, skirta jautrios, sudirgusios ar pavargusios odos prie\u017ei\u016brai. Formul\u0117 su madecassoside ir Centella Asiatica (CICA) ekstraktu padeda nuraminti od\u0105, suma\u017einti paraudim\u0105 ir skatinti jos atsinaujinim\u0105.<\/p>\n<p data-start=\"429\" data-end=\"641\">Madecassoside \u2013 aktyvioji med\u017eiaga, i\u0161gaunama i\u0161 Centella Asiatica \u2013 pasi\u017eymi raminan\u010diomis ir regeneruojan\u010diomis savyb\u0117mis. Kauk\u0117 intensyviai dr\u0117kina, stiprina odos apsaugin\u012f barjer\u0105 ir suteikia komforto poj\u016bt\u012f.<\/p>\n<p data-start=\"643\" data-end=\"839\">Lak\u0161tas prisotintas koncentruota esencija, tod\u0117l gerai priglunda prie odos ir leid\u017eia veikliosioms med\u017eiagoms efektyviai \u012fsigerti. Po naudojimo oda tampa \u0161velnesn\u0117, sudr\u0117kinta ir atrodo sveikesn\u0117.<\/p>\n<p data-start=\"841\" data-end=\"865\"><strong data-start=\"841\" data-end=\"865\">Pagrindin\u0117s savyb\u0117s:<\/strong><\/p>\n<ul data-start=\"866\" data-end=\"1021\">\n<li data-section-id=\"1e2bup1\" data-start=\"866\" data-end=\"902\">Ramina jautri\u0105 ir sudirgusi\u0105 od\u0105<\/li>\n<li data-section-id=\"cu467i\" data-start=\"903\" data-end=\"923\">Ma\u017eina paraudim\u0105<\/li>\n<li data-section-id=\"147fw14\" data-start=\"924\" data-end=\"960\">Intensyviai dr\u0117kina ir mink\u0161tina<\/li>\n<li data-section-id=\"563nc5\" data-start=\"961\" data-end=\"996\">Stiprina odos apsaugin\u012f barjer\u0105<\/li>\n<li data-section-id=\"4q99s8\" data-start=\"997\" data-end=\"1021\">Gerina odos tekst\u016br\u0105<\/li>\n<\/ul>\n<p data-start=\"1023\" data-end=\"1061\"><strong data-start=\"1023\" data-end=\"1061\">Pagrindin\u0117s veikliosios med\u017eiagos:<\/strong><\/p>\n<ul data-start=\"1062\" data-end=\"1285\">\n<li data-section-id=\"1iewgr0\" data-start=\"1062\" data-end=\"1129\">Madecassoside \u2013 ramina, ma\u017eina paraudim\u0105, skatina atsinaujinim\u0105<\/li>\n<li data-section-id=\"1d8swcw\" data-start=\"1130\" data-end=\"1231\">Centella Asiatica (CICA) ekstraktas \u2013 stiprina odos barjer\u0105 ir pasi\u017eymi prie\u0161u\u017edegiminiu poveikiu<\/li>\n<li data-section-id=\"14zpy9e\" data-start=\"1232\" data-end=\"1285\">Alantoinas \u2013 padeda regeneruoti ir mink\u0161tinti od\u0105<\/li>\n<\/ul>\n<p data-start=\"1287\" data-end=\"1375\">Tinka vis\u0173 tip\u0173 odai, ypa\u010d jautriai. Puikiai tinka kasdienei arba papildomai prie\u017ei\u016brai.<\/p>\n<p data-start=\"1377\" data-end=\"1394\"><strong data-start=\"1377\" data-end=\"1392\">Naudojimas:<\/strong><\/p>\n<ol data-start=\"1395\" data-end=\"1636\">\n<li data-section-id=\"y2ac5y\" data-start=\"1395\" data-end=\"1457\">Nuvalykite veido od\u0105 ir, jei naudojate, patepkite toniku.<\/li>\n<li data-section-id=\"cqupag\" data-start=\"1458\" data-end=\"1535\">U\u017ed\u0117kite kauk\u0119 ant veido, pritaikydami prie aki\u0173, nosies ir burnos zon\u0173.<\/li>\n<li data-section-id=\"1ruuhl7\" data-start=\"1536\" data-end=\"1565\">Laikykite 10\u201320 minu\u010di\u0173.<\/li>\n<li data-section-id=\"1i90pn1\" data-start=\"1566\" data-end=\"1636\">Nu\u0117m\u0119 kauk\u0119, \u0161velniai \u012ftap\u0161nokite likusi\u0105 esencij\u0105, kol ji \u012fsigers.<\/li>\n<\/ol>\n","protected":false},"excerpt":{"rendered":"<p data-start=\"128\" data-end=\"194\"><strong data-start=\"128\" data-end=\"194\">LEBELAGE lak\u0161tin\u0117 veido kauk\u0117 MADECASSOSIDE SOLUTION MASK\u00a0<\/strong><\/p>\n<p data-start=\"196\" data-end=\"427\">Kor\u0117jieti\u0161ka lak\u0161tin\u0117 veido kauk\u0117, skirta jautrios, sudirgusios ar pavargusios odos prie\u017ei\u016brai. Formul\u0117 su madecassoside ir Centella Asiatica (CICA) ekstraktu padeda nuraminti od\u0105, suma\u017einti paraudim\u0105 ir skatinti jos atsinaujinim\u0105.<\/p>\n<p data-start=\"429\" data-end=\"641\">Madecassoside \u2013 aktyvioji med\u017eiaga, i\u0161gaunama i\u0161 Centella Asiatica \u2013 pasi\u017eymi raminan\u010diomis ir regeneruojan\u010diomis savyb\u0117mis. Kauk\u0117 intensyviai dr\u0117kina, stiprina odos apsaugin\u012f barjer\u0105 ir suteikia komforto poj\u016bt\u012f.<\/p>\n<p data-start=\"643\" data-end=\"839\">Lak\u0161tas prisotintas koncentruota esencija, tod\u0117l gerai priglunda prie odos ir leid\u017eia veikliosioms med\u017eiagoms efektyviai \u012fsigerti. Po naudojimo oda tampa \u0161velnesn\u0117, sudr\u0117kinta ir atrodo sveikesn\u0117.<\/p>\n<p data-start=\"841\" data-end=\"865\"><strong data-start=\"841\" data-end=\"865\">Pagrindin\u0117s savyb\u0117s:<\/strong><\/p>\n<ul data-start=\"866\" data-end=\"1021\">\n<li data-section-id=\"1e2bup1\" data-start=\"866\" data-end=\"902\">Ramina jautri\u0105 ir sudirgusi\u0105 od\u0105<\/li>\n<li data-section-id=\"cu467i\" data-start=\"903\" data-end=\"923\">Ma\u017eina paraudim\u0105<\/li>\n<li data-section-id=\"147fw14\" data-start=\"924\" data-end=\"960\">Intensyviai dr\u0117kina ir mink\u0161tina<\/li>\n<li data-section-id=\"563nc5\" data-start=\"961\" data-end=\"996\">Stiprina odos apsaugin\u012f barjer\u0105<\/li>\n<li data-section-id=\"4q99s8\" data-start=\"997\" data-end=\"1021\">Gerina odos tekst\u016br\u0105<\/li>\n<\/ul>\n<p data-start=\"1023\" data-end=\"1061\"><strong data-start=\"1023\" data-end=\"1061\">Pagrindin\u0117s veikliosios med\u017eiagos:<\/strong><\/p>\n<ul data-start=\"1062\" data-end=\"1285\">\n<li data-section-id=\"1iewgr0\" data-start=\"1062\" data-end=\"1129\">Madecassoside \u2013 ramina, ma\u017eina paraudim\u0105, skatina atsinaujinim\u0105<\/li>\n<li data-section-id=\"1d8swcw\" data-start=\"1130\" data-end=\"1231\">Centella Asiatica (CICA) ekstraktas \u2013 stiprina odos barjer\u0105 ir pasi\u017eymi prie\u0161u\u017edegiminiu poveikiu<\/li>\n<li data-section-id=\"14zpy9e\" data-start=\"1232\" data-end=\"1285\">Alantoinas \u2013 padeda regeneruoti ir mink\u0161tinti od\u0105<\/li>\n<\/ul>\n<p data-start=\"1287\" data-end=\"1375\">Tinka vis\u0173 tip\u0173 odai, ypa\u010d jautriai. Puikiai tinka kasdienei arba papildomai prie\u017ei\u016brai.<\/p>\n<p data-start=\"1377\" data-end=\"1394\"><strong data-start=\"1377\" data-end=\"1392\">Naudojimas:<\/strong><\/p>\n<ol data-start=\"1395\" data-end=\"1636\">\n<li data-section-id=\"y2ac5y\" data-start=\"1395\" data-end=\"1457\">Nuvalykite veido od\u0105 ir, jei naudojate, patepkite toniku.<\/li>\n<li data-section-id=\"cqupag\" data-start=\"1458\" data-end=\"1535\">U\u017ed\u0117kite kauk\u0119 ant veido, pritaikydami prie aki\u0173, nosies ir burnos zon\u0173.<\/li>\n<li data-section-id=\"1ruuhl7\" data-start=\"1536\" data-end=\"1565\">Laikykite 10\u201320 minu\u010di\u0173.<\/li>\n<li data-section-id=\"1i90pn1\" data-start=\"1566\" data-end=\"1636\">Nu\u0117m\u0119 kauk\u0119, \u0161velniai \u012ftap\u0161nokite likusi\u0105 esencij\u0105, kol ji \u012fsigers.<\/li>\n<\/ol>\n","protected":false},"featured_media":17312,"comment_status":"open","ping_status":"closed","template":"","meta":[],"product_brand":[],"product_cat":[43,212],"product_tag":[],"class_list":{"0":"post-17310","1":"product","2":"type-product","3":"status-publish","4":"has-post-thumbnail","6":"product_cat-grozis","7":"product_cat-veido-prieziuros-priemones","9":"first","10":"instock","11":"taxable","12":"shipping-taxable","13":"purchasable","14":"product-type-simple"},"_links":{"self":[{"href":"https:\/\/thequeenhouse.co.uk\/lt\/wp-json\/wp\/v2\/product\/17310","targetHints":{"allow":["GET"]}}],"collection":[{"href":"https:\/\/thequeenhouse.co.uk\/lt\/wp-json\/wp\/v2\/product"}],"about":[{"href":"https:\/\/thequeenhouse.co.uk\/lt\/wp-json\/wp\/v2\/types\/product"}],"replies":[{"embeddable":true,"href":"https:\/\/thequeenhouse.co.uk\/lt\/wp-json\/wp\/v2\/comments?post=17310"}],"wp:featuredmedia":[{"embeddable":true,"href":"https:\/\/thequeenhouse.co.uk\/lt\/wp-json\/wp\/v2\/media\/17312"}],"wp:attachment":[{"href":"https:\/\/thequeenhouse.co.uk\/lt\/wp-json\/wp\/v2\/media?parent=17310"}],"wp:term":[{"taxonomy":"product_brand","embeddable":true,"href":"https:\/\/thequeenhouse.co.uk\/lt\/wp-json\/wp\/v2\/product_brand?post=17310"},{"taxonomy":"product_cat","embeddable":true,"href":"https:\/\/thequeenhouse.co.uk\/lt\/wp-json\/wp\/v2\/product_cat?post=17310"},{"taxonomy":"product_tag","embeddable":true,"href":"https:\/\/thequeenhouse.co.uk\/lt\/wp-json\/wp\/v2\/product_tag?post=17310"}],"curies":[{"name":"wp","href":"https:\/\/api.w.org\/{rel}","templated":true}]}}