{"id":17314,"date":"2026-04-23T07:59:54","date_gmt":"2026-04-23T06:59:54","guid":{"rendered":"https:\/\/thequeenhouse.co.uk\/?post_type=product&#038;p=17314"},"modified":"2026-04-23T08:04:42","modified_gmt":"2026-04-23T07:04:42","slug":"lebelage-lakstine-veido-kauke-madecassoside-solution-mask-copy","status":"publish","type":"product","link":"https:\/\/thequeenhouse.co.uk\/lt\/produktas\/lebelage-lakstine-veido-kauke-madecassoside-solution-mask-copy\/","title":{"rendered":"MIA MAKEUP &#8211; L\u016bp\u0173 Blizgis &#8211; Jelly Crush Lip Glass 02 Confetti"},"content":{"rendered":"<p data-start=\"117\" data-end=\"178\"><strong data-start=\"117\" data-end=\"178\">MIA MAKEUP l\u016bp\u0173 blizgis JELLY CRUSH LIP GLASS 02 CONFETTI<\/strong><\/p>\n<p data-start=\"180\" data-end=\"377\">Ypatingai blizgus l\u016bp\u0173 blizgis, suteikiantis l\u016bpoms spindesio ir komforto be lipnumo poj\u016b\u010dio. Lengva, maloni tekst\u016bra tolygiai dengia l\u016bpas, suteikia subtili\u0105 spalv\u0105 ir i\u0161ry\u0161kina j\u0173 nat\u016bral\u0173 gro\u017e\u012f.<\/p>\n<p data-start=\"379\" data-end=\"569\">Formul\u0117 praturtinta vitaminu E ir saul\u0117gr\u0105\u017e\u0173 s\u0117kl\u0173 aliejumi, kurie padeda maitinti, mink\u0161tinti ir apsaugoti l\u016bpas nuo i\u0161saus\u0117jimo. L\u016bpos atrodo glotnesn\u0117s, \u0161velnesn\u0117s ir vizualiai pilnesn\u0117s.<\/p>\n<p data-start=\"571\" data-end=\"595\"><strong data-start=\"571\" data-end=\"595\">Pagrindin\u0117s savyb\u0117s:<\/strong><\/p>\n<ul data-start=\"596\" data-end=\"744\">\n<li data-section-id=\"lmkyqi\" data-start=\"596\" data-end=\"633\">Intensyvus, veidrodinis blizgesys<\/li>\n<li data-section-id=\"1g63t1l\" data-start=\"634\" data-end=\"653\">Nelipni formul\u0117<\/li>\n<li data-section-id=\"17b7zot\" data-start=\"654\" data-end=\"682\">Maitina ir dr\u0117kina l\u016bpas<\/li>\n<li data-section-id=\"1oojalt\" data-start=\"683\" data-end=\"711\">Suteikia subtili\u0105 spalv\u0105<\/li>\n<li data-section-id=\"16smd2t\" data-start=\"712\" data-end=\"744\">Patogi kasdieniam naudojimui<\/li>\n<\/ul>\n<p data-start=\"746\" data-end=\"937\"><strong data-start=\"746\" data-end=\"760\">Patarimas:<\/strong><br data-start=\"760\" data-end=\"763\" \/>Norint i\u0161gauti ry\u0161kesn\u012f efekt\u0105 ir ilgiau i\u0161liekant\u012f rezultat\u0105, prie\u0161 tepant blizg\u012f apveskite l\u016bpas kont\u016briniu pie\u0161tuku \u2013 tai pad\u0117s tiksliau padengti ir prailgins i\u0161silaikym\u0105.<\/p>\n","protected":false},"excerpt":{"rendered":"<p data-start=\"117\" data-end=\"178\"><strong data-start=\"117\" data-end=\"178\">MIA MAKEUP l\u016bp\u0173 blizgis JELLY CRUSH LIP GLASS 02 CONFETTI<\/strong><\/p>\n<p data-start=\"180\" data-end=\"377\">Ypatingai blizgus l\u016bp\u0173 blizgis, suteikiantis l\u016bpoms spindesio ir komforto be lipnumo poj\u016b\u010dio. Lengva, maloni tekst\u016bra tolygiai dengia l\u016bpas, suteikia subtili\u0105 spalv\u0105 ir i\u0161ry\u0161kina j\u0173 nat\u016bral\u0173 gro\u017e\u012f.<\/p>\n<p data-start=\"379\" data-end=\"569\">Formul\u0117 praturtinta vitaminu E ir saul\u0117gr\u0105\u017e\u0173 s\u0117kl\u0173 aliejumi, kurie padeda maitinti, mink\u0161tinti ir apsaugoti l\u016bpas nuo i\u0161saus\u0117jimo. L\u016bpos atrodo glotnesn\u0117s, \u0161velnesn\u0117s ir vizualiai pilnesn\u0117s.<\/p>\n<p data-start=\"571\" data-end=\"595\"><strong data-start=\"571\" data-end=\"595\">Pagrindin\u0117s savyb\u0117s:<\/strong><\/p>\n<ul data-start=\"596\" data-end=\"744\">\n<li data-section-id=\"lmkyqi\" data-start=\"596\" data-end=\"633\">Intensyvus, veidrodinis blizgesys<\/li>\n<li data-section-id=\"1g63t1l\" data-start=\"634\" data-end=\"653\">Nelipni formul\u0117<\/li>\n<li data-section-id=\"17b7zot\" data-start=\"654\" data-end=\"682\">Maitina ir dr\u0117kina l\u016bpas<\/li>\n<li data-section-id=\"1oojalt\" data-start=\"683\" data-end=\"711\">Suteikia subtili\u0105 spalv\u0105<\/li>\n<li data-section-id=\"16smd2t\" data-start=\"712\" data-end=\"744\">Patogi kasdieniam naudojimui<\/li>\n<\/ul>\n<p data-start=\"746\" data-end=\"937\"><strong data-start=\"746\" data-end=\"760\">Patarimas:<\/strong><br data-start=\"760\" data-end=\"763\" \/>Norint i\u0161gauti ry\u0161kesn\u012f efekt\u0105 ir ilgiau i\u0161liekant\u012f rezultat\u0105, prie\u0161 tepant blizg\u012f apveskite l\u016bpas kont\u016briniu pie\u0161tuku \u2013 tai pad\u0117s tiksliau padengti ir prailgins i\u0161silaikym\u0105.<\/p>\n","protected":false},"featured_media":17320,"comment_status":"open","ping_status":"closed","template":"","meta":[],"product_brand":[],"product_cat":[43],"product_tag":[],"class_list":{"0":"post-17314","1":"product","2":"type-product","3":"status-publish","4":"has-post-thumbnail","6":"product_cat-grozis","8":"first","9":"instock","10":"taxable","11":"shipping-taxable","12":"purchasable","13":"product-type-simple"},"_links":{"self":[{"href":"https:\/\/thequeenhouse.co.uk\/lt\/wp-json\/wp\/v2\/product\/17314","targetHints":{"allow":["GET"]}}],"collection":[{"href":"https:\/\/thequeenhouse.co.uk\/lt\/wp-json\/wp\/v2\/product"}],"about":[{"href":"https:\/\/thequeenhouse.co.uk\/lt\/wp-json\/wp\/v2\/types\/product"}],"replies":[{"embeddable":true,"href":"https:\/\/thequeenhouse.co.uk\/lt\/wp-json\/wp\/v2\/comments?post=17314"}],"wp:featuredmedia":[{"embeddable":true,"href":"https:\/\/thequeenhouse.co.uk\/lt\/wp-json\/wp\/v2\/media\/17320"}],"wp:attachment":[{"href":"https:\/\/thequeenhouse.co.uk\/lt\/wp-json\/wp\/v2\/media?parent=17314"}],"wp:term":[{"taxonomy":"product_brand","embeddable":true,"href":"https:\/\/thequeenhouse.co.uk\/lt\/wp-json\/wp\/v2\/product_brand?post=17314"},{"taxonomy":"product_cat","embeddable":true,"href":"https:\/\/thequeenhouse.co.uk\/lt\/wp-json\/wp\/v2\/product_cat?post=17314"},{"taxonomy":"product_tag","embeddable":true,"href":"https:\/\/thequeenhouse.co.uk\/lt\/wp-json\/wp\/v2\/product_tag?post=17314"}],"curies":[{"name":"wp","href":"https:\/\/api.w.org\/{rel}","templated":true}]}}