{"id":17322,"date":"2026-04-23T08:05:16","date_gmt":"2026-04-23T07:05:16","guid":{"rendered":"https:\/\/thequeenhouse.co.uk\/?post_type=product&#038;p=17322"},"modified":"2026-04-23T08:09:49","modified_gmt":"2026-04-23T07:09:49","slug":"mia-makeup-lupu-blizgis-jelly-crush-lip-glass-02-confetti-copy","status":"publish","type":"product","link":"https:\/\/thequeenhouse.co.uk\/lt\/produktas\/mia-makeup-lupu-blizgis-jelly-crush-lip-glass-02-confetti-copy\/","title":{"rendered":"MIA MAKEUP &#8211; L\u016bp\u0173 Blizgis &#8211; Jelly Crush Lip Glass 01 Starry Candy"},"content":{"rendered":"<p data-start=\"118\" data-end=\"183\"><strong data-start=\"118\" data-end=\"183\">MIA MAKEUP l\u016bp\u0173 blizgis JELLY CRUSH LIP GLASS 01 STARRY CANDY<\/strong><\/p>\n<p data-start=\"185\" data-end=\"404\">Ypatingai blizgus l\u016bp\u0173 blizgis, suteikiantis l\u016bpoms intensyv\u0173 spindes\u012f ir komfort\u0105 be lipnumo poj\u016b\u010dio. Lengva tekst\u016bra tolygiai pasiskirsto, subtiliai pary\u0161kina l\u016bp\u0173 spalv\u0105 ir suteikia joms i\u0161rai\u0161king\u0105, \u0161vytint\u012f efekt\u0105.<\/p>\n<p data-start=\"406\" data-end=\"588\">Formul\u0117 praturtinta vitaminu E ir saul\u0117gr\u0105\u017e\u0173 s\u0117kl\u0173 aliejumi, kurie maitina, dr\u0117kina ir padeda apsaugoti l\u016bpas nuo i\u0161saus\u0117jimo. L\u016bpos tampa \u0161velnesn\u0117s, glotnesn\u0117s ir atrodo pilnesn\u0117s.<\/p>\n<p data-start=\"590\" data-end=\"614\"><strong data-start=\"590\" data-end=\"614\">Pagrindin\u0117s savyb\u0117s:<\/strong><\/p>\n<ul data-start=\"615\" data-end=\"762\">\n<li data-section-id=\"lmkyqi\" data-start=\"615\" data-end=\"652\">Intensyvus, veidrodinis blizgesys<\/li>\n<li data-section-id=\"1g63t1l\" data-start=\"653\" data-end=\"672\">Nelipni formul\u0117<\/li>\n<li data-section-id=\"17b7zot\" data-start=\"673\" data-end=\"701\">Maitina ir dr\u0117kina l\u016bpas<\/li>\n<li data-section-id=\"1oojalt\" data-start=\"702\" data-end=\"730\">Suteikia subtili\u0105 spalv\u0105<\/li>\n<li data-section-id=\"h6k0tk\" data-start=\"731\" data-end=\"762\">Tinka kasdieniam naudojimui<\/li>\n<\/ul>\n<p data-start=\"764\" data-end=\"945\"><strong data-start=\"764\" data-end=\"778\">Patarimas:<\/strong><br data-start=\"778\" data-end=\"781\" \/>Norint i\u0161gauti ry\u0161kesn\u012f ir ilgiau i\u0161liekant\u012f efekt\u0105, prie\u0161 tepant blizg\u012f apveskite l\u016bpas kont\u016briniu pie\u0161tuku \u2013 tai pad\u0117s tiksliau padengti ir prailgins i\u0161silaikym\u0105.<\/p>\n","protected":false},"excerpt":{"rendered":"<p data-start=\"118\" data-end=\"183\"><strong data-start=\"118\" data-end=\"183\">MIA MAKEUP l\u016bp\u0173 blizgis JELLY CRUSH LIP GLASS 01 STARRY CANDY<\/strong><\/p>\n<p data-start=\"185\" data-end=\"404\">Ypatingai blizgus l\u016bp\u0173 blizgis, suteikiantis l\u016bpoms intensyv\u0173 spindes\u012f ir komfort\u0105 be lipnumo poj\u016b\u010dio. Lengva tekst\u016bra tolygiai pasiskirsto, subtiliai pary\u0161kina l\u016bp\u0173 spalv\u0105 ir suteikia joms i\u0161rai\u0161king\u0105, \u0161vytint\u012f efekt\u0105.<\/p>\n<p data-start=\"406\" data-end=\"588\">Formul\u0117 praturtinta vitaminu E ir saul\u0117gr\u0105\u017e\u0173 s\u0117kl\u0173 aliejumi, kurie maitina, dr\u0117kina ir padeda apsaugoti l\u016bpas nuo i\u0161saus\u0117jimo. L\u016bpos tampa \u0161velnesn\u0117s, glotnesn\u0117s ir atrodo pilnesn\u0117s.<\/p>\n<p data-start=\"590\" data-end=\"614\"><strong data-start=\"590\" data-end=\"614\">Pagrindin\u0117s savyb\u0117s:<\/strong><\/p>\n<ul data-start=\"615\" data-end=\"762\">\n<li data-section-id=\"lmkyqi\" data-start=\"615\" data-end=\"652\">Intensyvus, veidrodinis blizgesys<\/li>\n<li data-section-id=\"1g63t1l\" data-start=\"653\" data-end=\"672\">Nelipni formul\u0117<\/li>\n<li data-section-id=\"17b7zot\" data-start=\"673\" data-end=\"701\">Maitina ir dr\u0117kina l\u016bpas<\/li>\n<li data-section-id=\"1oojalt\" data-start=\"702\" data-end=\"730\">Suteikia subtili\u0105 spalv\u0105<\/li>\n<li data-section-id=\"h6k0tk\" data-start=\"731\" data-end=\"762\">Tinka kasdieniam naudojimui<\/li>\n<\/ul>\n<p data-start=\"764\" data-end=\"945\"><strong data-start=\"764\" data-end=\"778\">Patarimas:<\/strong><br data-start=\"778\" data-end=\"781\" \/>Norint i\u0161gauti ry\u0161kesn\u012f ir ilgiau i\u0161liekant\u012f efekt\u0105, prie\u0161 tepant blizg\u012f apveskite l\u016bpas kont\u016briniu pie\u0161tuku \u2013 tai pad\u0117s tiksliau padengti ir prailgins i\u0161silaikym\u0105.<\/p>\n","protected":false},"featured_media":17328,"comment_status":"open","ping_status":"closed","template":"","meta":[],"product_brand":[],"product_cat":[43],"product_tag":[],"class_list":{"0":"post-17322","1":"product","2":"type-product","3":"status-publish","4":"has-post-thumbnail","6":"product_cat-grozis","8":"first","9":"instock","10":"taxable","11":"shipping-taxable","12":"purchasable","13":"product-type-simple"},"_links":{"self":[{"href":"https:\/\/thequeenhouse.co.uk\/lt\/wp-json\/wp\/v2\/product\/17322","targetHints":{"allow":["GET"]}}],"collection":[{"href":"https:\/\/thequeenhouse.co.uk\/lt\/wp-json\/wp\/v2\/product"}],"about":[{"href":"https:\/\/thequeenhouse.co.uk\/lt\/wp-json\/wp\/v2\/types\/product"}],"replies":[{"embeddable":true,"href":"https:\/\/thequeenhouse.co.uk\/lt\/wp-json\/wp\/v2\/comments?post=17322"}],"wp:featuredmedia":[{"embeddable":true,"href":"https:\/\/thequeenhouse.co.uk\/lt\/wp-json\/wp\/v2\/media\/17328"}],"wp:attachment":[{"href":"https:\/\/thequeenhouse.co.uk\/lt\/wp-json\/wp\/v2\/media?parent=17322"}],"wp:term":[{"taxonomy":"product_brand","embeddable":true,"href":"https:\/\/thequeenhouse.co.uk\/lt\/wp-json\/wp\/v2\/product_brand?post=17322"},{"taxonomy":"product_cat","embeddable":true,"href":"https:\/\/thequeenhouse.co.uk\/lt\/wp-json\/wp\/v2\/product_cat?post=17322"},{"taxonomy":"product_tag","embeddable":true,"href":"https:\/\/thequeenhouse.co.uk\/lt\/wp-json\/wp\/v2\/product_tag?post=17322"}],"curies":[{"name":"wp","href":"https:\/\/api.w.org\/{rel}","templated":true}]}}