{"id":17332,"date":"2026-04-25T17:06:23","date_gmt":"2026-04-25T16:06:23","guid":{"rendered":"https:\/\/thequeenhouse.co.uk\/?post_type=product&#038;p=17332"},"modified":"2026-04-25T17:11:40","modified_gmt":"2026-04-25T16:11:40","slug":"numee-intensyvaus-drekinimo-serumas-su-hialuronu-drops-of-benefits-hydro-boost-b5-ha-30ml-copy-2","status":"publish","type":"product","link":"https:\/\/thequeenhouse.co.uk\/lt\/produktas\/numee-intensyvaus-drekinimo-serumas-su-hialuronu-drops-of-benefits-hydro-boost-b5-ha-30ml-copy-2\/","title":{"rendered":"NUMEE &#8211; Poras Ma\u017einantis Serumas &#8211; DOB Juiced Tropic Bliss PORE MINIMIZING 30ml"},"content":{"rendered":"<p data-start=\"20\" data-end=\"284\">Atraskite \u0161varesn\u0119, lygesn\u0119 ir skaistesn\u0119 od\u0105 su <strong data-start=\"69\" data-end=\"124\">NUMEE DOB Juiced TROPIC BLISS Pore Minimizing Serum<\/strong>. Tai lengvos tekst\u016bros, bet veiksmingas serumas, sukurtas tiems, kurie nori suma\u017einti poras, suvaldyti riebal\u0173 i\u0161siskyrim\u0105 ir suteikti odai tolygesn\u012f atspalv\u012f.<\/p>\n<p data-start=\"286\" data-end=\"577\">Formul\u0117 su 3% niacinamidu padeda suma\u017einti spalvos netolygumus, glotnina odos pavir\u0161i\u0173 ir stiprina jos apsaugin\u012f barjer\u0105. 3% gliukonolaktonas intensyviai dr\u0117kina ir palaiko odos pH balans\u0105, o 1,5% gintaro r\u016bg\u0161tis \u0161velniai eksfolijuoja, pa\u0161alina ne\u0161varumus ir padeda i\u0161valyti poras i\u0161 vidaus.<\/p>\n<p data-start=\"579\" data-end=\"753\">Reguliariai naudojant, oda tampa elastingesn\u0117, lygesn\u0117 ir akivaizd\u017eiai skaistesn\u0117. Serumas ne tik sprend\u017eia problemas, bet ir stiprina nat\u016bralius odos atsinaujinimo procesus.<\/p>\n<p data-start=\"755\" data-end=\"915\"><strong data-start=\"755\" data-end=\"770\">Naudojimas:<\/strong><br data-start=\"770\" data-end=\"773\" \/>U\u017ela\u0161inkite 2\u20133 la\u0161us ant \u0161varios, sausos odos ir \u0161velniai \u012fmasa\u017euokite. Naudokite ryte ir (arba) vakare. Po serumo tepkite dr\u0117kinam\u0105j\u012f krem\u0105.<\/p>\n<p data-start=\"917\" data-end=\"1222\"><strong data-start=\"917\" data-end=\"947\">Kod\u0117l verta rinktis NUMEE?<\/strong><br data-start=\"947\" data-end=\"950\" \/>NUMEE \u2013 tai daugiau nei 20 met\u0173 patirties rezultatas. Prek\u0117s \u017eenklas kuria saugius, efektyvius ir inovatyvius produktus u\u017e prieinam\u0105 kain\u0105. Naudojami nat\u016bralios kilm\u0117s ingredientai, tinkami net jautriai odai. Filosofija paprasta: ne keisti od\u0105, o pad\u0117ti jai veikti geriau.<\/p>\n<p data-start=\"1224\" data-end=\"1285\">Tai prie\u017ei\u016bra, kuri r\u016bpinasi ne tik j\u016bs\u0173 oda, bet ir aplinka.<\/p>\n","protected":false},"excerpt":{"rendered":"<p data-start=\"20\" data-end=\"284\">Atraskite \u0161varesn\u0119, lygesn\u0119 ir skaistesn\u0119 od\u0105 su <strong data-start=\"69\" data-end=\"124\">NUMEE DOB Juiced TROPIC BLISS Pore Minimizing Serum<\/strong>. Tai lengvos tekst\u016bros, bet veiksmingas serumas, sukurtas tiems, kurie nori suma\u017einti poras, suvaldyti riebal\u0173 i\u0161siskyrim\u0105 ir suteikti odai tolygesn\u012f atspalv\u012f.<\/p>\n<p data-start=\"286\" data-end=\"577\">Formul\u0117 su 3% niacinamidu padeda suma\u017einti spalvos netolygumus, glotnina odos pavir\u0161i\u0173 ir stiprina jos apsaugin\u012f barjer\u0105. 3% gliukonolaktonas intensyviai dr\u0117kina ir palaiko odos pH balans\u0105, o 1,5% gintaro r\u016bg\u0161tis \u0161velniai eksfolijuoja, pa\u0161alina ne\u0161varumus ir padeda i\u0161valyti poras i\u0161 vidaus.<\/p>\n<p data-start=\"579\" data-end=\"753\">Reguliariai naudojant, oda tampa elastingesn\u0117, lygesn\u0117 ir akivaizd\u017eiai skaistesn\u0117. Serumas ne tik sprend\u017eia problemas, bet ir stiprina nat\u016bralius odos atsinaujinimo procesus.<\/p>\n<p data-start=\"755\" data-end=\"915\"><strong data-start=\"755\" data-end=\"770\">Naudojimas:<\/strong><br data-start=\"770\" data-end=\"773\" \/>U\u017ela\u0161inkite 2\u20133 la\u0161us ant \u0161varios, sausos odos ir \u0161velniai \u012fmasa\u017euokite. Naudokite ryte ir (arba) vakare. Po serumo tepkite dr\u0117kinam\u0105j\u012f krem\u0105.<\/p>\n<p data-start=\"917\" data-end=\"1222\"><strong data-start=\"917\" data-end=\"947\">Kod\u0117l verta rinktis NUMEE?<\/strong><br data-start=\"947\" data-end=\"950\" \/>NUMEE \u2013 tai daugiau nei 20 met\u0173 patirties rezultatas. Prek\u0117s \u017eenklas kuria saugius, efektyvius ir inovatyvius produktus u\u017e prieinam\u0105 kain\u0105. Naudojami nat\u016bralios kilm\u0117s ingredientai, tinkami net jautriai odai. Filosofija paprasta: ne keisti od\u0105, o pad\u0117ti jai veikti geriau.<\/p>\n<p data-start=\"1224\" data-end=\"1285\">Tai prie\u017ei\u016bra, kuri r\u016bpinasi ne tik j\u016bs\u0173 oda, bet ir aplinka.<\/p>\n<p>&nbsp;<\/p>\n","protected":false},"featured_media":17334,"comment_status":"open","ping_status":"closed","template":"","meta":[],"product_brand":[],"product_cat":[43,212],"product_tag":[],"class_list":{"0":"post-17332","1":"product","2":"type-product","3":"status-publish","4":"has-post-thumbnail","6":"product_cat-grozis","7":"product_cat-veido-prieziuros-priemones","9":"first","10":"instock","11":"taxable","12":"shipping-taxable","13":"purchasable","14":"product-type-simple"},"_links":{"self":[{"href":"https:\/\/thequeenhouse.co.uk\/lt\/wp-json\/wp\/v2\/product\/17332","targetHints":{"allow":["GET"]}}],"collection":[{"href":"https:\/\/thequeenhouse.co.uk\/lt\/wp-json\/wp\/v2\/product"}],"about":[{"href":"https:\/\/thequeenhouse.co.uk\/lt\/wp-json\/wp\/v2\/types\/product"}],"replies":[{"embeddable":true,"href":"https:\/\/thequeenhouse.co.uk\/lt\/wp-json\/wp\/v2\/comments?post=17332"}],"wp:featuredmedia":[{"embeddable":true,"href":"https:\/\/thequeenhouse.co.uk\/lt\/wp-json\/wp\/v2\/media\/17334"}],"wp:attachment":[{"href":"https:\/\/thequeenhouse.co.uk\/lt\/wp-json\/wp\/v2\/media?parent=17332"}],"wp:term":[{"taxonomy":"product_brand","embeddable":true,"href":"https:\/\/thequeenhouse.co.uk\/lt\/wp-json\/wp\/v2\/product_brand?post=17332"},{"taxonomy":"product_cat","embeddable":true,"href":"https:\/\/thequeenhouse.co.uk\/lt\/wp-json\/wp\/v2\/product_cat?post=17332"},{"taxonomy":"product_tag","embeddable":true,"href":"https:\/\/thequeenhouse.co.uk\/lt\/wp-json\/wp\/v2\/product_tag?post=17332"}],"curies":[{"name":"wp","href":"https:\/\/api.w.org\/{rel}","templated":true}]}}