{"id":17337,"date":"2026-04-25T17:13:27","date_gmt":"2026-04-25T16:13:27","guid":{"rendered":"https:\/\/thequeenhouse.co.uk\/?post_type=product&#038;p=17337"},"modified":"2026-04-25T17:17:23","modified_gmt":"2026-04-25T16:17:23","slug":"numee-poras-mazinantis-serumas-dob-juiced-tropic-bliss-pore-minimizing-30ml-copy","status":"publish","type":"product","link":"https:\/\/thequeenhouse.co.uk\/lt\/produktas\/numee-poras-mazinantis-serumas-dob-juiced-tropic-bliss-pore-minimizing-30ml-copy\/","title":{"rendered":"NUMEE &#8211; Raudon\u012f Ma\u017einantis Serumas &#8211; DOB Juiced TSWEET KISS Redness Rebalancing 30ml"},"content":{"rendered":"<p data-start=\"20\" data-end=\"278\">Jautri, sudirgusi, linkusi rausti oda reikalauja ypatingos prie\u017ei\u016bros. <strong data-start=\"91\" data-end=\"148\">NUMEE DOB Juiced SWEET KISS Redness Rebalancing Serum<\/strong> sukurtas tam, kad greitai nuramint\u0173 od\u0105 ir pad\u0117t\u0173 suma\u017einti paraudim\u0105 \u2013 pirmuosius rezultatus galite pasteb\u0117ti vos per 5 minutes.<\/p>\n<p data-start=\"280\" data-end=\"494\">Lengva, gaivinanti formul\u0117 akimirksniu suteikia komforto poj\u016bt\u012f, ma\u017eina diskomfort\u0105 ir padeda atkurti odos balans\u0105. Reguliariai naudojant, oda tampa ramesn\u0117, tolygesnio atspalvio, mink\u0161tesn\u0117 ir nat\u016braliai \u0161vytinti.<\/p>\n<p data-start=\"496\" data-end=\"836\">Sud\u0117tyje esantis 1,5% niacinamidas padeda suvienodinti odos ton\u0105, stiprina apsaugin\u012f barjer\u0105 ir gerina elastingum\u0105. Net 15% alijo\u0161iaus intensyviai dr\u0117kina, v\u0117sina ir ma\u017eina sudirgim\u0105, o 2% provitamino B5 skatina odos atsinaujinim\u0105 bei stiprina jos atsparum\u0105. CICA ekstraktas papildomai ramina, gerina elastingum\u0105 ir palaiko kolageno gamyb\u0105.<\/p>\n<p data-start=\"838\" data-end=\"998\"><strong data-start=\"838\" data-end=\"853\">Naudojimas:<\/strong><br data-start=\"853\" data-end=\"856\" \/>U\u017ela\u0161inkite 2\u20133 la\u0161us ant \u0161varios, sausos odos ir \u0161velniai \u012fmasa\u017euokite. Naudokite ryte ir (arba) vakare. Po serumo tepkite dr\u0117kinam\u0105j\u012f krem\u0105.<\/p>\n<p data-start=\"1000\" data-end=\"1259\"><strong data-start=\"1000\" data-end=\"1030\">Kod\u0117l verta rinktis NUMEE?<\/strong><br data-start=\"1030\" data-end=\"1033\" \/>NUMEE \u2013 daugiau nei 20 met\u0173 tyrim\u0173 ir k\u016brimo rezultatas. Prek\u0117s \u017eenklas orientuojasi \u012f saugius, veiksmingus ir inovatyvius sprendimus u\u017e prieinam\u0105 kain\u0105. Naudojami nat\u016bralios kilm\u0117s ingredientai, tinkami net jautriausiai odai.<\/p>\n<p data-start=\"1261\" data-end=\"1375\">Tikslas paprastas \u2013 ne pakeisti j\u016bs\u0173 od\u0105, o pad\u0117ti jai atsiskleisti. Sveikai, subalansuotai ir nat\u016braliai gra\u017eiai.<\/p>\n","protected":false},"excerpt":{"rendered":"<p data-start=\"20\" data-end=\"278\">Jautri, sudirgusi, linkusi rausti oda reikalauja ypatingos prie\u017ei\u016bros. <strong data-start=\"91\" data-end=\"148\">NUMEE DOB Juiced SWEET KISS Redness Rebalancing Serum<\/strong> sukurtas tam, kad greitai nuramint\u0173 od\u0105 ir pad\u0117t\u0173 suma\u017einti paraudim\u0105 \u2013 pirmuosius rezultatus galite pasteb\u0117ti vos per 5 minutes.<\/p>\n<p data-start=\"280\" data-end=\"494\">Lengva, gaivinanti formul\u0117 akimirksniu suteikia komforto poj\u016bt\u012f, ma\u017eina diskomfort\u0105 ir padeda atkurti odos balans\u0105. Reguliariai naudojant, oda tampa ramesn\u0117, tolygesnio atspalvio, mink\u0161tesn\u0117 ir nat\u016braliai \u0161vytinti.<\/p>\n<p data-start=\"496\" data-end=\"836\">Sud\u0117tyje esantis 1,5% niacinamidas padeda suvienodinti odos ton\u0105, stiprina apsaugin\u012f barjer\u0105 ir gerina elastingum\u0105. Net 15% alijo\u0161iaus intensyviai dr\u0117kina, v\u0117sina ir ma\u017eina sudirgim\u0105, o 2% provitamino B5 skatina odos atsinaujinim\u0105 bei stiprina jos atsparum\u0105. CICA ekstraktas papildomai ramina, gerina elastingum\u0105 ir palaiko kolageno gamyb\u0105.<\/p>\n<p data-start=\"838\" data-end=\"998\"><strong data-start=\"838\" data-end=\"853\">Naudojimas:<\/strong><br data-start=\"853\" data-end=\"856\" \/>U\u017ela\u0161inkite 2\u20133 la\u0161us ant \u0161varios, sausos odos ir \u0161velniai \u012fmasa\u017euokite. Naudokite ryte ir (arba) vakare. Po serumo tepkite dr\u0117kinam\u0105j\u012f krem\u0105.<\/p>\n<p data-start=\"1000\" data-end=\"1259\"><strong data-start=\"1000\" data-end=\"1030\">Kod\u0117l verta rinktis NUMEE?<\/strong><br data-start=\"1030\" data-end=\"1033\" \/>NUMEE \u2013 daugiau nei 20 met\u0173 tyrim\u0173 ir k\u016brimo rezultatas. Prek\u0117s \u017eenklas orientuojasi \u012f saugius, veiksmingus ir inovatyvius sprendimus u\u017e prieinam\u0105 kain\u0105. Naudojami nat\u016bralios kilm\u0117s ingredientai, tinkami net jautriausiai odai.<\/p>\n<p data-start=\"1261\" data-end=\"1375\">Tikslas paprastas \u2013 ne pakeisti j\u016bs\u0173 od\u0105, o pad\u0117ti jai atsiskleisti. Sveikai, subalansuotai ir nat\u016braliai gra\u017eiai.<\/p>\n","protected":false},"featured_media":17339,"comment_status":"open","ping_status":"closed","template":"","meta":[],"product_brand":[],"product_cat":[43,212],"product_tag":[],"class_list":{"0":"post-17337","1":"product","2":"type-product","3":"status-publish","4":"has-post-thumbnail","6":"product_cat-grozis","7":"product_cat-veido-prieziuros-priemones","9":"first","10":"instock","11":"taxable","12":"shipping-taxable","13":"purchasable","14":"product-type-simple"},"_links":{"self":[{"href":"https:\/\/thequeenhouse.co.uk\/lt\/wp-json\/wp\/v2\/product\/17337","targetHints":{"allow":["GET"]}}],"collection":[{"href":"https:\/\/thequeenhouse.co.uk\/lt\/wp-json\/wp\/v2\/product"}],"about":[{"href":"https:\/\/thequeenhouse.co.uk\/lt\/wp-json\/wp\/v2\/types\/product"}],"replies":[{"embeddable":true,"href":"https:\/\/thequeenhouse.co.uk\/lt\/wp-json\/wp\/v2\/comments?post=17337"}],"wp:featuredmedia":[{"embeddable":true,"href":"https:\/\/thequeenhouse.co.uk\/lt\/wp-json\/wp\/v2\/media\/17339"}],"wp:attachment":[{"href":"https:\/\/thequeenhouse.co.uk\/lt\/wp-json\/wp\/v2\/media?parent=17337"}],"wp:term":[{"taxonomy":"product_brand","embeddable":true,"href":"https:\/\/thequeenhouse.co.uk\/lt\/wp-json\/wp\/v2\/product_brand?post=17337"},{"taxonomy":"product_cat","embeddable":true,"href":"https:\/\/thequeenhouse.co.uk\/lt\/wp-json\/wp\/v2\/product_cat?post=17337"},{"taxonomy":"product_tag","embeddable":true,"href":"https:\/\/thequeenhouse.co.uk\/lt\/wp-json\/wp\/v2\/product_tag?post=17337"}],"curies":[{"name":"wp","href":"https:\/\/api.w.org\/{rel}","templated":true}]}}