{"id":17341,"date":"2026-04-25T17:19:12","date_gmt":"2026-04-25T16:19:12","guid":{"rendered":"https:\/\/thequeenhouse.co.uk\/?post_type=product&#038;p=17341"},"modified":"2026-04-25T17:22:49","modified_gmt":"2026-04-25T16:22:49","slug":"agiva-dvifazis-purskiamas-kondicionierius-keratin-complex-400-ml-copy-2","status":"publish","type":"product","link":"https:\/\/thequeenhouse.co.uk\/lt\/produktas\/agiva-dvifazis-purskiamas-kondicionierius-keratin-complex-400-ml-copy-2\/","title":{"rendered":"AGIVA &#8211; Dvifazis Pur\u0161kiamas Kondicionierius COLOR GUARD \u2013 400 ml"},"content":{"rendered":"<p data-start=\"20\" data-end=\"297\">I\u0161saugokite savo plauk\u0173 spalvos ry\u0161kum\u0105 ir suteikite jiems profesionali\u0105 prie\u017ei\u016br\u0105 su <strong data-start=\"106\" data-end=\"163\">AGIVA COLOR GUARD dvifaziu pur\u0161kiamu kondicionieriumi<\/strong>. \u0160i pa\u017eangi formul\u0117 sukurta specialiai da\u017eytiems ir chemi\u0161kai pa\u017eeistiems plaukams, kuriems reikia daugiau nei tik \u012fprasto dr\u0117kinimo.<\/p>\n<p data-start=\"299\" data-end=\"510\">D\u0117l inovatyvios liposom\u0173 technologijos veikliosios med\u017eiagos prasiskverbia giliau \u012f plauko strukt\u016br\u0105, padeda j\u0105 atkurti ir sustiprinti. Plaukai tampa atsparesni i\u0161saus\u0117jimui, l\u016b\u017ein\u0117jimui ir kasdieniam poveikiui.<\/p>\n<p data-start=\"512\" data-end=\"706\">Granato ekstraktas saugo spalv\u0105 nuo blukimo, i\u0161laiko jos sodrum\u0105 ir suteikia nat\u016bralaus spindesio. Kiekvien\u0105 kart\u0105 naudojant plaukai atrodo gyvybingesni, o spalva i\u0161lieka tarsi k\u0105 tik po da\u017eymo.<\/p>\n<p data-start=\"708\" data-end=\"866\">Augalin\u0117s kilm\u0117s dr\u0117kinamosios med\u017eiagos intensyviai maitina, mink\u0161tina ir atkuria plauk\u0173 elastingum\u0105, tod\u0117l jie tampa lengviau i\u0161\u0161ukuojami ir \u0161veln\u016bs liesti.<\/p>\n<p data-start=\"868\" data-end=\"911\"><strong data-start=\"868\" data-end=\"911\">7 prie\u017eastys rinktis \u0161\u012f kondicionieri\u0173:<\/strong><\/p>\n<ul data-start=\"912\" data-end=\"1109\">\n<li data-section-id=\"4go8t7\" data-start=\"912\" data-end=\"937\">Apsaugo plauk\u0173 spalv\u0105<\/li>\n<li data-section-id=\"uro65t\" data-start=\"938\" data-end=\"967\">Stiprina plauk\u0173 strukt\u016br\u0105<\/li>\n<li data-section-id=\"1g7n41\" data-start=\"968\" data-end=\"1003\">Suteikia ilgai i\u0161liekant\u012f kvap\u0105<\/li>\n<li data-section-id=\"boi3s1\" data-start=\"1004\" data-end=\"1035\">Pary\u0161kina nat\u016bral\u0173 blizges\u012f<\/li>\n<li data-section-id=\"1xjfldt\" data-start=\"1036\" data-end=\"1059\">Intensyviai dr\u0117kina<\/li>\n<li data-section-id=\"1y9sc14\" data-start=\"1060\" data-end=\"1085\">Palengvina i\u0161\u0161ukavim\u0105<\/li>\n<li data-section-id=\"1c1206a\" data-start=\"1086\" data-end=\"1109\">Suteikia UV apsaug\u0105<\/li>\n<\/ul>\n<p data-start=\"1111\" data-end=\"1233\"><strong data-start=\"1111\" data-end=\"1136\">Papildomi privalumai:<\/strong><br \/>\nVegani\u0161ka formul\u0117<br data-start=\"1154\" data-end=\"1157\" \/>Perdirbamo plastiko pakuot\u0117<br data-start=\"1184\" data-end=\"1187\" \/>Profesionalios prie\u017ei\u016bros rezultatai namuose<\/p>\n<p data-start=\"1235\" data-end=\"1428\"><strong data-start=\"1235\" data-end=\"1250\">Naudojimas:<\/strong><br data-start=\"1250\" data-end=\"1253\" \/>Prie\u0161 naudojim\u0105 gerai suplakite. Purk\u0161kite ant dr\u0117gn\u0173 arba saus\u0173 plauk\u0173 i\u0161 15\u201330 cm atstumo, paskirstykite per plauk\u0173 ilg\u012f ir galiukus. I\u0161\u0161ukuokite ir formuokite kaip \u012fprasta.<\/p>\n","protected":false},"excerpt":{"rendered":"<p data-start=\"20\" data-end=\"297\">I\u0161saugokite savo plauk\u0173 spalvos ry\u0161kum\u0105 ir suteikite jiems profesionali\u0105 prie\u017ei\u016br\u0105 su <strong data-start=\"106\" data-end=\"163\">AGIVA COLOR GUARD dvifaziu pur\u0161kiamu kondicionieriumi<\/strong>. \u0160i pa\u017eangi formul\u0117 sukurta specialiai da\u017eytiems ir chemi\u0161kai pa\u017eeistiems plaukams, kuriems reikia daugiau nei tik \u012fprasto dr\u0117kinimo.<\/p>\n<p data-start=\"299\" data-end=\"510\">D\u0117l inovatyvios liposom\u0173 technologijos veikliosios med\u017eiagos prasiskverbia giliau \u012f plauko strukt\u016br\u0105, padeda j\u0105 atkurti ir sustiprinti. Plaukai tampa atsparesni i\u0161saus\u0117jimui, l\u016b\u017ein\u0117jimui ir kasdieniam poveikiui.<\/p>\n<p data-start=\"512\" data-end=\"706\">Granato ekstraktas saugo spalv\u0105 nuo blukimo, i\u0161laiko jos sodrum\u0105 ir suteikia nat\u016bralaus spindesio. Kiekvien\u0105 kart\u0105 naudojant plaukai atrodo gyvybingesni, o spalva i\u0161lieka tarsi k\u0105 tik po da\u017eymo.<\/p>\n<p data-start=\"708\" data-end=\"866\">Augalin\u0117s kilm\u0117s dr\u0117kinamosios med\u017eiagos intensyviai maitina, mink\u0161tina ir atkuria plauk\u0173 elastingum\u0105, tod\u0117l jie tampa lengviau i\u0161\u0161ukuojami ir \u0161veln\u016bs liesti.<\/p>\n<p data-start=\"868\" data-end=\"911\"><strong data-start=\"868\" data-end=\"911\">7 prie\u017eastys rinktis \u0161\u012f kondicionieri\u0173:<\/strong><\/p>\n<ul data-start=\"912\" data-end=\"1109\">\n<li data-section-id=\"4go8t7\" data-start=\"912\" data-end=\"937\">Apsaugo plauk\u0173 spalv\u0105<\/li>\n<li data-section-id=\"uro65t\" data-start=\"938\" data-end=\"967\">Stiprina plauk\u0173 strukt\u016br\u0105<\/li>\n<li data-section-id=\"1g7n41\" data-start=\"968\" data-end=\"1003\">Suteikia ilgai i\u0161liekant\u012f kvap\u0105<\/li>\n<li data-section-id=\"boi3s1\" data-start=\"1004\" data-end=\"1035\">Pary\u0161kina nat\u016bral\u0173 blizges\u012f<\/li>\n<li data-section-id=\"1xjfldt\" data-start=\"1036\" data-end=\"1059\">Intensyviai dr\u0117kina<\/li>\n<li data-section-id=\"1y9sc14\" data-start=\"1060\" data-end=\"1085\">Palengvina i\u0161\u0161ukavim\u0105<\/li>\n<li data-section-id=\"1c1206a\" data-start=\"1086\" data-end=\"1109\">Suteikia UV apsaug\u0105<\/li>\n<\/ul>\n<p data-start=\"1111\" data-end=\"1233\"><strong data-start=\"1111\" data-end=\"1136\">Papildomi privalumai:<\/strong><br \/>\nVegani\u0161ka formul\u0117<br data-start=\"1154\" data-end=\"1157\" \/>Perdirbamo plastiko pakuot\u0117<br data-start=\"1184\" data-end=\"1187\" \/>Profesionalios prie\u017ei\u016bros rezultatai namuose<\/p>\n<p data-start=\"1235\" data-end=\"1428\"><strong data-start=\"1235\" data-end=\"1250\">Naudojimas:<\/strong><br data-start=\"1250\" data-end=\"1253\" \/>Prie\u0161 naudojim\u0105 gerai suplakite. Purk\u0161kite ant dr\u0117gn\u0173 arba saus\u0173 plauk\u0173 i\u0161 15\u201330 cm atstumo, paskirstykite per plauk\u0173 ilg\u012f ir galiukus. I\u0161\u0161ukuokite ir formuokite kaip \u012fprasta.<\/p>\n","protected":false},"featured_media":17343,"comment_status":"open","ping_status":"closed","template":"","meta":[],"product_brand":[],"product_cat":[43,222],"product_tag":[],"class_list":{"0":"post-17341","1":"product","2":"type-product","3":"status-publish","4":"has-post-thumbnail","6":"product_cat-grozis","7":"product_cat-plauku-prieziuros-priemones","9":"first","10":"instock","11":"taxable","12":"shipping-taxable","13":"purchasable","14":"product-type-simple"},"_links":{"self":[{"href":"https:\/\/thequeenhouse.co.uk\/lt\/wp-json\/wp\/v2\/product\/17341","targetHints":{"allow":["GET"]}}],"collection":[{"href":"https:\/\/thequeenhouse.co.uk\/lt\/wp-json\/wp\/v2\/product"}],"about":[{"href":"https:\/\/thequeenhouse.co.uk\/lt\/wp-json\/wp\/v2\/types\/product"}],"replies":[{"embeddable":true,"href":"https:\/\/thequeenhouse.co.uk\/lt\/wp-json\/wp\/v2\/comments?post=17341"}],"wp:featuredmedia":[{"embeddable":true,"href":"https:\/\/thequeenhouse.co.uk\/lt\/wp-json\/wp\/v2\/media\/17343"}],"wp:attachment":[{"href":"https:\/\/thequeenhouse.co.uk\/lt\/wp-json\/wp\/v2\/media?parent=17341"}],"wp:term":[{"taxonomy":"product_brand","embeddable":true,"href":"https:\/\/thequeenhouse.co.uk\/lt\/wp-json\/wp\/v2\/product_brand?post=17341"},{"taxonomy":"product_cat","embeddable":true,"href":"https:\/\/thequeenhouse.co.uk\/lt\/wp-json\/wp\/v2\/product_cat?post=17341"},{"taxonomy":"product_tag","embeddable":true,"href":"https:\/\/thequeenhouse.co.uk\/lt\/wp-json\/wp\/v2\/product_tag?post=17341"}],"curies":[{"name":"wp","href":"https:\/\/api.w.org\/{rel}","templated":true}]}}