{"id":17350,"date":"2026-04-25T17:31:46","date_gmt":"2026-04-25T16:31:46","guid":{"rendered":"https:\/\/thequeenhouse.co.uk\/?post_type=product&#038;p=17350"},"modified":"2026-04-25T17:39:23","modified_gmt":"2026-04-25T16:39:23","slug":"wabi-kvepalai-moterims-dark-addiction-16-eau-de-parfum-50-ml-copy","status":"publish","type":"product","link":"https:\/\/thequeenhouse.co.uk\/lt\/produktas\/wabi-kvepalai-moterims-dark-addiction-16-eau-de-parfum-50-ml-copy\/","title":{"rendered":"LES PERLES D\u2019ORIENT \u2013 Kvepalai Moterims Opi Noire Eau De Parfum 150 ml"},"content":{"rendered":"<p data-start=\"20\" data-end=\"217\">Pasinerkite \u012f kontrast\u0173 kupin\u0105 kvap\u0173 patirt\u012f su <strong data-start=\"68\" data-end=\"101\">LES PERLES D\u2019ORIENT Opi Noire<\/strong>. Tai aromatas tiems, kurie m\u0117gsta i\u0161siskirti \u2013 dr\u0105sus, hipnotizuojantis ir paliekantis \u012fsp\u016bd\u012f nuo pirmos akimirkos.<\/p>\n<p data-start=\"219\" data-end=\"506\">\u012esivaizduokite sodri\u0105 juodos kavos nat\u0105, susiliejan\u010di\u0105 su gaivia, sultinga kriau\u0161e. \u0160\u012f derin\u012f papildo citrus\u0173 \u0161vara ir subtilus g\u0117li\u0173 \u0161velnumas, o visk\u0105 u\u017ebaigia \u0161ilta, gili medienos, pa\u010diuli\u0173 ir muskuso baz\u0117. Kvapas atsiskleid\u017eia sluoksniais, kiekvien\u0105 kart\u0105 palikdamas vis kit\u0105 \u012fsp\u016bd\u012f.<\/p>\n<p data-start=\"508\" data-end=\"661\"><strong data-start=\"508\" data-end=\"524\">Kvapo natos:<\/strong><br data-start=\"524\" data-end=\"527\" \/>Vir\u0161utin\u0117s: kriau\u0161\u0117, kava, citrina, bergamot\u0117<br data-start=\"572\" data-end=\"575\" \/>Vidurin\u0117s: jazmin\u0173 sambakas, apelsin\u0173 \u017eiedai<br data-start=\"619\" data-end=\"622\" \/>Apatin\u0117s: pa\u010diuliai, kedras, muskusas<\/p>\n<p data-start=\"663\" data-end=\"824\">Tai kvapas, kuris kalba u\u017e jus \u2013 subtiliai, bet u\u017etikrintai. Tinka tiek dienai, tiek vakarui, kai norisi pabr\u0117\u017eti savo charakter\u012f ir palikti nepamir\u0161tam\u0105 \u0161leif\u0105.<\/p>\n<p data-start=\"826\" data-end=\"1047\"><strong data-start=\"826\" data-end=\"851\">I\u0161skirtinis dizainas:<\/strong><br data-start=\"851\" data-end=\"854\" \/>Kvepalai pateikiami moderniame aliuminio buteliuke, kuris ne tik atrodo stilingai, bet ir yra prakti\u0161kas kasdieniam naudojimui. Talpa \u2013 net 150 ml, tod\u0117l m\u0117gstamu kvapu gal\u0117site m\u0117gautis ilgai.<\/p>\n<p data-start=\"1049\" data-end=\"1137\">Pagaminta Italijoje \u2013 \u0161alyje, kur susitinka kokyb\u0117, dizainas ir parfumerijos tradicijos.<\/p>\n","protected":false},"excerpt":{"rendered":"<p data-start=\"20\" data-end=\"217\">Pasinerkite \u012f kontrast\u0173 kupin\u0105 kvap\u0173 patirt\u012f su <strong data-start=\"68\" data-end=\"101\">LES PERLES D\u2019ORIENT Opi Noire<\/strong>. Tai aromatas tiems, kurie m\u0117gsta i\u0161siskirti \u2013 dr\u0105sus, hipnotizuojantis ir paliekantis \u012fsp\u016bd\u012f nuo pirmos akimirkos.<\/p>\n<p data-start=\"219\" data-end=\"506\">\u012esivaizduokite sodri\u0105 juodos kavos nat\u0105, susiliejan\u010di\u0105 su gaivia, sultinga kriau\u0161e. \u0160\u012f derin\u012f papildo citrus\u0173 \u0161vara ir subtilus g\u0117li\u0173 \u0161velnumas, o visk\u0105 u\u017ebaigia \u0161ilta, gili medienos, pa\u010diuli\u0173 ir muskuso baz\u0117. Kvapas atsiskleid\u017eia sluoksniais, kiekvien\u0105 kart\u0105 palikdamas vis kit\u0105 \u012fsp\u016bd\u012f.<\/p>\n<p data-start=\"508\" data-end=\"661\"><strong data-start=\"508\" data-end=\"524\">Kvapo natos:<\/strong><br data-start=\"524\" data-end=\"527\" \/>Vir\u0161utin\u0117s: kriau\u0161\u0117, kava, citrina, bergamot\u0117<br data-start=\"572\" data-end=\"575\" \/>Vidurin\u0117s: jazmin\u0173 sambakas, apelsin\u0173 \u017eiedai<br data-start=\"619\" data-end=\"622\" \/>Apatin\u0117s: pa\u010diuliai, kedras, muskusas<\/p>\n<p data-start=\"663\" data-end=\"824\">Tai kvapas, kuris kalba u\u017e jus \u2013 subtiliai, bet u\u017etikrintai. Tinka tiek dienai, tiek vakarui, kai norisi pabr\u0117\u017eti savo charakter\u012f ir palikti nepamir\u0161tam\u0105 \u0161leif\u0105.<\/p>\n<p data-start=\"826\" data-end=\"1047\"><strong data-start=\"826\" data-end=\"851\">I\u0161skirtinis dizainas:<\/strong><br data-start=\"851\" data-end=\"854\" \/>Kvepalai pateikiami moderniame aliuminio buteliuke, kuris ne tik atrodo stilingai, bet ir yra prakti\u0161kas kasdieniam naudojimui. Talpa \u2013 net 150 ml, tod\u0117l m\u0117gstamu kvapu gal\u0117site m\u0117gautis ilgai.<\/p>\n<p data-start=\"1049\" data-end=\"1137\">Pagaminta Italijoje \u2013 \u0161alyje, kur susitinka kokyb\u0117, dizainas ir parfumerijos tradicijos.<\/p>\n","protected":false},"featured_media":17352,"comment_status":"open","ping_status":"closed","template":"","meta":[],"product_brand":[],"product_cat":[43,319],"product_tag":[],"class_list":{"0":"post-17350","1":"product","2":"type-product","3":"status-publish","4":"has-post-thumbnail","6":"product_cat-grozis","7":"product_cat-kvepalai","9":"first","10":"instock","11":"taxable","12":"shipping-taxable","13":"purchasable","14":"product-type-simple"},"_links":{"self":[{"href":"https:\/\/thequeenhouse.co.uk\/lt\/wp-json\/wp\/v2\/product\/17350","targetHints":{"allow":["GET"]}}],"collection":[{"href":"https:\/\/thequeenhouse.co.uk\/lt\/wp-json\/wp\/v2\/product"}],"about":[{"href":"https:\/\/thequeenhouse.co.uk\/lt\/wp-json\/wp\/v2\/types\/product"}],"replies":[{"embeddable":true,"href":"https:\/\/thequeenhouse.co.uk\/lt\/wp-json\/wp\/v2\/comments?post=17350"}],"wp:featuredmedia":[{"embeddable":true,"href":"https:\/\/thequeenhouse.co.uk\/lt\/wp-json\/wp\/v2\/media\/17352"}],"wp:attachment":[{"href":"https:\/\/thequeenhouse.co.uk\/lt\/wp-json\/wp\/v2\/media?parent=17350"}],"wp:term":[{"taxonomy":"product_brand","embeddable":true,"href":"https:\/\/thequeenhouse.co.uk\/lt\/wp-json\/wp\/v2\/product_brand?post=17350"},{"taxonomy":"product_cat","embeddable":true,"href":"https:\/\/thequeenhouse.co.uk\/lt\/wp-json\/wp\/v2\/product_cat?post=17350"},{"taxonomy":"product_tag","embeddable":true,"href":"https:\/\/thequeenhouse.co.uk\/lt\/wp-json\/wp\/v2\/product_tag?post=17350"}],"curies":[{"name":"wp","href":"https:\/\/api.w.org\/{rel}","templated":true}]}}