{"id":17355,"date":"2026-04-25T17:40:20","date_gmt":"2026-04-25T16:40:20","guid":{"rendered":"https:\/\/thequeenhouse.co.uk\/?post_type=product&#038;p=17355"},"modified":"2026-04-25T17:43:08","modified_gmt":"2026-04-25T16:43:08","slug":"les-perles-dorient-kvepalai-moterims-opi-noire-eau-de-parfum-150-ml-copy","status":"publish","type":"product","link":"https:\/\/thequeenhouse.co.uk\/lt\/produktas\/les-perles-dorient-kvepalai-moterims-opi-noire-eau-de-parfum-150-ml-copy\/","title":{"rendered":"LES PERLES D\u2019ORIENT \u2013 Kvepalai Moterims Coco &#038; Vanille Eau De Parfum 150 ml"},"content":{"rendered":"<p data-start=\"20\" data-end=\"218\">Leiskite sau pab\u0117gti \u012f vasaros prisiminimus su <strong data-start=\"67\" data-end=\"105\">LES PERLES D\u2019ORIENT Coco &amp; Vanille<\/strong>. Tai kvapas, kuris apgaubia \u0161iluma, saldumu ir lengvu tropik\u0173 gaivumu \u2013 tarsi atostogos, kurios visada su jumis.<\/p>\n<p data-start=\"220\" data-end=\"551\">Pirmiausia atsiskleid\u017eia kreminis kokosas, susiliejantis su sultingu baltuoju persiku. \u0160irdyje skleid\u017eiasi subtilios g\u0117li\u0173 natos \u2013 ylang-ylang ir jazminai, suteikiantys kvapui moteri\u0161kumo ir elegancijos. Visa kompozicija nus\u0117da ant \u0161ilto, jaukaus pagrindo i\u0161 sandalmed\u017eio, gaiac medienos, vanil\u0117s i\u0161 Madagaskaro ir baltojo muskuso.<\/p>\n<p data-start=\"553\" data-end=\"650\">Tai saldus, bet ne per sunkus aromatas \u2013 \u0161velnus, viliojantis ir paliekantis nepamir\u0161tam\u0105 \u012fsp\u016bd\u012f.<\/p>\n<p data-start=\"652\" data-end=\"833\"><strong data-start=\"652\" data-end=\"670\">Kvepal\u0173 natos:<\/strong><br data-start=\"670\" data-end=\"673\" \/>Vir\u0161utin\u0117s: kokosas, baltasis persikas<br data-start=\"711\" data-end=\"714\" \/>Vidurin\u0117s: ylang-ylang, Egipto jazminai<br data-start=\"753\" data-end=\"756\" \/>Apatin\u0117s: sandalmedis, gaiac mediena, Madagaskaro vanil\u0117, baltasis muskusas<\/p>\n<p data-start=\"835\" data-end=\"979\">Puikiai tinka tiek kasdienai, tiek akimirkoms, kai norisi jaustis ypatingai. Kvapas, kuris i\u0161ry\u0161kina moteri\u0161kum\u0105 ir sukuria jauk\u0173, \u0161ilt\u0105 \u0161leif\u0105.<\/p>\n<p data-start=\"981\" data-end=\"1149\"><strong data-start=\"981\" data-end=\"1006\">I\u0161skirtinis dizainas:<\/strong><br data-start=\"1006\" data-end=\"1009\" \/>Modernus aliuminio buteliukas ne tik atrodo stilingai, bet ir yra patogus naudoti. Net 150 ml talpa leid\u017eia ilgai m\u0117gautis m\u0117gstamu aromatu.<\/p>\n<p data-start=\"1151\" data-end=\"1220\">Pagaminta Italijoje \u2013 \u0161alyje, kur gimsta tikra parfumerijos estetika.<\/p>\n","protected":false},"excerpt":{"rendered":"<p data-start=\"20\" data-end=\"218\">Leiskite sau pab\u0117gti \u012f vasaros prisiminimus su <strong data-start=\"67\" data-end=\"105\">LES PERLES D\u2019ORIENT Coco &amp; Vanille<\/strong>. Tai kvapas, kuris apgaubia \u0161iluma, saldumu ir lengvu tropik\u0173 gaivumu \u2013 tarsi atostogos, kurios visada su jumis.<\/p>\n<p data-start=\"220\" data-end=\"551\">Pirmiausia atsiskleid\u017eia kreminis kokosas, susiliejantis su sultingu baltuoju persiku. \u0160irdyje skleid\u017eiasi subtilios g\u0117li\u0173 natos \u2013 ylang-ylang ir jazminai, suteikiantys kvapui moteri\u0161kumo ir elegancijos. Visa kompozicija nus\u0117da ant \u0161ilto, jaukaus pagrindo i\u0161 sandalmed\u017eio, gaiac medienos, vanil\u0117s i\u0161 Madagaskaro ir baltojo muskuso.<\/p>\n<p data-start=\"553\" data-end=\"650\">Tai saldus, bet ne per sunkus aromatas \u2013 \u0161velnus, viliojantis ir paliekantis nepamir\u0161tam\u0105 \u012fsp\u016bd\u012f.<\/p>\n<p data-start=\"652\" data-end=\"833\"><strong data-start=\"652\" data-end=\"670\">Kvepal\u0173 natos:<\/strong><br data-start=\"670\" data-end=\"673\" \/>Vir\u0161utin\u0117s: kokosas, baltasis persikas<br data-start=\"711\" data-end=\"714\" \/>Vidurin\u0117s: ylang-ylang, Egipto jazminai<br data-start=\"753\" data-end=\"756\" \/>Apatin\u0117s: sandalmedis, gaiac mediena, Madagaskaro vanil\u0117, baltasis muskusas<\/p>\n<p data-start=\"835\" data-end=\"979\">Puikiai tinka tiek kasdienai, tiek akimirkoms, kai norisi jaustis ypatingai. Kvapas, kuris i\u0161ry\u0161kina moteri\u0161kum\u0105 ir sukuria jauk\u0173, \u0161ilt\u0105 \u0161leif\u0105.<\/p>\n<p data-start=\"981\" data-end=\"1149\"><strong data-start=\"981\" data-end=\"1006\">I\u0161skirtinis dizainas:<\/strong><br data-start=\"1006\" data-end=\"1009\" \/>Modernus aliuminio buteliukas ne tik atrodo stilingai, bet ir yra patogus naudoti. Net 150 ml talpa leid\u017eia ilgai m\u0117gautis m\u0117gstamu aromatu.<\/p>\n<p data-start=\"1151\" data-end=\"1220\">Pagaminta Italijoje \u2013 \u0161alyje, kur gimsta tikra parfumerijos estetika.<\/p>\n","protected":false},"featured_media":17357,"comment_status":"open","ping_status":"closed","template":"","meta":[],"product_brand":[],"product_cat":[43,319],"product_tag":[],"class_list":{"0":"post-17355","1":"product","2":"type-product","3":"status-publish","4":"has-post-thumbnail","6":"product_cat-grozis","7":"product_cat-kvepalai","9":"first","10":"instock","11":"taxable","12":"shipping-taxable","13":"purchasable","14":"product-type-simple"},"_links":{"self":[{"href":"https:\/\/thequeenhouse.co.uk\/lt\/wp-json\/wp\/v2\/product\/17355","targetHints":{"allow":["GET"]}}],"collection":[{"href":"https:\/\/thequeenhouse.co.uk\/lt\/wp-json\/wp\/v2\/product"}],"about":[{"href":"https:\/\/thequeenhouse.co.uk\/lt\/wp-json\/wp\/v2\/types\/product"}],"replies":[{"embeddable":true,"href":"https:\/\/thequeenhouse.co.uk\/lt\/wp-json\/wp\/v2\/comments?post=17355"}],"wp:featuredmedia":[{"embeddable":true,"href":"https:\/\/thequeenhouse.co.uk\/lt\/wp-json\/wp\/v2\/media\/17357"}],"wp:attachment":[{"href":"https:\/\/thequeenhouse.co.uk\/lt\/wp-json\/wp\/v2\/media?parent=17355"}],"wp:term":[{"taxonomy":"product_brand","embeddable":true,"href":"https:\/\/thequeenhouse.co.uk\/lt\/wp-json\/wp\/v2\/product_brand?post=17355"},{"taxonomy":"product_cat","embeddable":true,"href":"https:\/\/thequeenhouse.co.uk\/lt\/wp-json\/wp\/v2\/product_cat?post=17355"},{"taxonomy":"product_tag","embeddable":true,"href":"https:\/\/thequeenhouse.co.uk\/lt\/wp-json\/wp\/v2\/product_tag?post=17355"}],"curies":[{"name":"wp","href":"https:\/\/api.w.org\/{rel}","templated":true}]}}