{"id":17379,"date":"2026-05-01T08:02:26","date_gmt":"2026-05-01T07:02:26","guid":{"rendered":"https:\/\/thequeenhouse.co.uk\/?post_type=product&#038;p=17379"},"modified":"2026-05-01T08:07:10","modified_gmt":"2026-05-01T07:07:10","slug":"lebelage-paakiu-kremas-dr-peptide-derma-eye-cream-40ml-copy-2","status":"publish","type":"product","link":"https:\/\/thequeenhouse.co.uk\/lt\/produktas\/lebelage-paakiu-kremas-dr-peptide-derma-eye-cream-40ml-copy-2\/","title":{"rendered":"LEBELAGE &#8211; Collagen Regeneration Cleansing Foam Veido Prausiklis su Kolagenu"},"content":{"rendered":"<p data-start=\"29\" data-end=\"95\"><strong data-start=\"29\" data-end=\"95\">LEBELAGE veido prausiklis COLLAGEN REGENERATION CLEANSING FOAM<\/strong><\/p>\n<p data-start=\"97\" data-end=\"357\">Kor\u0117jieti\u0161kos kosmetikos veido prausiklis, skirtas efektyviam, bet \u0161velniam odos valymui. Lengvos, purios putos prasiskverbia \u012f poras ir padeda pa\u0161alinti kasdienius ne\u0161varumus, dulkes bei riebal\u0173 pertekli\u0173. Po prausimo oda jau\u010diasi \u0161vari, gaivi ir komforti\u0161ka.<\/p>\n<p data-start=\"359\" data-end=\"577\">Sud\u0117tyje esantis hidrolizuotas kolagenas padeda palaikyti odos elastingum\u0105 ir stangrum\u0105, o dr\u0117kinamieji komponentai saugo nuo sausumo poj\u016b\u010dio. Reguliariai naudojant oda tampa mink\u0161tesn\u0117, lygesn\u0117 ir atrodo gyvybingesn\u0117.<\/p>\n<p data-start=\"579\" data-end=\"713\">Priemon\u0117 \u0161velniai veikia od\u0105, tod\u0117l tinka kasdieniam naudojimui ir vis\u0173 tip\u0173 odai, \u012fskaitant pavargusi\u0105 ar elastingum\u0105 praradusi\u0105 od\u0105.<\/p>\n<p data-start=\"715\" data-end=\"743\"><strong data-start=\"715\" data-end=\"743\">Pagrindiniai privalumai:<\/strong><\/p>\n<ul data-start=\"744\" data-end=\"960\">\n<li data-section-id=\"1skhcwh\" data-start=\"744\" data-end=\"788\">Giliai valo poras ir pa\u0161alina ne\u0161varumus<\/li>\n<li data-section-id=\"1rfc9jt\" data-start=\"789\" data-end=\"839\">Padeda palaikyti odos elastingum\u0105 ir stangrum\u0105<\/li>\n<li data-section-id=\"7kldgn\" data-start=\"840\" data-end=\"872\">Dr\u0117kina ir saugo nuo sausumo<\/li>\n<li data-section-id=\"tb7mkd\" data-start=\"873\" data-end=\"910\">Suteikia gaivumo ir \u0161varos poj\u016bt\u012f<\/li>\n<li data-section-id=\"156fult\" data-start=\"911\" data-end=\"960\">Tinka vis\u0173 tip\u0173 odai ir kasdieniam naudojimui<\/li>\n<\/ul>\n<p data-start=\"962\" data-end=\"1000\"><strong data-start=\"962\" data-end=\"1000\">Pagrindin\u0117s veikliosios med\u017eiagos:<\/strong><\/p>\n<ul data-start=\"1001\" data-end=\"1217\">\n<li data-section-id=\"1ycmrx2\" data-start=\"1001\" data-end=\"1062\">Hidrolizuotas kolagenas \u2013 padeda i\u0161laikyti odos stangrum\u0105<\/li>\n<li data-section-id=\"onmue1\" data-start=\"1063\" data-end=\"1120\">Glicerinas \u2013 dr\u0117kina ir padeda i\u0161saugoti dr\u0117gm\u0119 odoje<\/li>\n<li data-section-id=\"lpbw67\" data-start=\"1121\" data-end=\"1164\">Alantoinas \u2013 ramina ir ma\u017eina sudirgim\u0105<\/li>\n<li data-section-id=\"1sxty5i\" data-start=\"1165\" data-end=\"1217\">Augaliniai ekstraktai \u2013 maitina ir atgaivina od\u0105<\/li>\n<\/ul>\n<p data-start=\"1219\" data-end=\"1234\"><strong data-start=\"1219\" data-end=\"1234\">Naudojimas:<\/strong><\/p>\n<ol data-start=\"1235\" data-end=\"1435\">\n<li data-section-id=\"1uww1nc\" data-start=\"1235\" data-end=\"1325\">Nedidel\u012f kiek\u012f priemon\u0117s i\u0161spauskite \u012f delnus, sumai\u0161ykite su vandeniu ir suputokite.<\/li>\n<li data-section-id=\"1ho1ak8\" data-start=\"1326\" data-end=\"1392\">\u0160velniai masa\u017euokite dr\u0117gn\u0105 veido od\u0105, vengdami aki\u0173 srities.<\/li>\n<li data-section-id=\"uckf9j\" data-start=\"1393\" data-end=\"1435\">Kruop\u0161\u010diai nuplaukite \u0161iltu vandeniu.<\/li>\n<\/ol>\n","protected":false},"excerpt":{"rendered":"<p data-start=\"29\" data-end=\"95\"><strong data-start=\"29\" data-end=\"95\">LEBELAGE veido prausiklis COLLAGEN REGENERATION CLEANSING FOAM<\/strong><\/p>\n<p data-start=\"97\" data-end=\"357\">Kor\u0117jieti\u0161kos kosmetikos veido prausiklis, skirtas efektyviam, bet \u0161velniam odos valymui. Lengvos, purios putos prasiskverbia \u012f poras ir padeda pa\u0161alinti kasdienius ne\u0161varumus, dulkes bei riebal\u0173 pertekli\u0173. Po prausimo oda jau\u010diasi \u0161vari, gaivi ir komforti\u0161ka.<\/p>\n<p data-start=\"359\" data-end=\"577\">Sud\u0117tyje esantis hidrolizuotas kolagenas padeda palaikyti odos elastingum\u0105 ir stangrum\u0105, o dr\u0117kinamieji komponentai saugo nuo sausumo poj\u016b\u010dio. Reguliariai naudojant oda tampa mink\u0161tesn\u0117, lygesn\u0117 ir atrodo gyvybingesn\u0117.<\/p>\n<p data-start=\"579\" data-end=\"713\">Priemon\u0117 \u0161velniai veikia od\u0105, tod\u0117l tinka kasdieniam naudojimui ir vis\u0173 tip\u0173 odai, \u012fskaitant pavargusi\u0105 ar elastingum\u0105 praradusi\u0105 od\u0105.<\/p>\n<p data-start=\"715\" data-end=\"743\"><strong data-start=\"715\" data-end=\"743\">Pagrindiniai privalumai:<\/strong><\/p>\n<ul data-start=\"744\" data-end=\"960\">\n<li data-section-id=\"1skhcwh\" data-start=\"744\" data-end=\"788\">Giliai valo poras ir pa\u0161alina ne\u0161varumus<\/li>\n<li data-section-id=\"1rfc9jt\" data-start=\"789\" data-end=\"839\">Padeda palaikyti odos elastingum\u0105 ir stangrum\u0105<\/li>\n<li data-section-id=\"7kldgn\" data-start=\"840\" data-end=\"872\">Dr\u0117kina ir saugo nuo sausumo<\/li>\n<li data-section-id=\"tb7mkd\" data-start=\"873\" data-end=\"910\">Suteikia gaivumo ir \u0161varos poj\u016bt\u012f<\/li>\n<li data-section-id=\"156fult\" data-start=\"911\" data-end=\"960\">Tinka vis\u0173 tip\u0173 odai ir kasdieniam naudojimui<\/li>\n<\/ul>\n<p data-start=\"962\" data-end=\"1000\"><strong data-start=\"962\" data-end=\"1000\">Pagrindin\u0117s veikliosios med\u017eiagos:<\/strong><\/p>\n<ul data-start=\"1001\" data-end=\"1217\">\n<li data-section-id=\"1ycmrx2\" data-start=\"1001\" data-end=\"1062\">Hidrolizuotas kolagenas \u2013 padeda i\u0161laikyti odos stangrum\u0105<\/li>\n<li data-section-id=\"onmue1\" data-start=\"1063\" data-end=\"1120\">Glicerinas \u2013 dr\u0117kina ir padeda i\u0161saugoti dr\u0117gm\u0119 odoje<\/li>\n<li data-section-id=\"lpbw67\" data-start=\"1121\" data-end=\"1164\">Alantoinas \u2013 ramina ir ma\u017eina sudirgim\u0105<\/li>\n<li data-section-id=\"1sxty5i\" data-start=\"1165\" data-end=\"1217\">Augaliniai ekstraktai \u2013 maitina ir atgaivina od\u0105<\/li>\n<\/ul>\n<p data-start=\"1219\" data-end=\"1234\"><strong data-start=\"1219\" data-end=\"1234\">Naudojimas:<\/strong><\/p>\n<ol data-start=\"1235\" data-end=\"1435\">\n<li data-section-id=\"1uww1nc\" data-start=\"1235\" data-end=\"1325\">Nedidel\u012f kiek\u012f priemon\u0117s i\u0161spauskite \u012f delnus, sumai\u0161ykite su vandeniu ir suputokite.<\/li>\n<li data-section-id=\"1ho1ak8\" data-start=\"1326\" data-end=\"1392\">\u0160velniai masa\u017euokite dr\u0117gn\u0105 veido od\u0105, vengdami aki\u0173 srities.<\/li>\n<li data-section-id=\"uckf9j\" data-start=\"1393\" data-end=\"1435\">Kruop\u0161\u010diai nuplaukite \u0161iltu vandeniu.<\/li>\n<\/ol>\n","protected":false},"featured_media":17381,"comment_status":"open","ping_status":"closed","template":"","meta":[],"product_brand":[],"product_cat":[43,212],"product_tag":[],"class_list":{"0":"post-17379","1":"product","2":"type-product","3":"status-publish","4":"has-post-thumbnail","6":"product_cat-grozis","7":"product_cat-veido-prieziuros-priemones","9":"first","10":"instock","11":"taxable","12":"shipping-taxable","13":"purchasable","14":"product-type-simple"},"_links":{"self":[{"href":"https:\/\/thequeenhouse.co.uk\/lt\/wp-json\/wp\/v2\/product\/17379","targetHints":{"allow":["GET"]}}],"collection":[{"href":"https:\/\/thequeenhouse.co.uk\/lt\/wp-json\/wp\/v2\/product"}],"about":[{"href":"https:\/\/thequeenhouse.co.uk\/lt\/wp-json\/wp\/v2\/types\/product"}],"replies":[{"embeddable":true,"href":"https:\/\/thequeenhouse.co.uk\/lt\/wp-json\/wp\/v2\/comments?post=17379"}],"wp:featuredmedia":[{"embeddable":true,"href":"https:\/\/thequeenhouse.co.uk\/lt\/wp-json\/wp\/v2\/media\/17381"}],"wp:attachment":[{"href":"https:\/\/thequeenhouse.co.uk\/lt\/wp-json\/wp\/v2\/media?parent=17379"}],"wp:term":[{"taxonomy":"product_brand","embeddable":true,"href":"https:\/\/thequeenhouse.co.uk\/lt\/wp-json\/wp\/v2\/product_brand?post=17379"},{"taxonomy":"product_cat","embeddable":true,"href":"https:\/\/thequeenhouse.co.uk\/lt\/wp-json\/wp\/v2\/product_cat?post=17379"},{"taxonomy":"product_tag","embeddable":true,"href":"https:\/\/thequeenhouse.co.uk\/lt\/wp-json\/wp\/v2\/product_tag?post=17379"}],"curies":[{"name":"wp","href":"https:\/\/api.w.org\/{rel}","templated":true}]}}