{"id":2912,"date":"2024-06-27T07:44:24","date_gmt":"2024-06-27T07:44:44","guid":{"rendered":"https:\/\/thequeenhouse.co.uk\/?post_type=product&#038;p=2912"},"modified":"2024-10-14T11:23:26","modified_gmt":"2024-10-14T10:23:26","slug":"cocosolis-glow-shimmer-oil-110ml","status":"publish","type":"product","link":"https:\/\/thequeenhouse.co.uk\/lt\/produktas\/cocosolis-glow-shimmer-oil-110ml\/","title":{"rendered":"COCOSOLIS Glow Shimmer Oil 110ml"},"content":{"rendered":"<p>COCOSOLIS Glow Shimmer Oil 110ml<\/p>\n<div>VEIDO IR K\u016aNO ALIEJUS SU BLIZGU\u010cIAIS: Ie\u0161kote \u017eiemos spindesio ar vasaros \u0161vyt\u0117jimo? Dr\u0117kinantis bio aliejus su veido blizgu\u010diais maitins j\u016bs\u0173 od\u0105 \u0161ilko \u0161vyt\u0117jimu visus metus. Greitai \u012fsigeria \u2013 nelieka riebi\u0173 p\u0117dsak\u0173.<\/div>\n<div><\/div>\n<div>ODAI DRAUGI\u0160KOS SUD\u0116TIN\u0116S DALYS: Lepinkite savo od\u0105 su ORGANIN\u0116MIS SUD\u0116TIN\u0116MIS DALIMIS ir \u0161alto spaudimo ANTI-SEN\u0116JIMO bio aliejais \u2013 kokos\u0173 sviestu, kakavos sviestu, sald\u017ei\u0173j\u0173 migdol\u0173 aliejumi, agurk\u0173 s\u0117kl\u0173 aliejumi ir nat\u016braliu vitaminu E.<\/div>\n<div><\/div>\n<div>PASIEKITE SVEIK\u0104 BRONZIN\u012e \u0160VYT\u0116JIM\u0104: Suteikite savo odai karali\u0161k\u0105 prie\u017ei\u016br\u0105! \u0160is moter\u0173 k\u016bno losjonas i\u0161lygina celiulit\u0105 ir dr\u0117kina saus\u0105 od\u0105. Bronzantas padeda \u012fdegti saul\u0117je, palikdamas tobul\u0105 saul\u0117s pabu\u010diuot\u0105 \u0161vyt\u0117jim\u0105.<\/div>\n<div><\/div>\n<div>SPIND\u0116KITE BET KURIOJE \u0160VIESOJE: Spind\u0117kite po \u0161viesomis arba \u0161vyt\u0117kite saul\u0117je. Blizgu\u010di\u0173 pur\u0161kiklis atgaivins j\u016bs\u0173 od\u0105 su \u017eaviu, maloniu blizgesiu. NAUJAS aromatas! Dabar COCOSOLIS GLOW turi neatsispiriam\u0105 skani\u0173 sausaini\u0173 kvap\u0105, kuris paliks \u0161veln\u0173 aromat\u0105 ant odos.<\/div>\n<div><\/div>\n<div>GRA\u017dAUS \u0160VYT\u0116JIMO GARANTIJA: Nusiprauskite, sudr\u0117kinkite od\u0105 ir tepkite k\u016bno blizgu\u010di\u0173 aliej\u0173, kad pasiektum\u0117te nuostab\u0173 rasot\u0105 \u0161vyt\u0117jim\u0105. Atminkite, kad plauk\u0173 blizgu\u010di\u0173 pur\u0161kiklis N\u0116RA SPF reitinguotas! Jei turite klausim\u0173, susisiekite su mumis.<\/div>\n<div><\/div>\n<div>\n<p>Naudojimo b\u016bdas:<\/p>\n<p>KASDIENEI ODOS PRIE\u017dI\u016aRAI:<br \/>\nKad j\u016bs\u0173 oda spind\u0117t\u0173, b\u016bt\u0173 lygi ir blizgi, sumai\u0161ykite truput\u012f GLOW SHIMMER OIL su losjonu arba k\u016bno aliejumi delnuose. Tepkite ant koj\u0173, rank\u0173 ir dekolt\u0117.<\/p>\n<p>PRID\u0116JIMAS \u012e MAKIA\u017dO RUTIN\u0104:<br \/>\nNat\u016bralus aliejus taip pat tinka veidui! Naudokite kiekvien\u0105 dien\u0105 kaip \u0161viesintuv\u0105, kad prid\u0117tum\u0117te blizgesio savo kaklo linijai ir veidui arba sumai\u0161ykite su keliais la\u0161ais makia\u017eo pagrindo. Tepkite kaip \u0161viesintuv\u0105 po makia\u017eo.<\/p>\n<p>PAPL\u016aDIMYJE:<br \/>\nNaudokite papl\u016bdimyje, kad pary\u0161kintum\u0117te \u012fdeg\u012f ir suteiktum\u0117te odai spindesio.<\/p>\n<\/div>\n<div>\u00a0Indikacijos:<\/div>\n<div>\n<p>D\u0117l nat\u016bralios \u017e\u0117ru\u010dio, kuris yra smulki\u0173 nat\u016brali\u0173 mineralini\u0173 daleli\u0173, oda tikrai spindi! O turtingas organini\u0173 aliej\u0173 ir nat\u016bralaus vitamino E mi\u0161inys dr\u0117kina od\u0105, paliekant j\u0105 \u0161ilkin\u0119 \u0161velni\u0105 ir pamaitint\u0105.<\/p>\n<p>Sud\u0117tis:<\/p>\n<p>Kaprilinis\/Kaprinis Trigliceridas (i\u0161 kokoso aliejaus), Kokos\u0173 aliejus*, Sald\u017ei\u0173j\u0173 migdol\u0173 aliejus*, Stearalkonium Hectorite, Propileno Karbonatas, Oktildodecilo Olivatas (i\u0161 alyvuogi\u0173 aliejaus), Jojobos aliejus*, Olus aliejus*, Kakavos s\u0117kl\u0173 sviestas*, Agurk\u0173 s\u0117kl\u0173 aliejus*, Nat\u016bralus vitaminas E, \u017d\u0117rutis (blizg\u016bs mineraliniai pigmentai), Kvapas, Alfa-Izometil Jononas, Limonenas, Benzilo Salicilatas, Citronelolis, Linaloolis, Geraniolis, Citralis. *Sertifikuotos organin\u0117s sudedamosios dalys<\/p>\n<p>&nbsp;<\/p>\n<\/div>\n","protected":false},"excerpt":{"rendered":"<p>COCOSOLIS Glow Shimmer Oil 110ML<\/p>\n<p>VEIDO IR K\u016aNO ALIEJUS SU BLIZGU\u010cIAIS: Ie\u0161kote \u017eiemos spindesio ar vasaros \u0161vyt\u0117jimo? Dr\u0117kinantis bio aliejus su veido blizgu\u010diais maitins j\u016bs\u0173 od\u0105 \u0161ilko \u0161vyt\u0117jimu visus metus. Greitai \u012fsigeria \u2013 nelieka riebi\u0173 p\u0117dsak\u0173.<\/p>\n","protected":false},"featured_media":2911,"comment_status":"open","ping_status":"closed","template":"","meta":[],"product_brand":[],"product_cat":[43,211],"product_tag":[],"class_list":{"0":"post-2912","1":"product","2":"type-product","3":"status-publish","4":"has-post-thumbnail","6":"product_cat-grozis","7":"product_cat-kuno-prieziuros-priemones","9":"first","10":"outofstock","11":"taxable","12":"shipping-taxable","13":"purchasable","14":"product-type-simple"},"_links":{"self":[{"href":"https:\/\/thequeenhouse.co.uk\/lt\/wp-json\/wp\/v2\/product\/2912","targetHints":{"allow":["GET"]}}],"collection":[{"href":"https:\/\/thequeenhouse.co.uk\/lt\/wp-json\/wp\/v2\/product"}],"about":[{"href":"https:\/\/thequeenhouse.co.uk\/lt\/wp-json\/wp\/v2\/types\/product"}],"replies":[{"embeddable":true,"href":"https:\/\/thequeenhouse.co.uk\/lt\/wp-json\/wp\/v2\/comments?post=2912"}],"wp:featuredmedia":[{"embeddable":true,"href":"https:\/\/thequeenhouse.co.uk\/lt\/wp-json\/wp\/v2\/media\/2911"}],"wp:attachment":[{"href":"https:\/\/thequeenhouse.co.uk\/lt\/wp-json\/wp\/v2\/media?parent=2912"}],"wp:term":[{"taxonomy":"product_brand","embeddable":true,"href":"https:\/\/thequeenhouse.co.uk\/lt\/wp-json\/wp\/v2\/product_brand?post=2912"},{"taxonomy":"product_cat","embeddable":true,"href":"https:\/\/thequeenhouse.co.uk\/lt\/wp-json\/wp\/v2\/product_cat?post=2912"},{"taxonomy":"product_tag","embeddable":true,"href":"https:\/\/thequeenhouse.co.uk\/lt\/wp-json\/wp\/v2\/product_tag?post=2912"}],"curies":[{"name":"wp","href":"https:\/\/api.w.org\/{rel}","templated":true}]}}