{"id":2946,"date":"2024-06-27T07:54:36","date_gmt":"2024-06-27T07:55:30","guid":{"rendered":"https:\/\/thequeenhouse.co.uk\/?post_type=product&#038;p=2946"},"modified":"2025-03-03T17:56:11","modified_gmt":"2025-03-03T16:56:11","slug":"biotin-beauty-complex","status":"publish","type":"product","link":"https:\/\/thequeenhouse.co.uk\/lt\/produktas\/biotin-beauty-complex\/","title":{"rendered":"Biotin &#8211; Beauty Complex"},"content":{"rendered":"<pre id=\"tw-target-text\" class=\"tw-data-text tw-text-large tw-ta\" dir=\"ltr\" data-placeholder=\"Vertimas\" aria-label=\"I\u0161verstas tekstas\" data-ved=\"2ahUKEwja9-GJp_uGAxXtVvEDHWxUC6oQ3ewLegQIDxAU\"><span class=\"Y2IQFc\" lang=\"lt\">Biotinas\r\nPagerinkite savo sveikat\u0105 su 100% vegani\u0161ku Biotinu, kurio pa\u017eangi formul\u0117 pagreitina biotino \u012fsisavinim\u0105 plaukams, odai ir nagams. <\/span><\/pre>\n","protected":false},"excerpt":{"rendered":"<pre id=\"tw-target-text\" class=\"tw-data-text tw-text-large tw-ta\" dir=\"ltr\" data-placeholder=\"Vertimas\" aria-label=\"I\u0161verstas tekstas\" data-ved=\"2ahUKEwja9-GJp_uGAxXtVvEDHWxUC6oQ3ewLegQIDxAU\"><span class=\"Y2IQFc\" lang=\"lt\">Biotinas\r\n\r\nPagerinkite savo sveikat\u0105 su 100% vegani\u0161ku Biotinu, kurio pa\u017eangi formul\u0117 pagreitina biotino \u012fsisavinim\u0105 plaukams, odai ir nagams. <\/span><\/pre>\n","protected":false},"featured_media":2938,"comment_status":"open","ping_status":"closed","template":"","meta":[],"product_brand":[],"product_cat":[43,215],"product_tag":[],"class_list":{"0":"post-2946","1":"product","2":"type-product","3":"status-publish","4":"has-post-thumbnail","6":"product_cat-grozis","7":"product_cat-vitaminai-ir-papildai","9":"first","10":"outofstock","11":"taxable","12":"shipping-taxable","13":"purchasable","14":"product-type-simple"},"_links":{"self":[{"href":"https:\/\/thequeenhouse.co.uk\/lt\/wp-json\/wp\/v2\/product\/2946","targetHints":{"allow":["GET"]}}],"collection":[{"href":"https:\/\/thequeenhouse.co.uk\/lt\/wp-json\/wp\/v2\/product"}],"about":[{"href":"https:\/\/thequeenhouse.co.uk\/lt\/wp-json\/wp\/v2\/types\/product"}],"replies":[{"embeddable":true,"href":"https:\/\/thequeenhouse.co.uk\/lt\/wp-json\/wp\/v2\/comments?post=2946"}],"wp:featuredmedia":[{"embeddable":true,"href":"https:\/\/thequeenhouse.co.uk\/lt\/wp-json\/wp\/v2\/media\/2938"}],"wp:attachment":[{"href":"https:\/\/thequeenhouse.co.uk\/lt\/wp-json\/wp\/v2\/media?parent=2946"}],"wp:term":[{"taxonomy":"product_brand","embeddable":true,"href":"https:\/\/thequeenhouse.co.uk\/lt\/wp-json\/wp\/v2\/product_brand?post=2946"},{"taxonomy":"product_cat","embeddable":true,"href":"https:\/\/thequeenhouse.co.uk\/lt\/wp-json\/wp\/v2\/product_cat?post=2946"},{"taxonomy":"product_tag","embeddable":true,"href":"https:\/\/thequeenhouse.co.uk\/lt\/wp-json\/wp\/v2\/product_tag?post=2946"}],"curies":[{"name":"wp","href":"https:\/\/api.w.org\/{rel}","templated":true}]}}