{"id":2948,"date":"2024-06-27T07:57:00","date_gmt":"2024-06-27T07:57:32","guid":{"rendered":"https:\/\/thequeenhouse.co.uk\/?post_type=product&#038;p=2948"},"modified":"2025-09-20T12:26:05","modified_gmt":"2025-09-20T11:26:05","slug":"biotin-keratin-complex","status":"publish","type":"product","link":"https:\/\/thequeenhouse.co.uk\/lt\/produktas\/biotin-keratin-complex\/","title":{"rendered":"Biotin &#038; Keratin Complex"},"content":{"rendered":"<pre id=\"tw-target-text\" class=\"tw-data-text tw-text-large tw-ta\" dir=\"ltr\" data-placeholder=\"Vertimas\" aria-label=\"I\u0161verstas tekstas\" data-ved=\"2ahUKEwja9-GJp_uGAxXtVvEDHWxUC6oQ3ewLegQIDxAU\"><span class=\"Y2IQFc\" lang=\"lt\">Biotino, kolageno ir keratino 100% vegan\u0173 kompleksas su ekologi\u0161ku pektinu pad\u0117s sukurti stipresnius plaukus ir nagus.<\/span><\/pre>\n","protected":false},"excerpt":{"rendered":"<pre id=\"tw-target-text\" class=\"tw-data-text tw-text-large tw-ta\" dir=\"ltr\" data-placeholder=\"Vertimas\" aria-label=\"I\u0161verstas tekstas\" data-ved=\"2ahUKEwja9-GJp_uGAxXtVvEDHWxUC6oQ3ewLegQIDxAU\"><span class=\"Y2IQFc\" lang=\"lt\">Biotino, kolageno ir keratino 100% vegan\u0173 kompleksas su ekologi\u0161ku pektinu pad\u0117s sukurti stipresnius plaukus ir nagus.<\/span><\/pre>\n","protected":false},"featured_media":3113,"comment_status":"open","ping_status":"closed","template":"","meta":[],"product_brand":[],"product_cat":[43,215],"product_tag":[],"class_list":{"0":"post-2948","1":"product","2":"type-product","3":"status-publish","4":"has-post-thumbnail","6":"product_cat-grozis","7":"product_cat-vitaminai-ir-papildai","9":"first","10":"instock","11":"taxable","12":"shipping-taxable","13":"purchasable","14":"product-type-simple"},"_links":{"self":[{"href":"https:\/\/thequeenhouse.co.uk\/lt\/wp-json\/wp\/v2\/product\/2948","targetHints":{"allow":["GET"]}}],"collection":[{"href":"https:\/\/thequeenhouse.co.uk\/lt\/wp-json\/wp\/v2\/product"}],"about":[{"href":"https:\/\/thequeenhouse.co.uk\/lt\/wp-json\/wp\/v2\/types\/product"}],"replies":[{"embeddable":true,"href":"https:\/\/thequeenhouse.co.uk\/lt\/wp-json\/wp\/v2\/comments?post=2948"}],"wp:featuredmedia":[{"embeddable":true,"href":"https:\/\/thequeenhouse.co.uk\/lt\/wp-json\/wp\/v2\/media\/3113"}],"wp:attachment":[{"href":"https:\/\/thequeenhouse.co.uk\/lt\/wp-json\/wp\/v2\/media?parent=2948"}],"wp:term":[{"taxonomy":"product_brand","embeddable":true,"href":"https:\/\/thequeenhouse.co.uk\/lt\/wp-json\/wp\/v2\/product_brand?post=2948"},{"taxonomy":"product_cat","embeddable":true,"href":"https:\/\/thequeenhouse.co.uk\/lt\/wp-json\/wp\/v2\/product_cat?post=2948"},{"taxonomy":"product_tag","embeddable":true,"href":"https:\/\/thequeenhouse.co.uk\/lt\/wp-json\/wp\/v2\/product_tag?post=2948"}],"curies":[{"name":"wp","href":"https:\/\/api.w.org\/{rel}","templated":true}]}}