{"id":2950,"date":"2024-06-27T07:58:56","date_gmt":"2024-06-27T07:58:56","guid":{"rendered":"https:\/\/thequeenhouse.co.uk\/?post_type=product&#038;p=2950"},"modified":"2026-04-10T13:31:49","modified_gmt":"2026-04-10T12:31:49","slug":"deep-sleep","status":"publish","type":"product","link":"https:\/\/thequeenhouse.co.uk\/lt\/produktas\/deep-sleep\/","title":{"rendered":"Deep sleep"},"content":{"rendered":"<pre id=\"tw-target-text\" class=\"tw-data-text tw-text-large tw-ta\" dir=\"ltr\" data-placeholder=\"Vertimas\" aria-label=\"I\u0161verstas tekstas\" data-ved=\"2ahUKEwja9-GJp_uGAxXtVvEDHWxUC6oQ3ewLegQIDxAU\"><span class=\"Y2IQFc\" lang=\"lt\">Skan\u016bs \u201cDeep Sleep\u201d guminukai sukurti kokybi\u0161kam miegui palaikyti! Vegani\u0161kas ir pagamintas i\u0161 ekologi\u0161k\u0173 vaisi\u0173 pektino.<\/span><\/pre>\n","protected":false},"excerpt":{"rendered":"<pre id=\"tw-target-text\" class=\"tw-data-text tw-text-large tw-ta\" dir=\"ltr\" data-placeholder=\"Vertimas\" aria-label=\"I\u0161verstas tekstas\" data-ved=\"2ahUKEwja9-GJp_uGAxXtVvEDHWxUC6oQ3ewLegQIDxAU\"><span class=\"Y2IQFc\" lang=\"lt\">Skan\u016bs \u201cDeep Sleep\u201d guminukai sukurti kokybi\u0161kam miegui palaikyti! Vegani\u0161kas ir pagamintas i\u0161 ekologi\u0161k\u0173 vaisi\u0173 pektino.<\/span><\/pre>\n","protected":false},"featured_media":2922,"comment_status":"open","ping_status":"closed","template":"","meta":[],"product_brand":[],"product_cat":[43,215],"product_tag":[],"class_list":{"0":"post-2950","1":"product","2":"type-product","3":"status-publish","4":"has-post-thumbnail","6":"product_cat-grozis","7":"product_cat-vitaminai-ir-papildai","9":"first","10":"instock","11":"taxable","12":"shipping-taxable","13":"purchasable","14":"product-type-simple"},"_links":{"self":[{"href":"https:\/\/thequeenhouse.co.uk\/lt\/wp-json\/wp\/v2\/product\/2950","targetHints":{"allow":["GET"]}}],"collection":[{"href":"https:\/\/thequeenhouse.co.uk\/lt\/wp-json\/wp\/v2\/product"}],"about":[{"href":"https:\/\/thequeenhouse.co.uk\/lt\/wp-json\/wp\/v2\/types\/product"}],"replies":[{"embeddable":true,"href":"https:\/\/thequeenhouse.co.uk\/lt\/wp-json\/wp\/v2\/comments?post=2950"}],"wp:featuredmedia":[{"embeddable":true,"href":"https:\/\/thequeenhouse.co.uk\/lt\/wp-json\/wp\/v2\/media\/2922"}],"wp:attachment":[{"href":"https:\/\/thequeenhouse.co.uk\/lt\/wp-json\/wp\/v2\/media?parent=2950"}],"wp:term":[{"taxonomy":"product_brand","embeddable":true,"href":"https:\/\/thequeenhouse.co.uk\/lt\/wp-json\/wp\/v2\/product_brand?post=2950"},{"taxonomy":"product_cat","embeddable":true,"href":"https:\/\/thequeenhouse.co.uk\/lt\/wp-json\/wp\/v2\/product_cat?post=2950"},{"taxonomy":"product_tag","embeddable":true,"href":"https:\/\/thequeenhouse.co.uk\/lt\/wp-json\/wp\/v2\/product_tag?post=2950"}],"curies":[{"name":"wp","href":"https:\/\/api.w.org\/{rel}","templated":true}]}}