{"id":2952,"date":"2024-06-27T08:01:07","date_gmt":"2024-06-27T08:01:32","guid":{"rendered":"https:\/\/thequeenhouse.co.uk\/?post_type=product&#038;p=2952"},"modified":"2024-10-14T11:23:25","modified_gmt":"2024-10-14T10:23:25","slug":"pro-collagen","status":"publish","type":"product","link":"https:\/\/thequeenhouse.co.uk\/lt\/produktas\/pro-collagen\/","title":{"rendered":"Pro collagen"},"content":{"rendered":"<pre id=\"tw-target-text\" class=\"tw-data-text tw-text-large tw-ta\" dir=\"ltr\" data-placeholder=\"Vertimas\" aria-label=\"I\u0161verstas tekstas\" data-ved=\"2ahUKEwja9-GJp_uGAxXtVvEDHWxUC6oQ3ewLegQIDxAU\">Vegani\u0161kas Pro Kolagenas siekia maksimaliai pagerinti odos b\u016bkl\u0119 l\u0105steli\u0173 lygmeniu. Kolagenas yra pagrindinis komponentas kaulams, odai, raumenims ir kitoms k\u016bno dalims. Jis gali pad\u0117ti pagerinti odos sveikat\u0105, palengvinti s\u0105nari\u0173 skausmus ir sustabdyti kaul\u0173 praradim\u0105, tarp kit\u0173 dalyk\u0173. \r\n\r\nJ\u016br\u0173 kolagenas su vitaminu C.<\/pre>\n","protected":false},"excerpt":{"rendered":"<pre id=\"tw-target-text\" class=\"tw-data-text tw-text-large tw-ta\" dir=\"ltr\" data-placeholder=\"Vertimas\" aria-label=\"I\u0161verstas tekstas\" data-ved=\"2ahUKEwja9-GJp_uGAxXtVvEDHWxUC6oQ3ewLegQIDxAU\">Vegani\u0161kas Pro Kolagenas siekia maksimaliai pagerinti odos b\u016bkl\u0119 l\u0105steli\u0173 lygmeniu. Kolagenas yra pagrindinis komponentas kaulams, odai, raumenims ir kitoms k\u016bno dalims. Jis gali pad\u0117ti pagerinti odos sveikat\u0105, palengvinti s\u0105nari\u0173 skausmus ir sustabdyti kaul\u0173 praradim\u0105, tarp kit\u0173 dalyk\u0173. \r\n\r\nJ\u016br\u0173 kolagenas su vitaminu C.<\/pre>\n","protected":false},"featured_media":3109,"comment_status":"open","ping_status":"closed","template":"","meta":[],"product_brand":[],"product_cat":[43,215],"product_tag":[],"class_list":{"0":"post-2952","1":"product","2":"type-product","3":"status-publish","4":"has-post-thumbnail","6":"product_cat-grozis","7":"product_cat-vitaminai-ir-papildai","9":"first","10":"outofstock","11":"taxable","12":"shipping-taxable","13":"purchasable","14":"product-type-simple"},"_links":{"self":[{"href":"https:\/\/thequeenhouse.co.uk\/lt\/wp-json\/wp\/v2\/product\/2952","targetHints":{"allow":["GET"]}}],"collection":[{"href":"https:\/\/thequeenhouse.co.uk\/lt\/wp-json\/wp\/v2\/product"}],"about":[{"href":"https:\/\/thequeenhouse.co.uk\/lt\/wp-json\/wp\/v2\/types\/product"}],"replies":[{"embeddable":true,"href":"https:\/\/thequeenhouse.co.uk\/lt\/wp-json\/wp\/v2\/comments?post=2952"}],"wp:featuredmedia":[{"embeddable":true,"href":"https:\/\/thequeenhouse.co.uk\/lt\/wp-json\/wp\/v2\/media\/3109"}],"wp:attachment":[{"href":"https:\/\/thequeenhouse.co.uk\/lt\/wp-json\/wp\/v2\/media?parent=2952"}],"wp:term":[{"taxonomy":"product_brand","embeddable":true,"href":"https:\/\/thequeenhouse.co.uk\/lt\/wp-json\/wp\/v2\/product_brand?post=2952"},{"taxonomy":"product_cat","embeddable":true,"href":"https:\/\/thequeenhouse.co.uk\/lt\/wp-json\/wp\/v2\/product_cat?post=2952"},{"taxonomy":"product_tag","embeddable":true,"href":"https:\/\/thequeenhouse.co.uk\/lt\/wp-json\/wp\/v2\/product_tag?post=2952"}],"curies":[{"name":"wp","href":"https:\/\/api.w.org\/{rel}","templated":true}]}}