{"id":2976,"date":"2024-06-27T08:15:14","date_gmt":"2024-06-27T08:15:14","guid":{"rendered":"https:\/\/thequeenhouse.co.uk\/?post_type=product&#038;p=2976"},"modified":"2025-12-10T13:54:26","modified_gmt":"2025-12-10T12:54:26","slug":"myhairvitamins","status":"publish","type":"product","link":"https:\/\/thequeenhouse.co.uk\/lt\/produktas\/myhairvitamins\/","title":{"rendered":"MYHAIRVITAMINS &#8211; Hair Repair"},"content":{"rendered":"<p id=\"tw-target-text\" class=\"tw-data-text tw-text-large tw-ta\" dir=\"ltr\" data-placeholder=\"Vertimas\" aria-label=\"I\u0161verstas tekstas\" data-ved=\"2ahUKEwiq_NPfqfuGAxXRRPEDHfSDCOsQ3ewLegQIDxAU\">Myhairvitamins yra pasaulio pirmasis inovatyvus ir naudotojui draugi\u0161kas plauk\u0173 serumas. Tai plauk\u0173 serumo kapsul\u0117, kuri jungia b\u016btinas vitaminus, tokius kaip A, C, E ir provitaminas B5, keratino kompleks\u0105 bei brangiuosius aliejus. M\u016bs\u0173 unikali patentuota formul\u0117 yra be silikon\u0173 ir paraben\u0173. Myhairvitamins mes did\u017eiuojam\u0117s savo \u012fsipareigojimu aplinkai, m\u016bs\u0173 etika, kuri draud\u017eia \u017eiaur\u0173 elges\u012f su gyv\u016bnais, ir m\u016bs\u0173 vegan\u0173 vertyb\u0117mis. Kapsul\u0117 yra 100% biologi\u0161kai suyranti, o m\u016bs\u0173 produktai yra sukurti tausojant aplink\u0105. Mes nebandome savo produkt\u0173 ant gyv\u016bn\u0173 ir visi\u0161kai atitinkame vegan\u0173 poreikius.<\/p>\n<p><!--more--><\/p>\n","protected":false},"excerpt":{"rendered":"<p id=\"tw-target-text\" class=\"tw-data-text tw-text-large tw-ta\" dir=\"ltr\" data-placeholder=\"Vertimas\" aria-label=\"I\u0161verstas tekstas\" data-ved=\"2ahUKEwiq_NPfqfuGAxXRRPEDHfSDCOsQ3ewLegQIDxAU\">Myhairvitamins yra pasaulio pirmasis inovatyvus ir naudotojui draugi\u0161kas plauk\u0173 serumas. Tai plauk\u0173 serumo kapsul\u0117, kuri jungia b\u016btinas vitaminus, tokius kaip A, C, E ir provitaminas B5, keratino kompleks\u0105 bei brangiuosius aliejus. M\u016bs\u0173 unikali patentuota formul\u0117 yra be silikon\u0173 ir paraben\u0173. Myhairvitamins mes did\u017eiuojam\u0117s savo \u012fsipareigojimu aplinkai, m\u016bs\u0173 etika, kuri draud\u017eia \u017eiaur\u0173 elges\u012f su gyv\u016bnais, ir m\u016bs\u0173 vegan\u0173 vertyb\u0117mis. Kapsul\u0117 yra 100% biologi\u0161kai suyranti, o m\u016bs\u0173 produktai yra sukurti tausojant aplink\u0105. Mes nebandome savo produkt\u0173 ant gyv\u016bn\u0173 ir visi\u0161kai atitinkame vegan\u0173 poreikius.<\/p>\n","protected":false},"featured_media":3119,"comment_status":"open","ping_status":"closed","template":"","meta":[],"product_brand":[],"product_cat":[43,222],"product_tag":[],"class_list":{"0":"post-2976","1":"product","2":"type-product","3":"status-publish","4":"has-post-thumbnail","6":"product_cat-grozis","7":"product_cat-plauku-prieziuros-priemones","9":"first","10":"instock","11":"taxable","12":"shipping-taxable","13":"purchasable","14":"product-type-simple"},"_links":{"self":[{"href":"https:\/\/thequeenhouse.co.uk\/lt\/wp-json\/wp\/v2\/product\/2976","targetHints":{"allow":["GET"]}}],"collection":[{"href":"https:\/\/thequeenhouse.co.uk\/lt\/wp-json\/wp\/v2\/product"}],"about":[{"href":"https:\/\/thequeenhouse.co.uk\/lt\/wp-json\/wp\/v2\/types\/product"}],"replies":[{"embeddable":true,"href":"https:\/\/thequeenhouse.co.uk\/lt\/wp-json\/wp\/v2\/comments?post=2976"}],"wp:featuredmedia":[{"embeddable":true,"href":"https:\/\/thequeenhouse.co.uk\/lt\/wp-json\/wp\/v2\/media\/3119"}],"wp:attachment":[{"href":"https:\/\/thequeenhouse.co.uk\/lt\/wp-json\/wp\/v2\/media?parent=2976"}],"wp:term":[{"taxonomy":"product_brand","embeddable":true,"href":"https:\/\/thequeenhouse.co.uk\/lt\/wp-json\/wp\/v2\/product_brand?post=2976"},{"taxonomy":"product_cat","embeddable":true,"href":"https:\/\/thequeenhouse.co.uk\/lt\/wp-json\/wp\/v2\/product_cat?post=2976"},{"taxonomy":"product_tag","embeddable":true,"href":"https:\/\/thequeenhouse.co.uk\/lt\/wp-json\/wp\/v2\/product_tag?post=2976"}],"curies":[{"name":"wp","href":"https:\/\/api.w.org\/{rel}","templated":true}]}}