{"id":327,"date":"2024-06-11T15:39:31","date_gmt":"2024-06-11T15:39:31","guid":{"rendered":"https:\/\/thequeenhouse.co.uk\/perlu-ekstrakto-prevencija-nuo-senejimo-veido-kaukes-30gr\/"},"modified":"2024-06-11T15:46:48","modified_gmt":"2024-06-11T15:46:48","slug":"perlu-ekstrakto-prevencija-nuo-senejimo-veido-kaukes-30gr","status":"publish","type":"product","link":"https:\/\/thequeenhouse.co.uk\/lt\/produktas\/perlu-ekstrakto-prevencija-nuo-senejimo-veido-kaukes-30gr\/","title":{"rendered":"Perlu ekstrakto \u2013 Prevencija nuo senejimo veido kaukes 30gr"},"content":{"rendered":"<p><span style=\"font-weight: 400;\">Nuo rauk\u0161li\u0173<\/span><\/p>\n<p><span style=\"font-weight: 400;\">Tinka visiems odos tipams<\/span><\/p>\n<p><span style=\"font-weight: 400;\">98% nat\u016brali\u0173 ingredient\u0173<\/span><\/p>\n<p><strong>Pagrindinis ingredientas<\/strong><\/p>\n<p><span style=\"font-weight: 400;\">Perlas, kolagenas, hialurono r\u016bg\u0161tis, glicerinas<\/span><\/p>\n<p><strong>Ingredientas<\/strong><\/p>\n<p><span style=\"font-weight: 400;\">Ekologi\u0161ka, hialurono r\u016bg\u0161tis, \u017eoleli\u0173<\/span><\/p>\n<p><strong>Funkcija<\/strong><\/p>\n<p><span style=\"font-weight: 400;\">Dr\u0117kiklis, balinimas, stanginimas, maitinantis, \u0161viesinantis<\/span><\/p>\n<p><span style=\"font-weight: 400;\">Atnaujinkite savo od\u0105 su m\u016bs\u0173 perl\u0173 ekstrakto veido kauk\u0117mis nuo sen\u0117jimo. Praturtintas organiniais ingredientais, tokiais kaip kolagenas, hialurono r\u016bg\u0161tis ir glicerinas, giliai dr\u0117kina, balina, stangrina, maitina ir \u0161viesina. Patirkite spindin\u010di\u0105 ir jaunatvi\u0161k\u0105 veido spalv\u0105.<\/span><\/p>\n<p><span style=\"font-weight: 400;\">Patirkite did\u017eiausi\u0105 prabang\u0105 odos prie\u017ei\u016bros srityje su m\u016bs\u0173 perl\u0173 ekstrakto veido kauke nuo sen\u0117jimo. Atskleiskite spindin\u010di\u0105 ir jaunatvi\u0161k\u0105 veido spalv\u0105, nes ji veiksmingai ma\u017eina sen\u0117jimo po\u017eymius. Pakeiskite savo kasdienyb\u0119 \u0161iandien!<\/span><\/p>\n","protected":false},"excerpt":{"rendered":"<p><span style=\"font-weight: 400;\">Nuo rauk\u0161li\u0173<\/span><\/p>\n<p><span style=\"font-weight: 400;\">Tinka visiems odos tipams<\/span><\/p>\n<p><span style=\"font-weight: 400;\">98% nat\u016brali\u0173 ingredient\u0173<\/span><\/p>\n<p><strong>Pagrindinis ingredientas<\/strong><\/p>\n<p><span style=\"font-weight: 400;\">Perlas, kolagenas, hialurono r\u016bg\u0161tis, glicerinas<\/span><\/p>\n<p><strong>Ingredientas<\/strong><\/p>\n<p><span style=\"font-weight: 400;\">Ekologi\u0161ka, hialurono r\u016bg\u0161tis, \u017eoleli\u0173<\/span><\/p>\n<p><strong>Funkcija<\/strong><\/p>\n<p><span style=\"font-weight: 400;\">Dr\u0117kiklis, balinimas, stanginimas, maitinantis, \u0161viesinantis<\/span><\/p>\n<p><span style=\"font-weight: 400;\">Atnaujinkite savo od\u0105 su m\u016bs\u0173 perl\u0173 ekstrakto veido kauk\u0117mis nuo sen\u0117jimo. Praturtintas organiniais ingredientais, tokiais kaip kolagenas, hialurono r\u016bg\u0161tis ir glicerinas, giliai dr\u0117kina, balina, stangrina, maitina ir \u0161viesina. Patirkite spindin\u010di\u0105 ir jaunatvi\u0161k\u0105 veido spalv\u0105.<\/span><\/p>\n<p><span style=\"font-weight: 400;\">Patirkite did\u017eiausi\u0105 prabang\u0105 odos prie\u017ei\u016bros srityje su m\u016bs\u0173 perl\u0173 ekstrakto veido kauke nuo sen\u0117jimo. Atskleiskite spindin\u010di\u0105 ir jaunatvi\u0161k\u0105 veido spalv\u0105, nes ji veiksmingai ma\u017eina sen\u0117jimo po\u017eymius. Pakeiskite savo kasdienyb\u0119 \u0161iandien!<\/span><\/p>\n","protected":false},"featured_media":325,"comment_status":"open","ping_status":"closed","template":"","meta":[],"product_brand":[],"product_cat":[43,212],"product_tag":[],"class_list":{"0":"post-327","1":"product","2":"type-product","3":"status-publish","4":"has-post-thumbnail","6":"product_cat-grozis","7":"product_cat-veido-prieziuros-priemones","9":"first","10":"instock","11":"taxable","12":"shipping-taxable","13":"purchasable","14":"product-type-variable"},"_links":{"self":[{"href":"https:\/\/thequeenhouse.co.uk\/lt\/wp-json\/wp\/v2\/product\/327","targetHints":{"allow":["GET"]}}],"collection":[{"href":"https:\/\/thequeenhouse.co.uk\/lt\/wp-json\/wp\/v2\/product"}],"about":[{"href":"https:\/\/thequeenhouse.co.uk\/lt\/wp-json\/wp\/v2\/types\/product"}],"replies":[{"embeddable":true,"href":"https:\/\/thequeenhouse.co.uk\/lt\/wp-json\/wp\/v2\/comments?post=327"}],"wp:featuredmedia":[{"embeddable":true,"href":"https:\/\/thequeenhouse.co.uk\/lt\/wp-json\/wp\/v2\/media\/325"}],"wp:attachment":[{"href":"https:\/\/thequeenhouse.co.uk\/lt\/wp-json\/wp\/v2\/media?parent=327"}],"wp:term":[{"taxonomy":"product_brand","embeddable":true,"href":"https:\/\/thequeenhouse.co.uk\/lt\/wp-json\/wp\/v2\/product_brand?post=327"},{"taxonomy":"product_cat","embeddable":true,"href":"https:\/\/thequeenhouse.co.uk\/lt\/wp-json\/wp\/v2\/product_cat?post=327"},{"taxonomy":"product_tag","embeddable":true,"href":"https:\/\/thequeenhouse.co.uk\/lt\/wp-json\/wp\/v2\/product_tag?post=327"}],"curies":[{"name":"wp","href":"https:\/\/api.w.org\/{rel}","templated":true}]}}