{"id":334,"date":"2024-06-11T15:59:19","date_gmt":"2024-06-11T16:01:33","guid":{"rendered":"https:\/\/thequeenhouse.co.uk\/?post_type=product&#038;p=334"},"modified":"2024-10-14T11:28:44","modified_gmt":"2024-10-14T10:28:44","slug":"vitamino-c-serumo-veido-kaukes","status":"publish","type":"product","link":"https:\/\/thequeenhouse.co.uk\/lt\/produktas\/vitamino-c-serumo-veido-kaukes\/","title":{"rendered":"Vitamino C serumo veido kauk\u0117s"},"content":{"rendered":"<p><strong>Tinka vis\u0173 tip\u0173 odai<\/strong><\/p>\n<p>Praturtintos vitaminu C &#8211; \u017einomu d\u0117l savo \u0161vyt\u0117jim\u0105 stiprinan\u010di\u0173 savybi\u0173 ir geb\u0117jimo pagerinti netolygaus odos tono i\u0161vaizd\u0105.<\/p>\n<p>Atraskite \u0161vytin\u010dios odos paslapt\u012f su m\u016bs\u0173 prabangiomis vitamino C veido kauk\u0117mis. Atgaivinkite ir pamaitinkite savo veido od\u0105,kad patirtum\u0117te tikrai prabang\u0173 odos prie\u017ei\u016bros malonum\u0105.<\/p>\n","protected":false},"excerpt":{"rendered":"<p><strong>Tinka vis\u0173 tip\u0173 odai<\/strong><\/p>\n<p>Praturtintos vitaminu C &#8211; \u017einomu d\u0117l savo \u0161vyt\u0117jim\u0105 stiprinan\u010di\u0173 savybi\u0173 ir geb\u0117jimo pagerinti netolygaus odos tono i\u0161vaizd\u0105.<\/p>\n<p>Atraskite \u0161vytin\u010dios odos paslapt\u012f su m\u016bs\u0173 prabangiomis vitamino C veido kauk\u0117mis. Atgaivinkite ir pamaitinkite savo veido od\u0105,kad patirtum\u0117te tikrai prabang\u0173 odos prie\u017ei\u016bros malonum\u0105.<\/p>\n","protected":false},"featured_media":999,"comment_status":"open","ping_status":"closed","template":"","meta":[],"product_brand":[],"product_cat":[43,212],"product_tag":[],"class_list":{"0":"post-334","1":"product","2":"type-product","3":"status-publish","4":"has-post-thumbnail","6":"product_cat-grozis","7":"product_cat-veido-prieziuros-priemones","9":"first","10":"instock","11":"taxable","12":"shipping-taxable","13":"purchasable","14":"product-type-variable"},"_links":{"self":[{"href":"https:\/\/thequeenhouse.co.uk\/lt\/wp-json\/wp\/v2\/product\/334","targetHints":{"allow":["GET"]}}],"collection":[{"href":"https:\/\/thequeenhouse.co.uk\/lt\/wp-json\/wp\/v2\/product"}],"about":[{"href":"https:\/\/thequeenhouse.co.uk\/lt\/wp-json\/wp\/v2\/types\/product"}],"replies":[{"embeddable":true,"href":"https:\/\/thequeenhouse.co.uk\/lt\/wp-json\/wp\/v2\/comments?post=334"}],"wp:featuredmedia":[{"embeddable":true,"href":"https:\/\/thequeenhouse.co.uk\/lt\/wp-json\/wp\/v2\/media\/999"}],"wp:attachment":[{"href":"https:\/\/thequeenhouse.co.uk\/lt\/wp-json\/wp\/v2\/media?parent=334"}],"wp:term":[{"taxonomy":"product_brand","embeddable":true,"href":"https:\/\/thequeenhouse.co.uk\/lt\/wp-json\/wp\/v2\/product_brand?post=334"},{"taxonomy":"product_cat","embeddable":true,"href":"https:\/\/thequeenhouse.co.uk\/lt\/wp-json\/wp\/v2\/product_cat?post=334"},{"taxonomy":"product_tag","embeddable":true,"href":"https:\/\/thequeenhouse.co.uk\/lt\/wp-json\/wp\/v2\/product_tag?post=334"}],"curies":[{"name":"wp","href":"https:\/\/api.w.org\/{rel}","templated":true}]}}