{"id":338,"date":"2024-06-11T16:04:09","date_gmt":"2024-06-11T16:04:40","guid":{"rendered":"https:\/\/thequeenhouse.co.uk\/?post_type=product&#038;p=338"},"modified":"2024-10-14T11:28:44","modified_gmt":"2024-10-14T10:28:44","slug":"hialurono-rugsties-serumo-veido-kaukes","status":"publish","type":"product","link":"https:\/\/thequeenhouse.co.uk\/lt\/produktas\/hialurono-rugsties-serumo-veido-kaukes\/","title":{"rendered":"Hialurono r\u016bg\u0161ties serumo veido kauk\u0117s"},"content":{"rendered":"<p><strong>Tinka vis\u0173 tip\u0173 odai<\/strong><\/p>\n<p>Atraskite hialurono r\u016bg\u0161ties serumo veido kauki\u0173 privalumus. M\u016bs\u0173 dr\u0117kinan\u010dios ir glotninan\u010dios kauk\u0117s skatina sveik\u0105 odos cirkuliacij\u0105.<\/p>\n<p>Hialurono r\u016bg\u0161tis greitai prasiskverbia \u012f od\u0105, suteikdama matom\u0105 poveik\u012f jau po pirmojo naudojimo.<\/p>\n<p>M\u016bs\u0173 kosmetikos gaminiai skirti suma\u017einti sen\u0117jimo po\u017eymius ir padidinti odos dr\u0117kinim\u0105.<\/p>\n","protected":false},"excerpt":{"rendered":"<p><strong>Tinka vis\u0173 tip\u0173 odai<\/strong><\/p>\n<p>Atraskite hialurono r\u016bg\u0161ties serumo veido kauki\u0173 privalumus. M\u016bs\u0173 dr\u0117kinan\u010dios ir glotninan\u010dios kauk\u0117s skatina sveik\u0105 odos cirkuliacij\u0105.<\/p>\n<p>Hialurono r\u016bg\u0161tis greitai prasiskverbia \u012f od\u0105, suteikdama matom\u0105 poveik\u012f jau po pirmojo naudojimo.<\/p>\n<p>M\u016bs\u0173 kosmetikos gaminiai skirti suma\u017einti sen\u0117jimo po\u017eymius ir padidinti odos dr\u0117kinim\u0105.<\/p>\n","protected":false},"featured_media":989,"comment_status":"open","ping_status":"closed","template":"","meta":[],"product_brand":[],"product_cat":[43,212],"product_tag":[],"class_list":{"0":"post-338","1":"product","2":"type-product","3":"status-publish","4":"has-post-thumbnail","6":"product_cat-grozis","7":"product_cat-veido-prieziuros-priemones","9":"first","10":"outofstock","11":"taxable","12":"shipping-taxable","13":"purchasable","14":"product-type-variable"},"_links":{"self":[{"href":"https:\/\/thequeenhouse.co.uk\/lt\/wp-json\/wp\/v2\/product\/338","targetHints":{"allow":["GET"]}}],"collection":[{"href":"https:\/\/thequeenhouse.co.uk\/lt\/wp-json\/wp\/v2\/product"}],"about":[{"href":"https:\/\/thequeenhouse.co.uk\/lt\/wp-json\/wp\/v2\/types\/product"}],"replies":[{"embeddable":true,"href":"https:\/\/thequeenhouse.co.uk\/lt\/wp-json\/wp\/v2\/comments?post=338"}],"wp:featuredmedia":[{"embeddable":true,"href":"https:\/\/thequeenhouse.co.uk\/lt\/wp-json\/wp\/v2\/media\/989"}],"wp:attachment":[{"href":"https:\/\/thequeenhouse.co.uk\/lt\/wp-json\/wp\/v2\/media?parent=338"}],"wp:term":[{"taxonomy":"product_brand","embeddable":true,"href":"https:\/\/thequeenhouse.co.uk\/lt\/wp-json\/wp\/v2\/product_brand?post=338"},{"taxonomy":"product_cat","embeddable":true,"href":"https:\/\/thequeenhouse.co.uk\/lt\/wp-json\/wp\/v2\/product_cat?post=338"},{"taxonomy":"product_tag","embeddable":true,"href":"https:\/\/thequeenhouse.co.uk\/lt\/wp-json\/wp\/v2\/product_tag?post=338"}],"curies":[{"name":"wp","href":"https:\/\/api.w.org\/{rel}","templated":true}]}}