{"id":342,"date":"2024-06-11T16:12:18","date_gmt":"2024-06-11T16:13:09","guid":{"rendered":"https:\/\/thequeenhouse.co.uk\/?post_type=product&#038;p=342"},"modified":"2024-10-14T11:28:44","modified_gmt":"2024-10-14T10:28:44","slug":"poru-gydymo-serumo-veido-kaukes","status":"publish","type":"product","link":"https:\/\/thequeenhouse.co.uk\/lt\/produktas\/poru-gydymo-serumo-veido-kaukes\/","title":{"rendered":"Por\u0173 ma\u017einimo serumo veido kauk\u0117s"},"content":{"rendered":"<p><strong>NR1 Jautriai odai, taip pat tinka vis\u0173 tip\u0173 odai<\/strong><\/p>\n<p>Leiskit\u0117s \u012f kelion\u0119 \u012f i\u0161skirtin\u0119 od\u0105 su m\u016bs\u0173 presti\u017eine &#8222;Lanbena&#8221; por\u0173 ma\u017einimo serumo kauki\u0173 linija.<\/p>\n<p>I\u0161laisvinkite Hamamelis Virginiana ingredient\u0173, paprastai randam\u0173 \u0160iaur\u0117s Amerikoje, gali\u0105, gars\u0117jan\u010di\u0105 geb\u0117jimu atkurti ir atjauninti pa\u017eeist\u0105 od\u0105.<\/p>\n<p>Steb\u0117kite, kaip j\u016bs\u0173 oda transformuojasi, poros susitraukia, atskleid\u017eiant labiau i\u0161puosel\u0117t\u0105 ir \u0161velnesn\u0119 veido spalv\u0105. Tegul j\u016bs\u0173 oda \u0161vyti prabangia ir rafinuota spindesiu.<\/p>\n","protected":false},"excerpt":{"rendered":"<p><strong>NR1 Jautriai odai, taip pat tinka vis\u0173 tip\u0173 odai<\/strong><\/p>\n<p>Leiskit\u0117s \u012f kelion\u0119 \u012f i\u0161skirtin\u0119 od\u0105 su m\u016bs\u0173 presti\u017eine &#8222;Lanbena&#8221; por\u0173 ma\u017einimo serumo kauki\u0173 linija.<\/p>\n<p>I\u0161laisvinkite Hamamelis Virginiana ingredient\u0173, paprastai randam\u0173 \u0160iaur\u0117s Amerikoje, gali\u0105, gars\u0117jan\u010di\u0105 geb\u0117jimu atkurti ir atjauninti pa\u017eeist\u0105 od\u0105.<\/p>\n<p>Steb\u0117kite, kaip j\u016bs\u0173 oda transformuojasi, poros susitraukia, atskleid\u017eiant labiau i\u0161puosel\u0117t\u0105 ir \u0161velnesn\u0119 veido spalv\u0105. Tegul j\u016bs\u0173 oda \u0161vyti prabangia ir rafinuota spindesiu.<\/p>\n","protected":false},"featured_media":985,"comment_status":"open","ping_status":"closed","template":"","meta":[],"product_brand":[],"product_cat":[43,212],"product_tag":[],"class_list":{"0":"post-342","1":"product","2":"type-product","3":"status-publish","4":"has-post-thumbnail","6":"product_cat-grozis","7":"product_cat-veido-prieziuros-priemones","9":"first","10":"instock","11":"taxable","12":"shipping-taxable","13":"purchasable","14":"product-type-variable"},"_links":{"self":[{"href":"https:\/\/thequeenhouse.co.uk\/lt\/wp-json\/wp\/v2\/product\/342","targetHints":{"allow":["GET"]}}],"collection":[{"href":"https:\/\/thequeenhouse.co.uk\/lt\/wp-json\/wp\/v2\/product"}],"about":[{"href":"https:\/\/thequeenhouse.co.uk\/lt\/wp-json\/wp\/v2\/types\/product"}],"replies":[{"embeddable":true,"href":"https:\/\/thequeenhouse.co.uk\/lt\/wp-json\/wp\/v2\/comments?post=342"}],"wp:featuredmedia":[{"embeddable":true,"href":"https:\/\/thequeenhouse.co.uk\/lt\/wp-json\/wp\/v2\/media\/985"}],"wp:attachment":[{"href":"https:\/\/thequeenhouse.co.uk\/lt\/wp-json\/wp\/v2\/media?parent=342"}],"wp:term":[{"taxonomy":"product_brand","embeddable":true,"href":"https:\/\/thequeenhouse.co.uk\/lt\/wp-json\/wp\/v2\/product_brand?post=342"},{"taxonomy":"product_cat","embeddable":true,"href":"https:\/\/thequeenhouse.co.uk\/lt\/wp-json\/wp\/v2\/product_cat?post=342"},{"taxonomy":"product_tag","embeddable":true,"href":"https:\/\/thequeenhouse.co.uk\/lt\/wp-json\/wp\/v2\/product_tag?post=342"}],"curies":[{"name":"wp","href":"https:\/\/api.w.org\/{rel}","templated":true}]}}