{"id":347,"date":"2024-06-11T16:14:52","date_gmt":"2024-06-11T16:16:00","guid":{"rendered":"https:\/\/thequeenhouse.co.uk\/?post_type=product&#038;p=347"},"modified":"2024-10-14T11:28:44","modified_gmt":"2024-10-14T10:28:44","slug":"mangu-ranku-vaskas","status":"publish","type":"product","link":"https:\/\/thequeenhouse.co.uk\/lt\/produktas\/mangu-ranku-vaskas\/","title":{"rendered":"Mang\u0173 Rank\u0173 Va\u0161kas"},"content":{"rendered":"<p>Palepinkite save m\u016bs\u0173 i\u0161skirtine rank\u0173 va\u0161ku, kurio formul\u0117 su vaisi\u0173 ekstraktais, tokiais kaip mango. Taip pat prabang\u016bs ingredientai, kaip niacinamidas ir alfa-arbutinas.<\/p>\n<p>Mango esencija leid\u017eia j\u016bs\u0173 rankoms pasisavinti daugyb\u0119 maistini\u0173 med\u017eiag\u0173, sudarydama dr\u0117kinan\u010di\u0105 ir maitinan\u010di\u0105 va\u0161ko pl\u0117vel\u0119 ant rank\u0173, \u0161velniai ir intensyviai maitina rankas, palengvina sausos, \u0161iurk\u0161\u010dios, \u012ftr\u016bkusios \u00a0odos b\u016bkl\u0119.<\/p>\n<p>Pagerink savo rank\u0173 od\u0105 ,, Mink\u0161ta kaip \u0161ilkas&#8221;.<\/p>\n<p>&nbsp;<\/p>\n<p><strong>NAUDOJIMAS<\/strong><\/p>\n<p>Nusiplov\u0119 ir nud\u017eiovin\u0119 rankas, tolygiai tepkite pakankam\u0105 \u0161io produkto kiek\u012f ant rank\u0173 odos, palaukite 15-20 minu\u010di\u0173, kol va\u0161ko esencija \u012fsigers ir pavirs \u012f pl\u0117vel\u0119. Tada nuimkite va\u0161k\u0105 ir nuplaukite \u0161iltu vandeniu.<\/p>\n","protected":false},"excerpt":{"rendered":"<p>Palepinkite save m\u016bs\u0173 i\u0161skirtine rank\u0173 va\u0161ku, kurio formul\u0117 su vaisi\u0173 ekstraktais, tokiais kaip mango. Taip pat prabang\u016bs ingredientai, kaip niacinamidas ir alfa-arbutinas.<\/p>\n<p>Mango esencija leid\u017eia j\u016bs\u0173 rankoms pasisavinti daugyb\u0119 maistini\u0173 med\u017eiag\u0173, sudarydama dr\u0117kinan\u010di\u0105 ir maitinan\u010di\u0105 va\u0161ko pl\u0117vel\u0119 ant rank\u0173, \u0161velniai ir intensyviai maitina rankas, palengvina sausos, \u0161iurk\u0161\u010dios, \u012ftr\u016bkusios \u00a0odos b\u016bkl\u0119.<\/p>\n<p>Pagerink savo rank\u0173 od\u0105 ,, Mink\u0161ta kaip \u0161ilkas&#8221;.<\/p>\n","protected":false},"featured_media":346,"comment_status":"open","ping_status":"closed","template":"","meta":[],"product_brand":[],"product_cat":[43,213],"product_tag":[],"class_list":{"0":"post-347","1":"product","2":"type-product","3":"status-publish","4":"has-post-thumbnail","6":"product_cat-grozis","7":"product_cat-ranku-prieziuros-priemones","9":"first","10":"instock","11":"taxable","12":"shipping-taxable","13":"purchasable","14":"product-type-simple"},"_links":{"self":[{"href":"https:\/\/thequeenhouse.co.uk\/lt\/wp-json\/wp\/v2\/product\/347","targetHints":{"allow":["GET"]}}],"collection":[{"href":"https:\/\/thequeenhouse.co.uk\/lt\/wp-json\/wp\/v2\/product"}],"about":[{"href":"https:\/\/thequeenhouse.co.uk\/lt\/wp-json\/wp\/v2\/types\/product"}],"replies":[{"embeddable":true,"href":"https:\/\/thequeenhouse.co.uk\/lt\/wp-json\/wp\/v2\/comments?post=347"}],"wp:featuredmedia":[{"embeddable":true,"href":"https:\/\/thequeenhouse.co.uk\/lt\/wp-json\/wp\/v2\/media\/346"}],"wp:attachment":[{"href":"https:\/\/thequeenhouse.co.uk\/lt\/wp-json\/wp\/v2\/media?parent=347"}],"wp:term":[{"taxonomy":"product_brand","embeddable":true,"href":"https:\/\/thequeenhouse.co.uk\/lt\/wp-json\/wp\/v2\/product_brand?post=347"},{"taxonomy":"product_cat","embeddable":true,"href":"https:\/\/thequeenhouse.co.uk\/lt\/wp-json\/wp\/v2\/product_cat?post=347"},{"taxonomy":"product_tag","embeddable":true,"href":"https:\/\/thequeenhouse.co.uk\/lt\/wp-json\/wp\/v2\/product_tag?post=347"}],"curies":[{"name":"wp","href":"https:\/\/api.w.org\/{rel}","templated":true}]}}