{"id":354,"date":"2024-06-11T17:46:21","date_gmt":"2024-06-11T17:50:35","guid":{"rendered":"https:\/\/thequeenhouse.co.uk\/?post_type=product&#038;p=354"},"modified":"2025-03-19T19:48:07","modified_gmt":"2025-03-19T18:48:07","slug":"mieganti-saldziu-uogu-lupu-kauke-20gr","status":"publish","type":"product","link":"https:\/\/thequeenhouse.co.uk\/lt\/produktas\/mieganti-saldziu-uogu-lupu-kauke-20gr\/","title":{"rendered":"Miegan\u010dioji ,,Sald\u017ei\u0173 Uog\u0173\u2019\u2019 lup\u0173 kauk\u0117 20gr"},"content":{"rendered":"<p class=\"tw-data-text tw-text-large tw-ta\" dir=\"ltr\" data-placeholder=\"Vertimas\" aria-label=\"I\u0161verstas tekstas\" data-ved=\"2ahUKEwi_steu8dOGAxUfVvEDHd_KCMMQ3ewLegQIBRAU\">Kolageno kristal\u0173 maitinanti ro\u017ein\u0117 l\u016bp\u0173 kauk\u0117. Atraskite did\u017eiausi\u0105 gro\u017eio paslapt\u012f su m\u016bs\u0173 miego l\u016bp\u0173 kauk\u0117mis, kuriose gausu kolageno, retinolio, taukmed\u017eio sviesto ir vitamino E. \u0160i l\u016bp\u0173 kauk\u0117 pamaitins l\u016bpas ir taip pat paliks putli\u0173 l\u016bp\u0173 efekt\u0105. Kiekvien\u0105 ryt\u0105 pabuskite su \u0161velniomis ir hidratuotomis l\u016bpomis.<\/p>\n<p>Dr\u0117kina, pa\u0161alina negyvasias odos l\u0105steles ir suma\u017eina suskeld\u0117jusi\u0173 l\u016bp\u0173 efekt\u0105. Padarykite l\u016bpas putlesnes ir patrauklesnes.<\/p>\n<p><strong>Naudojimo instrukcijos:<\/strong><br \/>\n1. Nedidel\u012f kiek\u012f l\u016bp\u0173 balzamo u\u017etepkite ant pir\u0161t\u0173 galiuk\u0173.<br \/>\n2. \u0160velniai \u012ftrinkite l\u016bp\u0173 balzam\u0105 \u012f l\u016bpas.<br \/>\n3. Pakartotinai naudokite pagal poreik\u012f dienos ar nakties metu.<\/p>\n<p id=\"tw-target-text\" class=\"tw-data-text tw-text-large tw-ta\" dir=\"ltr\" data-placeholder=\"Vertimas\" aria-label=\"I\u0161verstas tekstas\" data-ved=\"2ahUKEwi_steu8dOGAxUfVvEDHd_KCMMQ3ewLegQIBRAU\"><strong><span class=\"Y2IQFc\" lang=\"lt\">Pagrindiniai ingredientai:<\/span><\/strong><\/p>\n<p class=\"tw-data-text tw-text-large tw-ta\" dir=\"ltr\" data-placeholder=\"Vertimas\" aria-label=\"I\u0161verstas tekstas\" data-ved=\"2ahUKEwi_steu8dOGAxUfVvEDHd_KCMMQ3ewLegQIBRAU\"><span class=\"Y2IQFc\" lang=\"lt\">Kolagenas, retinolis, taukmed\u017eio sviestas, hialurono r\u016bg\u0161tis, vitaminas E, j\u016bros dumbliai , v<\/span><span class=\"Y2IQFc\" lang=\"lt\">itaminas C.\u00a0<\/span><\/p>\n","protected":false},"excerpt":{"rendered":"<p class=\"tw-data-text tw-text-large tw-ta\" dir=\"ltr\" data-placeholder=\"Vertimas\" aria-label=\"I\u0161verstas tekstas\" data-ved=\"2ahUKEwi_steu8dOGAxUfVvEDHd_KCMMQ3ewLegQIBRAU\">Kolageno kristal\u0173 maitinanti ro\u017ein\u0117 l\u016bp\u0173 kauk\u0117. Atraskite did\u017eiausi\u0105 gro\u017eio paslapt\u012f su m\u016bs\u0173 miego l\u016bp\u0173 kauk\u0117mis, kuriose gausu kolageno, retinolio, taukmed\u017eio sviesto ir vitamino E. \u0160i l\u016bp\u0173 kauk\u0117 pamaitins l\u016bpas ir taip pat paliks putli\u0173 l\u016bp\u0173 efekt\u0105. Kiekvien\u0105 ryt\u0105 pabuskite su \u0161velniomis ir hidratuotomis l\u016bpomis.<\/p>\n<p>Dr\u0117kina, pa\u0161alina negyvasias odos l\u0105steles ir suma\u017eina suskeld\u0117jusi\u0173 l\u016bp\u0173 efekt\u0105. Padarykite l\u016bpas putlesnes ir patrauklesnes.<\/p>\n","protected":false},"featured_media":353,"comment_status":"open","ping_status":"closed","template":"","meta":[],"product_brand":[],"product_cat":[43,212],"product_tag":[],"class_list":{"0":"post-354","1":"product","2":"type-product","3":"status-publish","4":"has-post-thumbnail","6":"product_cat-grozis","7":"product_cat-veido-prieziuros-priemones","9":"first","10":"outofstock","11":"taxable","12":"shipping-taxable","13":"purchasable","14":"product-type-simple"},"_links":{"self":[{"href":"https:\/\/thequeenhouse.co.uk\/lt\/wp-json\/wp\/v2\/product\/354","targetHints":{"allow":["GET"]}}],"collection":[{"href":"https:\/\/thequeenhouse.co.uk\/lt\/wp-json\/wp\/v2\/product"}],"about":[{"href":"https:\/\/thequeenhouse.co.uk\/lt\/wp-json\/wp\/v2\/types\/product"}],"replies":[{"embeddable":true,"href":"https:\/\/thequeenhouse.co.uk\/lt\/wp-json\/wp\/v2\/comments?post=354"}],"wp:featuredmedia":[{"embeddable":true,"href":"https:\/\/thequeenhouse.co.uk\/lt\/wp-json\/wp\/v2\/media\/353"}],"wp:attachment":[{"href":"https:\/\/thequeenhouse.co.uk\/lt\/wp-json\/wp\/v2\/media?parent=354"}],"wp:term":[{"taxonomy":"product_brand","embeddable":true,"href":"https:\/\/thequeenhouse.co.uk\/lt\/wp-json\/wp\/v2\/product_brand?post=354"},{"taxonomy":"product_cat","embeddable":true,"href":"https:\/\/thequeenhouse.co.uk\/lt\/wp-json\/wp\/v2\/product_cat?post=354"},{"taxonomy":"product_tag","embeddable":true,"href":"https:\/\/thequeenhouse.co.uk\/lt\/wp-json\/wp\/v2\/product_tag?post=354"}],"curies":[{"name":"wp","href":"https:\/\/api.w.org\/{rel}","templated":true}]}}