{"id":359,"date":"2024-06-11T17:52:37","date_gmt":"2024-06-11T17:52:37","guid":{"rendered":"https:\/\/thequeenhouse.co.uk\/?post_type=product&#038;p=359"},"modified":"2025-12-28T23:35:13","modified_gmt":"2025-12-28T22:35:13","slug":"braskiu-lupu-kaukes","status":"publish","type":"product","link":"https:\/\/thequeenhouse.co.uk\/lt\/produktas\/braskiu-lupu-kaukes\/","title":{"rendered":"Bra\u0161ki\u0173 l\u016bp\u0173 kauk\u0117s"},"content":{"rendered":"<p>Pasinerkite \u012f gryn\u0105 prabang\u0105 su m\u016bs\u0173 geriausiai \u012fvertintomis bra\u0161ki\u0173 l\u016bp\u0173 kauk\u0117mis. Praturtintomis organiniu kolagenu ir sulting\u0173 bra\u0161ki\u0173 esencija.<\/p>\n<p>Sukurta atsi\u017evelgiant \u012f j\u016bs\u0173 patogum\u0105, j\u0173 individuali pakuot\u0117 leid\u017eia patogiai naudoti kaukes, kad ir kur keliautum\u0117te.<\/p>\n","protected":false},"excerpt":{"rendered":"<p>Pasinerkite \u012f gryn\u0105 prabang\u0105 su m\u016bs\u0173 geriausiai \u012fvertintomis bra\u0161ki\u0173 l\u016bp\u0173 kauk\u0117mis. Praturtintomis organiniu kolagenu ir sulting\u0173 bra\u0161ki\u0173 esencija.<\/p>\n<p>Sukurta atsi\u017evelgiant \u012f j\u016bs\u0173 patogum\u0105, j\u0173 individuali pakuot\u0117 leid\u017eia patogiai naudoti kaukes, kad ir kur keliautum\u0117te.<\/p>\n","protected":false},"featured_media":358,"comment_status":"open","ping_status":"closed","template":"","meta":[],"product_brand":[],"product_cat":[43,212],"product_tag":[],"class_list":{"0":"post-359","1":"product","2":"type-product","3":"status-publish","4":"has-post-thumbnail","6":"product_cat-grozis","7":"product_cat-veido-prieziuros-priemones","9":"first","10":"instock","11":"taxable","12":"shipping-taxable","13":"purchasable","14":"product-type-variable"},"_links":{"self":[{"href":"https:\/\/thequeenhouse.co.uk\/lt\/wp-json\/wp\/v2\/product\/359","targetHints":{"allow":["GET"]}}],"collection":[{"href":"https:\/\/thequeenhouse.co.uk\/lt\/wp-json\/wp\/v2\/product"}],"about":[{"href":"https:\/\/thequeenhouse.co.uk\/lt\/wp-json\/wp\/v2\/types\/product"}],"replies":[{"embeddable":true,"href":"https:\/\/thequeenhouse.co.uk\/lt\/wp-json\/wp\/v2\/comments?post=359"}],"wp:featuredmedia":[{"embeddable":true,"href":"https:\/\/thequeenhouse.co.uk\/lt\/wp-json\/wp\/v2\/media\/358"}],"wp:attachment":[{"href":"https:\/\/thequeenhouse.co.uk\/lt\/wp-json\/wp\/v2\/media?parent=359"}],"wp:term":[{"taxonomy":"product_brand","embeddable":true,"href":"https:\/\/thequeenhouse.co.uk\/lt\/wp-json\/wp\/v2\/product_brand?post=359"},{"taxonomy":"product_cat","embeddable":true,"href":"https:\/\/thequeenhouse.co.uk\/lt\/wp-json\/wp\/v2\/product_cat?post=359"},{"taxonomy":"product_tag","embeddable":true,"href":"https:\/\/thequeenhouse.co.uk\/lt\/wp-json\/wp\/v2\/product_tag?post=359"}],"curies":[{"name":"wp","href":"https:\/\/api.w.org\/{rel}","templated":true}]}}