{"id":364,"date":"2024-06-11T17:54:18","date_gmt":"2024-06-11T17:54:18","guid":{"rendered":"https:\/\/thequeenhouse.co.uk\/?post_type=product&#038;p=364"},"modified":"2025-07-09T11:24:22","modified_gmt":"2025-07-09T10:24:22","slug":"b5-veido-serumas-su-hyluronu","status":"publish","type":"product","link":"https:\/\/thequeenhouse.co.uk\/lt\/produktas\/b5-veido-serumas-su-hyluronu\/","title":{"rendered":"B5 Veido Serumas su Hialuronu"},"content":{"rendered":"<p>Nauja sukurta Bioaqua formul\u0117 su B5 grup\u0117s vitaminais ir hialurono r\u016bg\u0161timi.<\/p>\n<p>Ma\u017eina ankstyvvosios akn\u0117s stadij\u0105.<\/p>\n<p>B5 skatina matom\u0105 odos elastingum\u0105 ir stangrum\u0105, kartu ma\u017eindamas smulki\u0173 saus\u0173 linij\u0173 atsiradim\u0105.<\/p>\n<p>\u0160i formul\u0117 apima penkias hialurono r\u016bg\u0161ties formas. Hialurono r\u016bg\u0161tis yra nat\u016braliai odoje esantis dr\u0117kiklis, kuris jungiasi su vandeniu. \u012etrauktos formos yra ma\u017eos, vidutin\u0117s ir didel\u0117s molekulin\u0117s mas\u0117s molekul\u0117s, HA kry\u017eminis polimeras ir hidrolizuotas HA. Formul\u0117je taip pat yra keramidai, kurie padeda i\u0161laikyti dr\u0117gm\u0119 odoje.<\/p>\n<p>Keramidai yra nat\u016braliai odoje randami lipidai (riebi\u0173j\u0173 molekuli\u0173), kurie padeda apsaugoti odos barjer\u0105. \u0160ioje formul\u0117je naudojami keramidai yra \u017einomi kaip sfingolipidai. Provitaminas B5 ilgiau i\u0161laiko od\u0105 dr\u0117gn\u0105.<\/p>\n","protected":false},"excerpt":{"rendered":"<p>Nauja sukurta Bioaqua formul\u0117 su B5 grup\u0117s vitaminais ir hialurono r\u016bg\u0161timi.<\/p>\n<p>Ma\u017eina ankstyvvosios akn\u0117s stadij\u0105.<\/p>\n<p>B5 skatina matom\u0105 odos elastingum\u0105 ir stangrum\u0105, kartu ma\u017eindamas smulki\u0173 saus\u0173 linij\u0173 atsiradim\u0105.<\/p>\n<p>\u0160i formul\u0117 apima penkias hialurono r\u016bg\u0161ties formas. Hialurono r\u016bg\u0161tis yra nat\u016braliai odoje esantis dr\u0117kiklis, kuris jungiasi su vandeniu. \u012etrauktos formos yra ma\u017eos, vidutin\u0117s ir didel\u0117s molekulin\u0117s mas\u0117s molekul\u0117s, HA kry\u017eminis polimeras ir hidrolizuotas HA. Formul\u0117je taip pat yra keramidai, kurie padeda i\u0161laikyti dr\u0117gm\u0119 odoje.<\/p>\n<p>Keramidai yra nat\u016braliai odoje randami lipidai (riebi\u0173j\u0173 molekuli\u0173), kurie padeda apsaugoti odos barjer\u0105. \u0160ioje formul\u0117je naudojami keramidai yra \u017einomi kaip sfingolipidai. Provitaminas B5 ilgiau i\u0161laiko od\u0105 dr\u0117gn\u0105.<\/p>\n","protected":false},"featured_media":363,"comment_status":"open","ping_status":"closed","template":"","meta":[],"product_brand":[],"product_cat":[43,212],"product_tag":[],"class_list":{"0":"post-364","1":"product","2":"type-product","3":"status-publish","4":"has-post-thumbnail","6":"product_cat-grozis","7":"product_cat-veido-prieziuros-priemones","9":"first","10":"outofstock","11":"taxable","12":"shipping-taxable","13":"purchasable","14":"product-type-simple"},"_links":{"self":[{"href":"https:\/\/thequeenhouse.co.uk\/lt\/wp-json\/wp\/v2\/product\/364","targetHints":{"allow":["GET"]}}],"collection":[{"href":"https:\/\/thequeenhouse.co.uk\/lt\/wp-json\/wp\/v2\/product"}],"about":[{"href":"https:\/\/thequeenhouse.co.uk\/lt\/wp-json\/wp\/v2\/types\/product"}],"replies":[{"embeddable":true,"href":"https:\/\/thequeenhouse.co.uk\/lt\/wp-json\/wp\/v2\/comments?post=364"}],"wp:featuredmedia":[{"embeddable":true,"href":"https:\/\/thequeenhouse.co.uk\/lt\/wp-json\/wp\/v2\/media\/363"}],"wp:attachment":[{"href":"https:\/\/thequeenhouse.co.uk\/lt\/wp-json\/wp\/v2\/media?parent=364"}],"wp:term":[{"taxonomy":"product_brand","embeddable":true,"href":"https:\/\/thequeenhouse.co.uk\/lt\/wp-json\/wp\/v2\/product_brand?post=364"},{"taxonomy":"product_cat","embeddable":true,"href":"https:\/\/thequeenhouse.co.uk\/lt\/wp-json\/wp\/v2\/product_cat?post=364"},{"taxonomy":"product_tag","embeddable":true,"href":"https:\/\/thequeenhouse.co.uk\/lt\/wp-json\/wp\/v2\/product_tag?post=364"}],"curies":[{"name":"wp","href":"https:\/\/api.w.org\/{rel}","templated":true}]}}