{"id":369,"date":"2024-06-11T17:56:43","date_gmt":"2024-06-11T17:57:21","guid":{"rendered":"https:\/\/thequeenhouse.co.uk\/?post_type=product&#038;p=369"},"modified":"2024-10-14T11:28:43","modified_gmt":"2024-10-14T10:28:43","slug":"medicinines-valomosios-veido-putos","status":"publish","type":"product","link":"https:\/\/thequeenhouse.co.uk\/lt\/produktas\/medicinines-valomosios-veido-putos\/","title":{"rendered":"Mediacal Valomosios Veido Putos"},"content":{"rendered":"<p>\u0160i veido esencija apgaubia veido od\u0105 dr\u0117gm\u0117s sliuoksniu,\u00a0lygina jos pavir\u0161i\u0173, suteikdamas stipresn\u0117s ir jaunatvi\u0161kesn\u0117s i\u0161vaizdos \u012fsp\u016bd\u012f.<\/p>\n<p>\u0160is produktas sukurtas i\u0161 keramid\u0173, siekiant pagerinti odos barjer\u0105.<\/p>\n<p><strong>Tinka vis\u0173 tip\u0173 odai.<\/strong><\/p>\n<p><strong>Rekomendacija:<\/strong><\/p>\n<p>Padarykite dvigub\u0105 efekt\u0105 savo odai ir naudokite B5 serum\u0105 kartu su &#8222;Fair King&#8221; putomis ir pajuskite dvigubus rezultatus.<\/p>\n","protected":false},"excerpt":{"rendered":"<p>\u0160i veido esencija apgaubia veido od\u0105 dr\u0117gm\u0117s sliuoksniu,\u00a0lygina jos pavir\u0161i\u0173, suteikdamas stipresn\u0117s ir jaunatvi\u0161kesn\u0117s i\u0161vaizdos \u012fsp\u016bd\u012f.<\/p>\n<p>\u0160is produktas sukurtas i\u0161 keramid\u0173, siekiant pagerinti odos barjer\u0105.<\/p>\n<p><strong>Tinka vis\u0173 tip\u0173 odai.<\/strong><\/p>\n","protected":false},"featured_media":368,"comment_status":"open","ping_status":"closed","template":"","meta":[],"product_brand":[],"product_cat":[43,212],"product_tag":[],"class_list":{"0":"post-369","1":"product","2":"type-product","3":"status-publish","4":"has-post-thumbnail","6":"product_cat-grozis","7":"product_cat-veido-prieziuros-priemones","9":"first","10":"outofstock","11":"taxable","12":"shipping-taxable","13":"purchasable","14":"product-type-simple"},"_links":{"self":[{"href":"https:\/\/thequeenhouse.co.uk\/lt\/wp-json\/wp\/v2\/product\/369","targetHints":{"allow":["GET"]}}],"collection":[{"href":"https:\/\/thequeenhouse.co.uk\/lt\/wp-json\/wp\/v2\/product"}],"about":[{"href":"https:\/\/thequeenhouse.co.uk\/lt\/wp-json\/wp\/v2\/types\/product"}],"replies":[{"embeddable":true,"href":"https:\/\/thequeenhouse.co.uk\/lt\/wp-json\/wp\/v2\/comments?post=369"}],"wp:featuredmedia":[{"embeddable":true,"href":"https:\/\/thequeenhouse.co.uk\/lt\/wp-json\/wp\/v2\/media\/368"}],"wp:attachment":[{"href":"https:\/\/thequeenhouse.co.uk\/lt\/wp-json\/wp\/v2\/media?parent=369"}],"wp:term":[{"taxonomy":"product_brand","embeddable":true,"href":"https:\/\/thequeenhouse.co.uk\/lt\/wp-json\/wp\/v2\/product_brand?post=369"},{"taxonomy":"product_cat","embeddable":true,"href":"https:\/\/thequeenhouse.co.uk\/lt\/wp-json\/wp\/v2\/product_cat?post=369"},{"taxonomy":"product_tag","embeddable":true,"href":"https:\/\/thequeenhouse.co.uk\/lt\/wp-json\/wp\/v2\/product_tag?post=369"}],"curies":[{"name":"wp","href":"https:\/\/api.w.org\/{rel}","templated":true}]}}