{"id":374,"date":"2024-06-11T17:58:59","date_gmt":"2024-06-11T17:58:59","guid":{"rendered":"https:\/\/thequeenhouse.co.uk\/?post_type=product&#038;p=374"},"modified":"2025-07-09T11:24:13","modified_gmt":"2025-07-09T10:24:13","slug":"saoder-juoduju-ikru-paakiu-padukai","status":"publish","type":"product","link":"https:\/\/thequeenhouse.co.uk\/lt\/produktas\/saoder-juoduju-ikru-paakiu-padukai\/","title":{"rendered":",,Saoder\u2019\u2019 Juod\u0173j\u0173 Ikr\u0173 Paaki\u0173 Padukai"},"content":{"rendered":"<p>Polinukleotidai \u2013 tai la\u0161i\u0161ini\u0173 \u017euv\u0173 DNR fragmentai, kurie padidina med\u017eiag\u0173 apykaitos proces\u0105, taip skatindami odos mikrotraum\u0173 gijim\u0105 ir spartindami regeneracijos bei l\u0105steli\u0173 dalijimosi procesus. Polinukleotidai pasi\u017eymi dr\u0117gm\u0119 i\u0161laikan\u010diu poveikiu, stiprina kolageno ir elastino sintez\u0119.<\/p>\n<p>Hidrogeli\u0173 padukai su la\u0161i\u0161\u0173 ikr\u0173 ekstraktu yra veiksmingi ir skatina nat\u016bral\u0173 hialurono r\u016bg\u0161ties gamyb\u0105. Jie turi detoksikuojant\u012f poveik\u012f. Paduk\u0173 sud\u0117tyje taip pat yra nat\u016brali\u0173 aliej\u0173, kuriuose yra vitamino E, l\u0117tinantis sen\u0117jim\u0105 ir ma\u017einantis esam\u0173 rauk\u0161li\u0173 gyl\u012f.<\/p>\n","protected":false},"excerpt":{"rendered":"<p>Polinukleotidai \u2013 tai la\u0161i\u0161ini\u0173 \u017euv\u0173 DNR fragmentai, kurie padidina med\u017eiag\u0173 apykaitos proces\u0105, taip skatindami odos mikrotraum\u0173 gijim\u0105 ir spartindami regeneracijos bei l\u0105steli\u0173 dalijimosi procesus. Polinukleotidai pasi\u017eymi dr\u0117gm\u0119 i\u0161laikan\u010diu poveikiu, stiprina kolageno ir elastino sintez\u0119.<\/p>\n<p>Hidrogeli\u0173 padukai su la\u0161i\u0161\u0173 ikr\u0173 ekstraktu yra veiksmingi ir skatina nat\u016bral\u0173 hialurono r\u016bg\u0161ties gamyb\u0105. Jie turi detoksikuojant\u012f poveik\u012f. Paduk\u0173 sud\u0117tyje taip pat yra nat\u016brali\u0173 aliej\u0173, kuriuose yra vitamino E, l\u0117tinantis sen\u0117jim\u0105 ir ma\u017einantis esam\u0173 rauk\u0161li\u0173 gyl\u012f.<\/p>\n","protected":false},"featured_media":373,"comment_status":"open","ping_status":"closed","template":"","meta":[],"product_brand":[],"product_cat":[43,212],"product_tag":[],"class_list":{"0":"post-374","1":"product","2":"type-product","3":"status-publish","4":"has-post-thumbnail","6":"product_cat-grozis","7":"product_cat-veido-prieziuros-priemones","9":"first","10":"outofstock","11":"taxable","12":"shipping-taxable","13":"purchasable","14":"product-type-variable"},"_links":{"self":[{"href":"https:\/\/thequeenhouse.co.uk\/lt\/wp-json\/wp\/v2\/product\/374","targetHints":{"allow":["GET"]}}],"collection":[{"href":"https:\/\/thequeenhouse.co.uk\/lt\/wp-json\/wp\/v2\/product"}],"about":[{"href":"https:\/\/thequeenhouse.co.uk\/lt\/wp-json\/wp\/v2\/types\/product"}],"replies":[{"embeddable":true,"href":"https:\/\/thequeenhouse.co.uk\/lt\/wp-json\/wp\/v2\/comments?post=374"}],"wp:featuredmedia":[{"embeddable":true,"href":"https:\/\/thequeenhouse.co.uk\/lt\/wp-json\/wp\/v2\/media\/373"}],"wp:attachment":[{"href":"https:\/\/thequeenhouse.co.uk\/lt\/wp-json\/wp\/v2\/media?parent=374"}],"wp:term":[{"taxonomy":"product_brand","embeddable":true,"href":"https:\/\/thequeenhouse.co.uk\/lt\/wp-json\/wp\/v2\/product_brand?post=374"},{"taxonomy":"product_cat","embeddable":true,"href":"https:\/\/thequeenhouse.co.uk\/lt\/wp-json\/wp\/v2\/product_cat?post=374"},{"taxonomy":"product_tag","embeddable":true,"href":"https:\/\/thequeenhouse.co.uk\/lt\/wp-json\/wp\/v2\/product_tag?post=374"}],"curies":[{"name":"wp","href":"https:\/\/api.w.org\/{rel}","templated":true}]}}