{"id":379,"date":"2024-06-11T18:01:06","date_gmt":"2024-06-11T18:01:41","guid":{"rendered":"https:\/\/thequeenhouse.co.uk\/?post_type=product&#038;p=379"},"modified":"2025-06-30T07:53:05","modified_gmt":"2025-06-30T06:53:05","slug":"saoder-baltuju-perlu-ekstrakto-paakiu-padukai","status":"publish","type":"product","link":"https:\/\/thequeenhouse.co.uk\/lt\/produktas\/saoder-baltuju-perlu-ekstrakto-paakiu-padukai\/","title":{"rendered":",,Saoder\u2019\u2019 Balt\u0173j\u0173 Perl\u0173 Ekstrakto Paaki\u0173 Padukai"},"content":{"rendered":"<p>Prabangi hidrogelio paaki\u0173 kauk\u0117 su perl\u0173 ir j\u016br\u0173 dumbli\u0173 ekstrakt\u0173 kompleksais, skirta odai nuraminti ir dr\u0117kinti, padedanti atgaivinti pavargusi\u0105 aki\u0173 zon\u0105. Perlo konchiolinas sustiprina dr\u0117kinimo efekt\u0105, kad oda i\u0161likt\u0173 sudr\u0117kinta.<\/p>\n<p>Kasdien naudojamos aki\u0173 kauk\u0117s su nat\u016braliais perl\u0173 ekstraktais pad\u0117s kontroliuoti odos b\u016bkl\u0119 po akimis ar bet kurioje kitoje veido vietoje, kurioje naudojate paaki\u0173 kauk\u0119. Kasdienis naudojimas pad\u0117s suma\u017einti paaki\u0173 mai\u0161elius, smulkias rauk\u0161leles ir paburkim\u0105.<\/p>\n","protected":false},"excerpt":{"rendered":"<p>Prabangi hidrogelio paaki\u0173 kauk\u0117 su perl\u0173 ir j\u016br\u0173 dumbli\u0173 ekstrakt\u0173 kompleksais, skirta odai nuraminti ir dr\u0117kinti, padedanti atgaivinti pavargusi\u0105 aki\u0173 zon\u0105. Perlo konchiolinas sustiprina dr\u0117kinimo efekt\u0105, kad oda i\u0161likt\u0173 sudr\u0117kinta.<\/p>\n<p>Kasdien naudojamos aki\u0173 kauk\u0117s su nat\u016braliais perl\u0173 ekstraktais pad\u0117s kontroliuoti odos b\u016bkl\u0119 po akimis ar bet kurioje kitoje veido vietoje, kurioje naudojate paaki\u0173 kauk\u0119. Kasdienis naudojimas pad\u0117s suma\u017einti paaki\u0173 mai\u0161elius, smulkias rauk\u0161leles ir paburkim\u0105.<\/p>\n<p>&nbsp;<\/p>\n","protected":false},"featured_media":378,"comment_status":"open","ping_status":"closed","template":"","meta":[],"product_brand":[],"product_cat":[43,212],"product_tag":[],"class_list":{"0":"post-379","1":"product","2":"type-product","3":"status-publish","4":"has-post-thumbnail","6":"product_cat-grozis","7":"product_cat-veido-prieziuros-priemones","9":"first","10":"outofstock","11":"taxable","12":"shipping-taxable","13":"purchasable","14":"product-type-variable"},"_links":{"self":[{"href":"https:\/\/thequeenhouse.co.uk\/lt\/wp-json\/wp\/v2\/product\/379","targetHints":{"allow":["GET"]}}],"collection":[{"href":"https:\/\/thequeenhouse.co.uk\/lt\/wp-json\/wp\/v2\/product"}],"about":[{"href":"https:\/\/thequeenhouse.co.uk\/lt\/wp-json\/wp\/v2\/types\/product"}],"replies":[{"embeddable":true,"href":"https:\/\/thequeenhouse.co.uk\/lt\/wp-json\/wp\/v2\/comments?post=379"}],"wp:featuredmedia":[{"embeddable":true,"href":"https:\/\/thequeenhouse.co.uk\/lt\/wp-json\/wp\/v2\/media\/378"}],"wp:attachment":[{"href":"https:\/\/thequeenhouse.co.uk\/lt\/wp-json\/wp\/v2\/media?parent=379"}],"wp:term":[{"taxonomy":"product_brand","embeddable":true,"href":"https:\/\/thequeenhouse.co.uk\/lt\/wp-json\/wp\/v2\/product_brand?post=379"},{"taxonomy":"product_cat","embeddable":true,"href":"https:\/\/thequeenhouse.co.uk\/lt\/wp-json\/wp\/v2\/product_cat?post=379"},{"taxonomy":"product_tag","embeddable":true,"href":"https:\/\/thequeenhouse.co.uk\/lt\/wp-json\/wp\/v2\/product_tag?post=379"}],"curies":[{"name":"wp","href":"https:\/\/api.w.org\/{rel}","templated":true}]}}